{"id":721,"date":"2021-12-16T10:37:40","date_gmt":"2021-12-16T10:37:40","guid":{"rendered":"https:\/\/www.agl.ut.ee\/?page_id=721"},"modified":"2024-01-25T07:29:44","modified_gmt":"2024-01-25T07:29:44","slug":"oppeaasta_2021-22","status":"publish","type":"page","link":"https:\/\/www.agl.ut.ee\/?page_id=721","title":{"rendered":"Loengukursus 2021\/22"},"content":{"rendered":"\t\t<div data-elementor-type=\"wp-page\" data-elementor-id=\"721\" class=\"elementor elementor-721\">\n\t\t\t\t\t\t<section class=\"elementor-section elementor-top-section elementor-element elementor-element-bc090f3 elementor-section-boxed elementor-section-height-default elementor-section-height-default\" data-id=\"bc090f3\" data-element_type=\"section\" data-e-type=\"section\">\n\t\t\t\t\t\t<div class=\"elementor-container elementor-column-gap-default\">\n\t\t\t\t\t<div class=\"elementor-column elementor-col-100 elementor-top-column elementor-element elementor-element-ae1dfaa\" data-id=\"ae1dfaa\" data-element_type=\"column\" data-e-type=\"column\">\n\t\t\t<div class=\"elementor-widget-wrap elementor-element-populated\">\n\t\t\t\t\t\t<div class=\"elementor-element elementor-element-99cc5c1 elementor-widget elementor-widget-text-editor\" data-id=\"99cc5c1\" data-element_type=\"widget\" data-e-type=\"widget\" data-widget_type=\"text-editor.default\">\n\t\t\t\t<div class=\"elementor-widget-container\">\n\t\t\t\t\t\t\t\t\t<h3>Kevadsemester<\/h3>\n<h3><span style=\"font-size: 1.5625rem; font-style: inherit;\">L\u00f5una-Eesti etnogenees (HVEE.00.026)<\/span><span style=\"font-style: inherit; color: rgb(58, 58, 58); font-family: &quot;IBM Plex Serif&quot;, serif; font-size: 1rem;\">&nbsp;<\/span><br><\/h3>\n<p>\u00d5ppej\u00f5ud: Karl Pajusalu, Eva Saar, Mari T\u00f5rv<\/p>\n<p>Kursus toimub Tartu \u00dclikooli arheoloogia, geneetika ja lingvistika sidusuuringute kolleegiumi ning L\u00f5una-Eesti keele- ja kultuuriuuringute keskuse koost\u00f6\u00f6na. Kursusel k\u00e4sitletakse mitmesuguseid L\u00f5una-Eesti ajalugu, kultuuri, keelt ja elatusalasid, aga ka geneetilist tausta h\u00f5lmavaid teemasid. Lisaks antakse sissevaade etnogeneesi uurimismeetoditest \u00fcldiselt ning kitsamalt L\u00f5una-Eesti erip\u00e4rasid arvestades.<\/p>\n<p><strong>Loengutest on oodatud osa v\u00f5tma ka huvilised vabakuulajad. Registreeru siin:&nbsp;<\/strong><a href=\"https:\/\/forms.gle\/9ZuEz8iYaYpWV19WA\">https:\/\/forms.gle\/9ZuEz8iYaYpWV19WA<\/a><\/p>\n<p><\/p>\n<h4><span style=\"font-style: inherit;\">Loengute kava:<\/span><\/h4>\n<div><strong>1. Sissejuhatav loeng. <\/strong><\/div>\n<div><strong>16.02.2022<\/strong><\/div>\n<div>&nbsp;<\/div>\n<div>\n<div><span lang=\"ET\">Mis on etnogenees ja sellega seotud v\u00f5tmem\u00f5isted? Kuidas ja miks piiritleda L\u00f5una-Eestit?<\/span><\/div>\n<\/div>\n<div>&nbsp;<\/div>\n<div><span style=\"font-size: 16px;\">\u00d5ppej\u00f5ud: Karl Pajusalu, Anti&nbsp;Selart, Mari T\u00f5rv, Eva Saar<\/span><\/div>\n<div>&nbsp;<\/div>\n<div><strong>2. Etnogeneesi&nbsp;interdistsiplinaarsed&nbsp;uurimismeetodid ja nende rakendamise&nbsp;v\u00f5imalused&nbsp;L\u00f5una-Eesti n\u00e4itel.&nbsp;<\/strong><\/div>\n<div><strong>02.03.2022<\/strong><\/div>\n<div>&nbsp;<\/div>\n<div>\n<div><span lang=\"ET\">Kuidas uurivad etnogeneesi antropoloogid, arheoloogid ja usundiuurijad?<\/span><\/div>\n<\/div>\n<div>&nbsp;<\/div>\n<div>\u00d5ppej\u00f5ud: Art Leete, Valter Lang, Madis Arukask<\/div>\n<div>&nbsp;<\/div>\n<div><strong>3. L\u00f5una-Eesti ja selle naaberalade arheoloogiline kujunemine.&nbsp;<\/strong><\/div>\n<div><strong>&nbsp;09.03.2022<\/strong><\/div>\n<div>&nbsp;<\/div>\n<div>Millal ja kuidas on&nbsp;L\u00f5una-Eesti eristumine n\u00e4htav materiaalses kultuuris?<\/div>\n<div>&nbsp;<\/div>\n<div>\u00d5ppej\u00f5ud: Heiki Valk<\/div>\n<div>&nbsp;<\/div>\n<div><strong>4. &nbsp;L\u00f5una-Eesti ja selle naaberalade geneetiline kujunemine.&nbsp;<\/strong><\/div>\n<div><strong>16.03.2022<\/strong><\/div>\n<div>&nbsp;<\/div>\n<div>Miks l\u00f5unaeestlased&nbsp;erinevad&nbsp;geneetiliselt&nbsp;enim&nbsp;teistest eestlastest?<\/div>\n<div>&nbsp;<\/div>\n<div>\u00d5ppej\u00f5ud: Kristiina&nbsp;Tambets, Mait Metspalu<\/div>\n<div>&nbsp;<\/div>\n<div><strong>5. L\u00f5una-Eesti iseseisvumine l\u00e4\u00e4nemeresoome keele\u00fchtsusest.&nbsp;<\/strong><\/div>\n<div><strong>23.03.2022&nbsp;<\/strong><\/div>\n<div>&nbsp;<\/div>\n<div>Kas on olnud&nbsp;olemas&nbsp;liivi&nbsp;ja l\u00f5unaeesti&nbsp;\u00fchine&nbsp;algkeel?<\/div>\n<div>&nbsp;<\/div>\n<div>\u00d5ppej\u00f5ud: Karl Pajusalu, Miina&nbsp;Norvik<\/div>\n<div>&nbsp;<\/div>\n<div><strong>6. L\u00f5una-Eesti&nbsp;ja selle naaberalade&nbsp;administratiivne kujunemine:&nbsp;muinasmaakondadest&nbsp;t\u00e4nap\u00e4evaste maakondadeni.&nbsp;<\/strong><\/div>\n<div><strong>30.03.2022<\/strong><\/div>\n<div>&nbsp;<\/div>\n<div>\u00d5ppej\u00f5ud: Heiki Valk,&nbsp;Taavi Pae<\/div>\n<div>&nbsp;<\/div>\n<div><strong>7. Etnilised muutused L\u00f5una-Eestis ja nende m\u00f5ju kultuurilisele&nbsp;erip\u00e4rale.&nbsp;<\/strong><\/div>\n<div><strong>6.04.2022<\/strong>&nbsp;<\/div>\n<div>&nbsp;<\/div>\n<div>\u00d5ppej\u00f5ud: Indrek&nbsp;J\u00e4\u00e4ts<\/div>\n<div>&nbsp;<\/div>\n<div><strong>8. L\u00f5una-Eesti erinevate kirikute m\u00f5juv\u00e4ljas. Tartu kirjakeelest l\u00f5unaeesti&nbsp;keelesaarteni.&nbsp;<\/strong><\/div>\n<div><strong>13.04.2022<\/strong><\/div>\n<div>&nbsp;<\/div>\n<div>\u00d5ppej\u00f5ud: Riho Altnurme,&nbsp;<span style=\"font-size: 1rem;\">Szilard&nbsp;T\u00f3th<\/span><\/div>\n<div>&nbsp;<\/div>\n<div><strong>9. L\u00f5una-Eesti kui majanduspiirkond.&nbsp;L\u00f5una-Eesti t\u00f5mbekeskused ja perifeeriad.<\/strong>&nbsp;<\/div>\n<div><strong>20.04.2022<\/strong><\/div>\n<div>&nbsp;<\/div>\n<div>\u00d5ppej\u00f5ud: Maaja Vadi<\/div>\n<div>&nbsp;<\/div>\n<div><strong>10. L\u00f5una-Eesti maastikud, suuline kultuurip\u00e4rand ja l\u00f5unaeesti&nbsp;kirjandus.&nbsp;<\/strong><\/div>\n<div><strong>27.04.2022<\/strong><\/div>\n<div>&nbsp;<\/div>\n<div>\u00d5ppej\u00f5ud: Marju K\u00f5ivupuu,&nbsp;Mart Velsker<\/div>\n<div>&nbsp;<\/div>\n<div><strong>11. &nbsp;L\u00f5una-Eesti sotsiaalne d\u00fcnaamika: kas \u00e4\u00e4remaastumine on paratamatu?<\/strong><\/div>\n<div><strong>04.05.2022<\/strong><\/div>\n<div>&nbsp;<\/div>\n<div>\u00d5ppej\u00f5ud: Tiit Tammaru&nbsp;<\/div>\t\t\t\t\t\t\t\t<\/div>\n\t\t\t\t<\/div>\n\t\t\t\t\t<\/div>\n\t\t<\/div>\n\t\t\t\t\t<\/div>\n\t\t<\/section>\n\t\t\t\t<\/div>\n\t\t","protected":false},"excerpt":{"rendered":"<p>Kevadsemester L\u00f5una-Eesti etnogenees (HVEE.00.026)&nbsp; \u00d5ppej\u00f5ud: Karl Pajusalu, Eva Saar, Mari T\u00f5rv Kursus toimub Tartu \u00dclikooli arheoloogia, geneetika ja lingvistika sidusuuringute kolleegiumi ning L\u00f5una-Eesti keele- ja kultuuriuuringute keskuse koost\u00f6\u00f6na. Kursusel k\u00e4sitletakse mitmesuguseid L\u00f5una-Eesti ajalugu, kultuuri, keelt ja elatusalasid, aga ka geneetilist tausta h\u00f5lmavaid teemasid. Lisaks antakse sissevaade etnogeneesi uurimismeetoditest \u00fcldiselt ning kitsamalt L\u00f5una-Eesti erip\u00e4rasid arvestades. Loengutest [&hellip;]<\/p>\n","protected":false},"author":1,"featured_media":0,"parent":0,"menu_order":0,"comment_status":"closed","ping_status":"closed","template":"","meta":{"_monsterinsights_skip_tracking":false,"_monsterinsights_sitenote_active":false,"_monsterinsights_sitenote_note":"","_monsterinsights_sitenote_category":0,"site-sidebar-layout":"no-sidebar","site-content-layout":"page-builder","ast-site-content-layout":"","site-content-style":"default","site-sidebar-style":"default","ast-global-header-display":"","ast-banner-title-visibility":"","ast-main-header-display":"","ast-hfb-above-header-display":"","ast-hfb-below-header-display":"","ast-hfb-mobile-header-display":"","site-post-title":"disabled","ast-breadcrumbs-content":"","ast-featured-img":"disabled","footer-sml-layout":"","theme-transparent-header-meta":"default","adv-header-id-meta":"","stick-header-meta":"","header-above-stick-meta":"","header-main-stick-meta":"","header-below-stick-meta":"","astra-migrate-meta-layouts":"default","ast-page-background-enabled":"default","ast-page-background-meta":{"desktop":{"background-color":"var(--ast-global-color-4)","background-image":"","background-repeat":"repeat","background-position":"center center","background-size":"auto","background-attachment":"scroll","background-type":"","background-media":"","overlay-type":"","overlay-color":"","overlay-opacity":"","overlay-gradient":""},"tablet":{"background-color":"","background-image":"","background-repeat":"repeat","background-position":"center center","background-size":"auto","background-attachment":"scroll","background-type":"","background-media":"","overlay-type":"","overlay-color":"","overlay-opacity":"","overlay-gradient":""},"mobile":{"background-color":"","background-image":"","background-repeat":"repeat","background-position":"center center","background-size":"auto","background-attachment":"scroll","background-type":"","background-media":"","overlay-type":"","overlay-color":"","overlay-opacity":"","overlay-gradient":""}},"ast-content-background-meta":{"desktop":{"background-color":"var(--ast-global-color-5)","background-image":"","background-repeat":"repeat","background-position":"center center","background-size":"auto","background-attachment":"scroll","background-type":"","background-media":"","overlay-type":"","overlay-color":"","overlay-opacity":"","overlay-gradient":""},"tablet":{"background-color":"var(--ast-global-color-5)","background-image":"","background-repeat":"repeat","background-position":"center center","background-size":"auto","background-attachment":"scroll","background-type":"","background-media":"","overlay-type":"","overlay-color":"","overlay-opacity":"","overlay-gradient":""},"mobile":{"background-color":"var(--ast-global-color-5)","background-image":"","background-repeat":"repeat","background-position":"center center","background-size":"auto","background-attachment":"scroll","background-type":"","background-media":"","overlay-type":"","overlay-color":"","overlay-opacity":"","overlay-gradient":""}},"footnotes":""},"class_list":["post-721","page","type-page","status-publish","hentry"],"_links":{"self":[{"href":"https:\/\/www.agl.ut.ee\/index.php?rest_route=\/wp\/v2\/pages\/721","targetHints":{"allow":["GET"]}}],"collection":[{"href":"https:\/\/www.agl.ut.ee\/index.php?rest_route=\/wp\/v2\/pages"}],"about":[{"href":"https:\/\/www.agl.ut.ee\/index.php?rest_route=\/wp\/v2\/types\/page"}],"author":[{"embeddable":true,"href":"https:\/\/www.agl.ut.ee\/index.php?rest_route=\/wp\/v2\/users\/1"}],"replies":[{"embeddable":true,"href":"https:\/\/www.agl.ut.ee\/index.php?rest_route=%2Fwp%2Fv2%2Fcomments&post=721"}],"version-history":[{"count":33,"href":"https:\/\/www.agl.ut.ee\/index.php?rest_route=\/wp\/v2\/pages\/721\/revisions"}],"predecessor-version":[{"id":1384,"href":"https:\/\/www.agl.ut.ee\/index.php?rest_route=\/wp\/v2\/pages\/721\/revisions\/1384"}],"wp:attachment":[{"href":"https:\/\/www.agl.ut.ee\/index.php?rest_route=%2Fwp%2Fv2%2Fmedia&parent=721"}],"curies":[{"name":"wp","href":"https:\/\/api.w.org\/{rel}","templated":true}]}}