{"id":613,"date":"2021-05-25T13:39:31","date_gmt":"2021-05-25T13:39:31","guid":{"rendered":"https:\/\/www.agl.ut.ee\/?page_id=613"},"modified":"2021-05-26T10:35:25","modified_gmt":"2021-05-26T10:35:25","slug":"elementor-613","status":"publish","type":"page","link":"https:\/\/www.agl.ut.ee\/?page_id=613","title":{"rendered":"Uudised"},"content":{"rendered":"\t\t<div data-elementor-type=\"wp-page\" data-elementor-id=\"613\" class=\"elementor elementor-613\">\n\t\t\t\t\t\t<section class=\"elementor-section elementor-top-section elementor-element elementor-element-0979798 elementor-section-boxed elementor-section-height-default elementor-section-height-default\" data-id=\"0979798\" data-element_type=\"section\" data-e-type=\"section\">\n\t\t\t\t\t\t<div class=\"elementor-container elementor-column-gap-default\">\n\t\t\t\t\t<div class=\"elementor-column elementor-col-100 elementor-top-column elementor-element elementor-element-f777266\" data-id=\"f777266\" data-element_type=\"column\" data-e-type=\"column\">\n\t\t\t<div class=\"elementor-widget-wrap elementor-element-populated\">\n\t\t\t\t\t\t<div class=\"elementor-element elementor-element-a74f083 premium-blog-align-left elementor-widget elementor-widget-premium-addon-blog\" data-id=\"a74f083\" data-element_type=\"widget\" data-e-type=\"widget\" data-settings=\"{&quot;premium_blog_columns_number&quot;:&quot;33.33%&quot;,&quot;premium_blog_grid&quot;:&quot;yes&quot;,&quot;premium_blog_layout&quot;:&quot;even&quot;,&quot;premium_blog_columns_number_tablet&quot;:&quot;50%&quot;,&quot;premium_blog_columns_number_mobile&quot;:&quot;100%&quot;}\" data-widget_type=\"premium-addon-blog.default\">\n\t\t\t\t<div class=\"elementor-widget-container\">\n\t\t\t\t\t\r\n\t\t\r\n\r\n\t\t\t\t<div class=\"premium-blog-wrap  premium-blog-even\" data-page=\"613\">\r\n\t\t\t\t\t\t\t\t\t<div class=\"premium-blog-post-outer-container\" data-total=\"4\">\r\n\t\t\t<div class=\"premium-blog-post-container premium-blog-skin-modern\">\r\n\t\t\t\t\t\t\t\t\t<div class=\"premium-blog-thumb-effect-wrapper\">\r\n\t\t\t\t\t\t<div class=\"premium-blog-thumbnail-container premium-blog-zoomin-effect\">\r\n\t\t\t\t\t\t\t\t\t\t\t<a href=\"https:\/\/www.agl.ut.ee\/?p=1855\" target=\"_blank\">\r\n\t\t\t\t<img fetchpriority=\"high\" decoding=\"async\" width=\"1024\" height=\"768\" src=\"https:\/\/www.agl.ut.ee\/wp-content\/uploads\/2025\/09\/naitus_2-1024x768.jpg\" class=\"attachment-large size-large wp-image-1857\" alt=\"\" srcset=\"https:\/\/www.agl.ut.ee\/wp-content\/uploads\/2025\/09\/naitus_2-1024x768.jpg 1024w, https:\/\/www.agl.ut.ee\/wp-content\/uploads\/2025\/09\/naitus_2-300x225.jpg 300w, https:\/\/www.agl.ut.ee\/wp-content\/uploads\/2025\/09\/naitus_2-768x576.jpg 768w, https:\/\/www.agl.ut.ee\/wp-content\/uploads\/2025\/09\/naitus_2-1536x1152.jpg 1536w, https:\/\/www.agl.ut.ee\/wp-content\/uploads\/2025\/09\/naitus_2.jpg 2048w\" sizes=\"(max-width: 1024px) 100vw, 1024px\" \/>\t\t\t\t<\/a>\r\n\t\t\t\t\t\t\t\t\t\t<\/div>\r\n\t\t\t\t\t\t\t\t\t\t\t\t\t<div class=\"premium-blog-effect-container premium-blog-framed-effect\">\r\n\t\t\t\t\t\t\t\t<a class=\"premium-blog-post-link\" href=\"https:\/\/www.agl.ut.ee\/?p=1855\" target=\"_blank\"><span>Foton\u00e4itus \u201eSajandi jagu soome-ugri kohtumisi. Fotoj\u00e4\u00e4dvustusi uurijate v\u00e4lit\u00f6\u00f6delt keelesugulaste juurde&#8221;<\/span><\/a>\r\n\t\t\t\t\t\t\t\t\t\t\t\t\t\t\t<\/div>\r\n\t\t\t\t\t\t\t\t\t\t\t<\/div>\r\n\t\t\t\t\t\t\t\t\t\t\t\t<div class=\"premium-blog-content-wrapper \">\r\n\r\n\t\t\t\t\t<div class=\"premium-blog-inner-container\">\r\n\r\n\t\t\t\t\t\t\t\t\t\t\t\t\t\t<h1 class=\"premium-blog-entry-title\">\r\n\t\t\t<a href=\"https:\/\/www.agl.ut.ee\/?p=1855\" target=\"_blank\">\r\n\t\t\t\tFoton\u00e4itus \u201eSajandi jagu soome-ugri kohtumisi. Fotoj\u00e4\u00e4dvustusi uurijate v\u00e4lit\u00f6\u00f6delt keelesugulaste juurde&#8221;\t\t\t<\/a>\r\n\t\t<\/h1>\r\n\t\t\t\t<div class=\"premium-blog-entry-meta\">\r\n\t\t\t\t\t\t\t<div class=\"premium-blog-post-author premium-blog-meta-data\">\r\n\t\t\t\t\t<i class=\"fa fa-user fa-fw\" aria-hidden=\"true\"><\/i>\r\n\t\t\t\t\t<a href=\"https:\/\/www.agl.ut.ee\/?author=2\" title=\"Posts by Sandra\" rel=\"author\">Sandra<\/a>\t\t\t\t<\/div>\r\n\t\t\t\r\n\t\t\t\t\t\t\t<span class=\"premium-blog-meta-separator\">\u2022<\/span>\r\n\t\t\t\t<div class=\"premium-blog-post-time premium-blog-meta-data\">\r\n\t\t\t\t\t<i class=\"fa fa-calendar-alt\" aria-hidden=\"true\"><\/i>\r\n\t\t\t\t\t<span>September 22, 2025<\/span>\r\n\t\t\t\t<\/div>\r\n\t\t\t\r\n\t\t\t\r\n\t\t\t\t\t<\/div>\r\n\t\t\r\n\t\t\t\t\t<\/div>\r\n\r\n\t\t\t\t\t\t\t<div class=\"premium-blog-content-inner-wrapper\">\r\n\t\t<p class=\"premium-blog-post-content\">18. augustil avati rahvusvahelise fennougristika kongressi (CIFU) raames Jakobi 2 hoone trepigaleriis foton\u00e4itus nimega \u201eSajandi jagu soome-ugri kohtumisi. Fotoj\u00e4\u00e4dvustusi uurijate v\u00e4lit\u00f6\u00f6delt keelesugulaste \u2026<\/p>\t\t<\/div>\r\n\t\t\t\t\t\t\t\r\n\t\t\t\t<\/div>\r\n\t\t\t<\/div>\r\n\t\t<\/div>\r\n\r\n\t\t\t\t<div class=\"premium-blog-post-outer-container\" data-total=\"4\">\r\n\t\t\t<div class=\"premium-blog-post-container premium-blog-skin-modern\">\r\n\t\t\t\t\t\t\t\t\t<div class=\"premium-blog-thumb-effect-wrapper\">\r\n\t\t\t\t\t\t<div class=\"premium-blog-thumbnail-container premium-blog-zoomin-effect\">\r\n\t\t\t\t\t\t\t\t\t\t\t<a href=\"https:\/\/www.agl.ut.ee\/?p=1711\" target=\"_blank\">\r\n\t\t\t\t<img decoding=\"async\" width=\"1024\" height=\"768\" src=\"https:\/\/www.agl.ut.ee\/wp-content\/uploads\/2024\/12\/Messenger_creation_4F011CB0-DBB9-45C3-ABC6-A0928EA491FC-1-1024x768.jpeg\" class=\"attachment-large size-large wp-image-1726\" alt=\"Eesti juurte tippkeskus\" srcset=\"https:\/\/www.agl.ut.ee\/wp-content\/uploads\/2024\/12\/Messenger_creation_4F011CB0-DBB9-45C3-ABC6-A0928EA491FC-1-1024x768.jpeg 1024w, https:\/\/www.agl.ut.ee\/wp-content\/uploads\/2024\/12\/Messenger_creation_4F011CB0-DBB9-45C3-ABC6-A0928EA491FC-1-300x225.jpeg 300w, https:\/\/www.agl.ut.ee\/wp-content\/uploads\/2024\/12\/Messenger_creation_4F011CB0-DBB9-45C3-ABC6-A0928EA491FC-1-768x576.jpeg 768w, https:\/\/www.agl.ut.ee\/wp-content\/uploads\/2024\/12\/Messenger_creation_4F011CB0-DBB9-45C3-ABC6-A0928EA491FC-1-1536x1152.jpeg 1536w, https:\/\/www.agl.ut.ee\/wp-content\/uploads\/2024\/12\/Messenger_creation_4F011CB0-DBB9-45C3-ABC6-A0928EA491FC-1.jpeg 2048w\" sizes=\"(max-width: 1024px) 100vw, 1024px\" \/>\t\t\t\t<\/a>\r\n\t\t\t\t\t\t\t\t\t\t<\/div>\r\n\t\t\t\t\t\t\t\t\t\t\t\t\t<div class=\"premium-blog-effect-container premium-blog-framed-effect\">\r\n\t\t\t\t\t\t\t\t<a class=\"premium-blog-post-link\" href=\"https:\/\/www.agl.ut.ee\/?p=1711\" target=\"_blank\"><span>Aasta projekt 2024<\/span><\/a>\r\n\t\t\t\t\t\t\t\t\t\t\t\t\t\t\t<\/div>\r\n\t\t\t\t\t\t\t\t\t\t\t<\/div>\r\n\t\t\t\t\t\t\t\t\t\t\t\t<div class=\"premium-blog-content-wrapper \">\r\n\r\n\t\t\t\t\t<div class=\"premium-blog-inner-container\">\r\n\r\n\t\t\t\t\t\t\t\t\t\t\t\t\t\t<h1 class=\"premium-blog-entry-title\">\r\n\t\t\t<a href=\"https:\/\/www.agl.ut.ee\/?p=1711\" target=\"_blank\">\r\n\t\t\t\tAasta projekt 2024\t\t\t<\/a>\r\n\t\t<\/h1>\r\n\t\t\t\t<div class=\"premium-blog-entry-meta\">\r\n\t\t\t\t\t\t\t<div class=\"premium-blog-post-author premium-blog-meta-data\">\r\n\t\t\t\t\t<i class=\"fa fa-user fa-fw\" aria-hidden=\"true\"><\/i>\r\n\t\t\t\t\t<a href=\"https:\/\/www.agl.ut.ee\/?author=3\" title=\"Posts by Miina\" rel=\"author\">Miina<\/a>\t\t\t\t<\/div>\r\n\t\t\t\r\n\t\t\t\t\t\t\t<span class=\"premium-blog-meta-separator\">\u2022<\/span>\r\n\t\t\t\t<div class=\"premium-blog-post-time premium-blog-meta-data\">\r\n\t\t\t\t\t<i class=\"fa fa-calendar-alt\" aria-hidden=\"true\"><\/i>\r\n\t\t\t\t\t<span>December 17, 2024<\/span>\r\n\t\t\t\t<\/div>\r\n\t\t\t\r\n\t\t\t\r\n\t\t\t\t\t<\/div>\r\n\t\t\r\n\t\t\t\t\t<\/div>\r\n\r\n\t\t\t\t\t\t\t<div class=\"premium-blog-content-inner-wrapper\">\r\n\t\t<p class=\"premium-blog-post-content\">Tartu \u00dclikooli humanitaarteaduste ja kunstide valdkonna j\u00f5ulupeol, 12. detsembril, anti v\u00e4lja iga-aastased tunnustused kuues kategoorias. Aasta projektiks kuulutati jaanuaris alustanud Eesti Juurte \u2026<\/p>\t\t<\/div>\r\n\t\t\t\t\t\t\t\r\n\t\t\t\t<\/div>\r\n\t\t\t<\/div>\r\n\t\t<\/div>\r\n\r\n\t\t\t\t<div class=\"premium-blog-post-outer-container\" data-total=\"4\">\r\n\t\t\t<div class=\"premium-blog-post-container premium-blog-skin-modern\">\r\n\t\t\t\t\t\t\t\t\t<div class=\"premium-blog-thumb-effect-wrapper\">\r\n\t\t\t\t\t\t<div class=\"premium-blog-thumbnail-container premium-blog-zoomin-effect\">\r\n\t\t\t\t\t\t\t\t\t\t\t<a href=\"https:\/\/www.agl.ut.ee\/?p=1490\" target=\"_blank\">\r\n\t\t\t\t<img decoding=\"async\" width=\"751\" height=\"697\" src=\"https:\/\/www.agl.ut.ee\/wp-content\/uploads\/2024\/02\/PisipiltEJ.jpg\" class=\"attachment-large size-large wp-image-1511\" alt=\"\" srcset=\"https:\/\/www.agl.ut.ee\/wp-content\/uploads\/2024\/02\/PisipiltEJ.jpg 751w, https:\/\/www.agl.ut.ee\/wp-content\/uploads\/2024\/02\/PisipiltEJ-300x278.jpg 300w\" sizes=\"(max-width: 751px) 100vw, 751px\" \/>\t\t\t\t<\/a>\r\n\t\t\t\t\t\t\t\t\t\t<\/div>\r\n\t\t\t\t\t\t\t\t\t\t\t\t\t<div class=\"premium-blog-effect-container premium-blog-framed-effect\">\r\n\t\t\t\t\t\t\t\t<a class=\"premium-blog-post-link\" href=\"https:\/\/www.agl.ut.ee\/?p=1490\" target=\"_blank\"><span>Eesti Juurte tippkeskus<\/span><\/a>\r\n\t\t\t\t\t\t\t\t\t\t\t\t\t\t\t<\/div>\r\n\t\t\t\t\t\t\t\t\t\t\t<\/div>\r\n\t\t\t\t\t\t\t\t\t\t\t\t<div class=\"premium-blog-content-wrapper \">\r\n\r\n\t\t\t\t\t<div class=\"premium-blog-inner-container\">\r\n\r\n\t\t\t\t\t\t\t\t\t\t\t\t\t\t<h1 class=\"premium-blog-entry-title\">\r\n\t\t\t<a href=\"https:\/\/www.agl.ut.ee\/?p=1490\" target=\"_blank\">\r\n\t\t\t\tEesti Juurte tippkeskus\t\t\t<\/a>\r\n\t\t<\/h1>\r\n\t\t\t\t<div class=\"premium-blog-entry-meta\">\r\n\t\t\t\t\t\t\t<div class=\"premium-blog-post-author premium-blog-meta-data\">\r\n\t\t\t\t\t<i class=\"fa fa-user fa-fw\" aria-hidden=\"true\"><\/i>\r\n\t\t\t\t\t<a href=\"https:\/\/www.agl.ut.ee\/?author=3\" title=\"Posts by Miina\" rel=\"author\">Miina<\/a>\t\t\t\t<\/div>\r\n\t\t\t\r\n\t\t\t\t\t\t\t<span class=\"premium-blog-meta-separator\">\u2022<\/span>\r\n\t\t\t\t<div class=\"premium-blog-post-time premium-blog-meta-data\">\r\n\t\t\t\t\t<i class=\"fa fa-calendar-alt\" aria-hidden=\"true\"><\/i>\r\n\t\t\t\t\t<span>January 25, 2024<\/span>\r\n\t\t\t\t<\/div>\r\n\t\t\t\r\n\t\t\t\r\n\t\t\t\t\t<\/div>\r\n\t\t\r\n\t\t\t\t\t<\/div>\r\n\r\n\t\t\t\t\t\t\t<div class=\"premium-blog-content-inner-wrapper\">\r\n\t\t<p class=\"premium-blog-post-content\">Prof Kristiina Tambetsi (Tartu \u00dclikooli genoomika instituut) juhtimisel alustas 2024. a jaanuarist teiste tippkeskuste&nbsp;seas tegutsemist ka Eesti juured: rahvastiku ja kultuuri kujunemise \u2026<\/p>\t\t<\/div>\r\n\t\t\t\t\t\t\t\r\n\t\t\t\t<\/div>\r\n\t\t\t<\/div>\r\n\t\t<\/div>\r\n\r\n\t\t\t\t<div class=\"premium-blog-post-outer-container\" data-total=\"4\">\r\n\t\t\t<div class=\"premium-blog-post-container premium-blog-skin-modern\">\r\n\t\t\t\t\t\t\t\t\t<div class=\"premium-blog-thumb-effect-wrapper\">\r\n\t\t\t\t\t\t<div class=\"premium-blog-thumbnail-container premium-blog-zoomin-effect\">\r\n\t\t\t\t\t\t\t\t\t\t\t<a href=\"https:\/\/www.agl.ut.ee\/?p=1220\" target=\"_blank\">\r\n\t\t\t\t<img loading=\"lazy\" decoding=\"async\" width=\"660\" height=\"569\" src=\"https:\/\/www.agl.ut.ee\/wp-content\/uploads\/2023\/09\/TRVkonverents-pisipilt-1.jpg\" class=\"attachment-large size-large wp-image-1268\" alt=\"\" srcset=\"https:\/\/www.agl.ut.ee\/wp-content\/uploads\/2023\/09\/TRVkonverents-pisipilt-1.jpg 660w, https:\/\/www.agl.ut.ee\/wp-content\/uploads\/2023\/09\/TRVkonverents-pisipilt-1-300x259.jpg 300w\" sizes=\"(max-width: 660px) 100vw, 660px\" \/>\t\t\t\t<\/a>\r\n\t\t\t\t\t\t\t\t\t\t<\/div>\r\n\t\t\t\t\t\t\t\t\t\t\t\t\t<div class=\"premium-blog-effect-container premium-blog-framed-effect\">\r\n\t\t\t\t\t\t\t\t<a class=\"premium-blog-post-link\" href=\"https:\/\/www.agl.ut.ee\/?p=1220\" target=\"_blank\"><span>Rahvusvaheline konverents &#8220;L\u00e4\u00e4nemere kontaktid&#8221;<\/span><\/a>\r\n\t\t\t\t\t\t\t\t\t\t\t\t\t\t\t<\/div>\r\n\t\t\t\t\t\t\t\t\t\t\t<\/div>\r\n\t\t\t\t\t\t\t\t\t\t\t\t<div class=\"premium-blog-content-wrapper \">\r\n\r\n\t\t\t\t\t<div class=\"premium-blog-inner-container\">\r\n\r\n\t\t\t\t\t\t\t\t\t\t\t\t\t\t<h1 class=\"premium-blog-entry-title\">\r\n\t\t\t<a href=\"https:\/\/www.agl.ut.ee\/?p=1220\" target=\"_blank\">\r\n\t\t\t\tRahvusvaheline konverents &#8220;L\u00e4\u00e4nemere kontaktid&#8221;\t\t\t<\/a>\r\n\t\t<\/h1>\r\n\t\t\t\t<div class=\"premium-blog-entry-meta\">\r\n\t\t\t\t\t\t\t<div class=\"premium-blog-post-author premium-blog-meta-data\">\r\n\t\t\t\t\t<i class=\"fa fa-user fa-fw\" aria-hidden=\"true\"><\/i>\r\n\t\t\t\t\t<a href=\"https:\/\/www.agl.ut.ee\/?author=3\" title=\"Posts by Miina\" rel=\"author\">Miina<\/a>\t\t\t\t<\/div>\r\n\t\t\t\r\n\t\t\t\t\t\t\t<span class=\"premium-blog-meta-separator\">\u2022<\/span>\r\n\t\t\t\t<div class=\"premium-blog-post-time premium-blog-meta-data\">\r\n\t\t\t\t\t<i class=\"fa fa-calendar-alt\" aria-hidden=\"true\"><\/i>\r\n\t\t\t\t\t<span>September 14, 2023<\/span>\r\n\t\t\t\t<\/div>\r\n\t\t\t\r\n\t\t\t\r\n\t\t\t\t\t<\/div>\r\n\t\t\r\n\t\t\t\t\t<\/div>\r\n\r\n\t\t\t\t\t\t\t<div class=\"premium-blog-content-inner-wrapper\">\r\n\t\t<p class=\"premium-blog-post-content\">5.-6. oktoobril 2023 toimub Tartus rahvusvaheline konverents &#8220;Finnic Contacts&#8221; (&#8220;L\u00e4\u00e4nemere kontaktid&#8221;), mis toob kokku erinevate erialade esindajad Eestist ja v\u00e4lismaalt.&nbsp;Esimesel p\u00e4eval toimuvad \u2026<\/p>\t\t<\/div>\r\n\t\t\t\t\t\t\t\r\n\t\t\t\t<\/div>\r\n\t\t\t<\/div>\r\n\t\t<\/div>\r\n\r\n\t\t\t\t\t\t\t<\/div>\r\n\r\n\t\t\r\n\t\t\r\n\t\t\t\t\t\t<\/div>\n\t\t\t\t<\/div>\n\t\t\t\t\t<\/div>\n\t\t<\/div>\n\t\t\t\t\t<\/div>\n\t\t<\/section>\n\t\t\t\t<\/div>\n\t\t","protected":false},"excerpt":{"rendered":"<p>T\u00dc arheoloogia, geneetika ja lingvistika sidususuuringute kolleegiumi liige, geneetik Kristiina Tambets valiti professoriks admin \u2022 mai 1, 2021 30. aprillil valis Tartu \u00dclikooli senat arheogenoomika professoriks Kristiina Tambetsi. Valituks osutumine on oluline tunnustust Tabetsi pikajalisele t\u00f6\u00f6le, uurimaks inimeste demograafilist ajalugu \u2026 T\u00dc arheoloogia, geneetika ja lingvistika sidususuuringute \u00fchisloengus saavad osaleda k\u00f5ik admin \u2022 veebruar 25, [&hellip;]<\/p>\n","protected":false},"author":1,"featured_media":0,"parent":0,"menu_order":0,"comment_status":"closed","ping_status":"closed","template":"","meta":{"_monsterinsights_skip_tracking":false,"_monsterinsights_sitenote_active":false,"_monsterinsights_sitenote_note":"","_monsterinsights_sitenote_category":0,"site-sidebar-layout":"default","site-content-layout":"default","ast-site-content-layout":"","site-content-style":"default","site-sidebar-style":"default","ast-global-header-display":"","ast-banner-title-visibility":"","ast-main-header-display":"","ast-hfb-above-header-display":"","ast-hfb-below-header-display":"","ast-hfb-mobile-header-display":"","site-post-title":"","ast-breadcrumbs-content":"","ast-featured-img":"","footer-sml-layout":"","theme-transparent-header-meta":"default","adv-header-id-meta":"","stick-header-meta":"","header-above-stick-meta":"","header-main-stick-meta":"","header-below-stick-meta":"","astra-migrate-meta-layouts":"default","ast-page-background-enabled":"default","ast-page-background-meta":{"desktop":{"background-color":"var(--ast-global-color-4)","background-image":"","background-repeat":"repeat","background-position":"center center","background-size":"auto","background-attachment":"scroll","background-type":"","background-media":"","overlay-type":"","overlay-color":"","overlay-opacity":"","overlay-gradient":""},"tablet":{"background-color":"","background-image":"","background-repeat":"repeat","background-position":"center center","background-size":"auto","background-attachment":"scroll","background-type":"","background-media":"","overlay-type":"","overlay-color":"","overlay-opacity":"","overlay-gradient":""},"mobile":{"background-color":"","background-image":"","background-repeat":"repeat","background-position":"center center","background-size":"auto","background-attachment":"scroll","background-type":"","background-media":"","overlay-type":"","overlay-color":"","overlay-opacity":"","overlay-gradient":""}},"ast-content-background-meta":{"desktop":{"background-color":"var(--ast-global-color-5)","background-image":"","background-repeat":"repeat","background-position":"center center","background-size":"auto","background-attachment":"scroll","background-type":"","background-media":"","overlay-type":"","overlay-color":"","overlay-opacity":"","overlay-gradient":""},"tablet":{"background-color":"var(--ast-global-color-5)","background-image":"","background-repeat":"repeat","background-position":"center center","background-size":"auto","background-attachment":"scroll","background-type":"","background-media":"","overlay-type":"","overlay-color":"","overlay-opacity":"","overlay-gradient":""},"mobile":{"background-color":"var(--ast-global-color-5)","background-image":"","background-repeat":"repeat","background-position":"center center","background-size":"auto","background-attachment":"scroll","background-type":"","background-media":"","overlay-type":"","overlay-color":"","overlay-opacity":"","overlay-gradient":""}},"footnotes":""},"class_list":["post-613","page","type-page","status-publish","hentry"],"_links":{"self":[{"href":"https:\/\/www.agl.ut.ee\/index.php?rest_route=\/wp\/v2\/pages\/613","targetHints":{"allow":["GET"]}}],"collection":[{"href":"https:\/\/www.agl.ut.ee\/index.php?rest_route=\/wp\/v2\/pages"}],"about":[{"href":"https:\/\/www.agl.ut.ee\/index.php?rest_route=\/wp\/v2\/types\/page"}],"author":[{"embeddable":true,"href":"https:\/\/www.agl.ut.ee\/index.php?rest_route=\/wp\/v2\/users\/1"}],"replies":[{"embeddable":true,"href":"https:\/\/www.agl.ut.ee\/index.php?rest_route=%2Fwp%2Fv2%2Fcomments&post=613"}],"version-history":[{"count":9,"href":"https:\/\/www.agl.ut.ee\/index.php?rest_route=\/wp\/v2\/pages\/613\/revisions"}],"predecessor-version":[{"id":661,"href":"https:\/\/www.agl.ut.ee\/index.php?rest_route=\/wp\/v2\/pages\/613\/revisions\/661"}],"wp:attachment":[{"href":"https:\/\/www.agl.ut.ee\/index.php?rest_route=%2Fwp%2Fv2%2Fmedia&parent=613"}],"curies":[{"name":"wp","href":"https:\/\/api.w.org\/{rel}","templated":true}]}}