{"id":516,"date":"2020-06-16T13:42:45","date_gmt":"2020-06-16T13:42:45","guid":{"rendered":"https:\/\/www.agl.ut.ee\/?page_id=516"},"modified":"2021-05-21T13:13:38","modified_gmt":"2021-05-21T13:13:38","slug":"articles","status":"publish","type":"page","link":"https:\/\/www.agl.ut.ee\/?page_id=516&lang=en","title":{"rendered":"Articles"},"content":{"rendered":"\t\t<div data-elementor-type=\"wp-page\" data-elementor-id=\"516\" class=\"elementor elementor-516\">\n\t\t\t\t\t\t<section class=\"elementor-section elementor-top-section elementor-element elementor-element-10473fb elementor-section-boxed elementor-section-height-default elementor-section-height-default\" data-id=\"10473fb\" data-element_type=\"section\" data-e-type=\"section\">\n\t\t\t\t\t\t<div class=\"elementor-container elementor-column-gap-default\">\n\t\t\t\t\t<div class=\"elementor-column elementor-col-100 elementor-top-column elementor-element elementor-element-0068d84\" data-id=\"0068d84\" data-element_type=\"column\" data-e-type=\"column\">\n\t\t\t<div class=\"elementor-widget-wrap elementor-element-populated\">\n\t\t\t\t\t\t<div class=\"elementor-element elementor-element-597dc69 elementor-widget elementor-widget-image\" data-id=\"597dc69\" data-element_type=\"widget\" data-e-type=\"widget\" data-widget_type=\"image.default\">\n\t\t\t\t<div class=\"elementor-widget-container\">\n\t\t\t\t\t\t\t\t\t\t\t\t\t\t\t<img decoding=\"async\" src=\"https:\/\/www.agl.ut.ee\/wp-content\/uploads\/elementor\/thumbs\/jp_hion_ty_kevad_2017_147-orxdpub6hhwqsd5nwxy5vskpwjsqpgwt6qebm6j894.jpg\" title=\"jp_hion_ty_kevad_2017_147\" alt=\"jp_hion_ty_kevad_2017_147\" loading=\"lazy\" \/>\t\t\t\t\t\t\t\t\t\t\t\t\t\t\t<\/div>\n\t\t\t\t<\/div>\n\t\t\t\t\t<\/div>\n\t\t<\/div>\n\t\t\t\t\t<\/div>\n\t\t<\/section>\n\t\t\t\t<section class=\"elementor-section elementor-top-section elementor-element elementor-element-d9d56ad elementor-section-boxed elementor-section-height-default elementor-section-height-default\" data-id=\"d9d56ad\" data-element_type=\"section\" data-e-type=\"section\">\n\t\t\t\t\t\t<div class=\"elementor-container elementor-column-gap-default\">\n\t\t\t\t\t<div class=\"elementor-column elementor-col-100 elementor-top-column elementor-element elementor-element-a996605\" data-id=\"a996605\" data-element_type=\"column\" data-e-type=\"column\">\n\t\t\t<div class=\"elementor-widget-wrap elementor-element-populated\">\n\t\t\t\t\t\t<div class=\"elementor-element elementor-element-5915433 elementor-widget elementor-widget-heading\" data-id=\"5915433\" data-element_type=\"widget\" data-e-type=\"widget\" data-widget_type=\"heading.default\">\n\t\t\t\t<div class=\"elementor-widget-container\">\n\t\t\t\t\t<h2 class=\"elementor-heading-title elementor-size-default\">Sort by year<\/h2>\t\t\t\t<\/div>\n\t\t\t\t<\/div>\n\t\t\t\t\t<\/div>\n\t\t<\/div>\n\t\t\t\t\t<\/div>\n\t\t<\/section>\n\t\t\t\t<section class=\"elementor-section elementor-top-section elementor-element elementor-element-a279ec3 elementor-section-boxed elementor-section-height-default elementor-section-height-default\" data-id=\"a279ec3\" data-element_type=\"section\" data-e-type=\"section\">\n\t\t\t\t\t\t<div class=\"elementor-container elementor-column-gap-default\">\n\t\t\t\t\t<div class=\"elementor-column elementor-col-100 elementor-top-column elementor-element elementor-element-d56349f\" data-id=\"d56349f\" data-element_type=\"column\" data-e-type=\"column\">\n\t\t\t<div class=\"elementor-widget-wrap elementor-element-populated\">\n\t\t\t\t\t\t<div class=\"elementor-element elementor-element-2bacb0f elementor-tabs-view-horizontal elementor-widget elementor-widget-tabs\" data-id=\"2bacb0f\" data-element_type=\"widget\" data-e-type=\"widget\" data-widget_type=\"tabs.default\">\n\t\t\t\t<div class=\"elementor-widget-container\">\n\t\t\t\t\t\t\t<div class=\"elementor-tabs\">\n\t\t\t<div class=\"elementor-tabs-wrapper\" role=\"tablist\" >\n\t\t\t\t\t\t\t\t\t<div id=\"elementor-tab-title-4571\" class=\"elementor-tab-title elementor-tab-desktop-title\" aria-selected=\"true\" data-tab=\"1\" role=\"tab\" tabindex=\"0\" aria-controls=\"elementor-tab-content-4571\" aria-expanded=\"false\">2020<\/div>\n\t\t\t\t\t\t\t\t\t<div id=\"elementor-tab-title-4572\" class=\"elementor-tab-title elementor-tab-desktop-title\" aria-selected=\"false\" data-tab=\"2\" role=\"tab\" tabindex=\"-1\" aria-controls=\"elementor-tab-content-4572\" aria-expanded=\"false\">2019<\/div>\n\t\t\t\t\t\t\t\t\t<div id=\"elementor-tab-title-4573\" class=\"elementor-tab-title elementor-tab-desktop-title\" aria-selected=\"false\" data-tab=\"3\" role=\"tab\" tabindex=\"-1\" aria-controls=\"elementor-tab-content-4573\" aria-expanded=\"false\">2018<\/div>\n\t\t\t\t\t\t\t\t\t<div id=\"elementor-tab-title-4574\" class=\"elementor-tab-title elementor-tab-desktop-title\" aria-selected=\"false\" data-tab=\"4\" role=\"tab\" tabindex=\"-1\" aria-controls=\"elementor-tab-content-4574\" aria-expanded=\"false\">2017<\/div>\n\t\t\t\t\t\t\t\t\t<div id=\"elementor-tab-title-4575\" class=\"elementor-tab-title elementor-tab-desktop-title\" aria-selected=\"false\" data-tab=\"5\" role=\"tab\" tabindex=\"-1\" aria-controls=\"elementor-tab-content-4575\" aria-expanded=\"false\">2015<\/div>\n\t\t\t\t\t\t\t<\/div>\n\t\t\t<div class=\"elementor-tabs-content-wrapper\" role=\"tablist\" aria-orientation=\"vertical\">\n\t\t\t\t\t\t\t\t\t<div class=\"elementor-tab-title elementor-tab-mobile-title\" aria-selected=\"true\" data-tab=\"1\" role=\"tab\" tabindex=\"0\" aria-controls=\"elementor-tab-content-4571\" aria-expanded=\"false\">2020<\/div>\n\t\t\t\t\t<div id=\"elementor-tab-content-4571\" class=\"elementor-tab-content elementor-clearfix\" data-tab=\"1\" role=\"tabpanel\" aria-labelledby=\"elementor-tab-title-4571\" tabindex=\"0\" hidden=\"false\"><p style=\"caret-color: #000000; color: #000000; font-style: normal; margin-bottom: 3pt; text-align: justify;\"><span lang=\"ET\" style=\"font-size: 11pt;\"><a href=\"https:\/\/journals.plos.org\/plosone\/article?id=10.1371\/journal.pone.0227446\">Multidisciplinary investigation of two Egyptian child mummies curated at the University of Tartu Art Museum, Estonia (Late\/Graeco-Roman Periods).<\/a>\u00a0<i>PLOS ONE<\/i>\u00a015(1): e0227446.<\/span><\/p><p style=\"caret-color: #000000; color: #000000; font-style: normal; margin-bottom: 3pt; text-align: justify;\"><span lang=\"EN-US\" style=\"font-size: 11pt;\"><span lang=\"EN-US\" style=\"font-size: 11pt;\">Oras E, Anderson J, T\u00f5rv M, Vahur S, Rammo R, Remmer S, M\u00f6lder M, Malve M, Saag L, Saage R, Teearu-Ojak\u00e4\u00e4r A, Peets P, Tambets K, Metspalu M, Lees\u00a0<\/span><span lang=\"ET\" style=\"font-size: 11pt;\">D<\/span><span lang=\"EN-US\" style=\"font-size: 11pt;\">C, Barclay MVL, Hall MJR, Ikram S, Piombino-Mascali D<\/span><span lang=\"ET\" style=\"font-size: 11pt;\">.\u00a0<\/span><\/span><\/p><\/div>\n\t\t\t\t\t\t\t\t\t<div class=\"elementor-tab-title elementor-tab-mobile-title\" aria-selected=\"false\" data-tab=\"2\" role=\"tab\" tabindex=\"-1\" aria-controls=\"elementor-tab-content-4572\" aria-expanded=\"false\">2019<\/div>\n\t\t\t\t\t<div id=\"elementor-tab-content-4572\" class=\"elementor-tab-content elementor-clearfix\" data-tab=\"2\" role=\"tabpanel\" aria-labelledby=\"elementor-tab-title-4572\" tabindex=\"0\" hidden=\"hidden\"><p><span lang=\"ET\"><a href=\"https:\/\/www.etis.ee\/Portal\/Publications\/Display\/7f9121e6-6d16-4eac-8d8c-158b9c953cfa\">Keraamika, geenid ja keel: paar m\u00f5tet nende seosest ja seosetusest.<\/a> <i>Petri Kallio Rocks. Liber Semisaecularis 7.2.2019.<\/i> Toim. S. Junttila &amp; J. Kuokkala. Helsinki,\u00a0 \u00a0 \u00a0 \u00a0 \u00a0 \u00a0lk 15\u201323.<br \/>Valter Lang<\/span><\/p><p><span lang=\"ET\"><a href=\"https:\/\/www.etis.ee\/Portal\/Publications\/Display\/d89e7ef6-08ad-4753-8ce4-522a12f761b0\">Fortified settlements in the Eastern Baltic: From earlier research to new\u00a0interpretations.<\/a> <i>Archaeologia Lituana<\/i>, 19 (2018): 13\u201333.<br \/><\/span><span lang=\"ET\">Valter Lang<\/span><\/p><p style=\"margin-bottom: 3pt; text-align: justify;\"><span lang=\"EN-US\" style=\"font-size: 11pt;\"><a href=\"https:\/\/www.sciencedirect.com\/science\/article\/pii\/S0960982219304245\">The Arrival of Siberian Ancestry Connecting the Eastern Baltic to Uralic Speakers Further East.<\/a>\u00a0<i>Current Biology<\/i>\u00a029(10):1701-1711.<\/span><\/p><p style=\"margin-bottom: 3pt; text-align: justify;\"><span lang=\"EN-US\" style=\"font-size: 11pt;\">Saag L, Laneman M, Varul L, Malve M, Valk H, Razzak MA, Shirobokov IG, Khartanovich VI, Mikhaylova ER, Kushniarevich A, Scheib CL, Solnik A, Reisberg T, Parik J, Saag L, Metspalu E, Rootsi S, Remm M, M\u00e4gi R, D&#8217;Atanasio E, Crema ER, D\u00edez-del-Molino D, Thomas MG, Kriiska A, Kivisild T, Villems R, Lang V, Metspalu M, Tambets K.<\/span><\/p><p style=\"margin-bottom: 3pt; text-align: justify;\"><span lang=\"EN-US\" style=\"font-size: 11pt;\">\u00a0<\/span><\/p><p style=\"margin-bottom: 3pt; text-align: justify;\"><span lang=\"EN-US\" style=\"font-size: 11pt;\"><a href=\"https:\/\/www.sciencedirect.com\/science\/article\/abs\/pii\/S0960982219307122\">Shifts in the genetic landscape of the western Eurasian Steppe associated with the beginning and end of the Scythian dominance.<\/a>\u00a0<i>Current Biology<\/i>\u00a029(14):2430-2441.<\/span><\/p><p style=\"margin-bottom: 3pt; text-align: justify;\"><span lang=\"EN-US\" style=\"font-size: 11pt;\">J\u00e4rve M, Saag L, Scheib CL, Pathak AK, Montinaro F, Pagani1 L, Flores R, Guellil M, Saag L, Tambets K, Kushniarevich A, Solnik A, Varul L, Zadnikov S, Petrauskas O, Avramenko M, Magomedov B, Didenko S, Toshev G, Bruyako I, Grechko D, Okatenko V, Gorbenko K, Smyrnov O, Heiko A, Reida R, Sapiehin S, Sirotin S, Tairov A, Beisenov A, Starodubtsev M, Vasilev V, Nechvaloda A, Atabiev B, Litvinov S, Ekomasova N, Dzhaubermezov M, Voroniatov S, Utevska O, Shramko I, Khusnutdinova E, Metspalu M, Savelev N, Kriiska A, Kivisild T, Villems R.<\/span><\/p><\/div>\n\t\t\t\t\t\t\t\t\t<div class=\"elementor-tab-title elementor-tab-mobile-title\" aria-selected=\"false\" data-tab=\"3\" role=\"tab\" tabindex=\"-1\" aria-controls=\"elementor-tab-content-4573\" aria-expanded=\"false\">2018<\/div>\n\t\t\t\t\t<div id=\"elementor-tab-content-4573\" class=\"elementor-tab-content elementor-clearfix\" data-tab=\"3\" role=\"tabpanel\" aria-labelledby=\"elementor-tab-title-4573\" tabindex=\"0\" hidden=\"hidden\"><p style=\"margin-bottom: 3pt; text-align: justify;\"><span lang=\"EN-US\" style=\"font-size: 11pt;\"><a href=\"https:\/\/onlinelibrary.wiley.com\/doi\/full\/10.1002\/ece3.3924\">Ancient pathogen DNA in human teeth and petrous bones.<\/a>\u00a0<i>Ecology and Evolution<\/i>\u00a08(6):3534-3542.<\/span><\/p><p style=\"margin-bottom: 3pt; text-align: justify;\"><span lang=\"EN-US\" style=\"font-size: 11pt;\">Margaryan A, Hansen HB, Rasmussen S, Sikora M, Moiseyev V, Khoklov A, Epimakhov A, Yepiskoposyan L, Kriiska A, Varul L, Saag L, Lynnerup N, Willerslev E, Allentoft ME.<\/span><\/p><p style=\"margin-bottom: 3pt; text-align: justify;\"><span lang=\"EN-US\" style=\"font-size: 11pt;\">\u00a0<\/span><\/p><p style=\"margin-bottom: 3pt; text-align: justify;\"><span lang=\"EN-US\" style=\"font-size: 11pt;\"><a href=\"https:\/\/genomebiology.biomedcentral.com\/articles\/10.1186\/s13059-018-1522-1\">Genes reveal traces of common recent demographic history for most of the Uralic-speaking populations.<\/a>\u00a0<i>Genome Biology<\/i>\u00a019(1):139.<\/span><\/p><p style=\"margin-bottom: 3pt; text-align: justify;\"><span lang=\"EN-US\" style=\"font-size: 11pt;\">Tambets K, Yunusbayev B, Hudjashov G, Ilum\u00e4e AM, Rootsi S, Honkola T, Vesakoski O, Atkinson Q, Skoglund P, Kushniarevich A, Litvinov S, Reidla M, Metspalu E, Saag L, Rantanen T, Karmin M, Parik J, Zhadanov SI, Gubina M, Damba LD, Bermisheva M, Reisberg T, Dibirova K, Evseeva I, Nelis M, Klovins J, Metspalu A, Esko T, Balanovsky O, Balanovska E, Khusnutdinova EK, Osipova LP, Voevoda M, Villems R, Kivisild T, Metspalu M. 2018.<\/span><\/p><\/div>\n\t\t\t\t\t\t\t\t\t<div class=\"elementor-tab-title elementor-tab-mobile-title\" aria-selected=\"false\" data-tab=\"4\" role=\"tab\" tabindex=\"-1\" aria-controls=\"elementor-tab-content-4574\" aria-expanded=\"false\">2017<\/div>\n\t\t\t\t\t<div id=\"elementor-tab-content-4574\" class=\"elementor-tab-content elementor-clearfix\" data-tab=\"4\" role=\"tabpanel\" aria-labelledby=\"elementor-tab-title-4574\" tabindex=\"0\" hidden=\"hidden\"><p style=\"margin-bottom: 3pt; text-align: justify;\"><span lang=\"EN-US\" style=\"font-size: 11pt;\"><a href=\"https:\/\/www.sciencedirect.com\/science\/article\/pii\/S0960982217307248\">Extensive Farming in Estonia Started through a Sex-Biased Migration from the Steppe.\u00a0<\/a><i>Current Biology<\/i>\u00a027(14):2185-2193.<\/span><\/p><p style=\"margin-bottom: 3pt; text-align: justify;\"><span style=\"font-size: 11pt;\">Saag L, Varul L, Scheib CL, Stenderup J, Allentoft ME, Saag L, Pagani L, Reidla M, Tambets K, Metspalu E, Kriiska A, Willerslev E, Kivisild T, Metspalu M.<\/span><\/p><p style=\"margin-bottom: 3pt; text-align: justify;\">\u00a0<\/p><\/div>\n\t\t\t\t\t\t\t\t\t<div class=\"elementor-tab-title elementor-tab-mobile-title\" aria-selected=\"false\" data-tab=\"5\" role=\"tab\" tabindex=\"-1\" aria-controls=\"elementor-tab-content-4575\" aria-expanded=\"false\">2015<\/div>\n\t\t\t\t\t<div id=\"elementor-tab-content-4575\" class=\"elementor-tab-content elementor-clearfix\" data-tab=\"5\" role=\"tabpanel\" aria-labelledby=\"elementor-tab-title-4575\" tabindex=\"0\" hidden=\"hidden\"><p><a href=\"https:\/\/www.nature.com\/articles\/nature14507\">Population genomics of Bronze Age Eurasia,<\/a> Nature 522(7555):167\u201372.<\/p><p>Allentoft ME, Sikora M, Sj\u00f6gren KG, Rasmussen S, Rasmussen M, Stenderup J, Damgaard PB, Schroeder H, Ahlstr\u00f6m T, Vinner L, Malaspinas AS, Margaryan A, Higham T, Chivall D, Lynnerup N, Harvig L, Baron J, Della Casa P, D\u0105browski P, Duffy PR, Ebel AV, Epimakhov A, Frei K, Furmanek M, Gralak T, Gromov A, Gronkiewicz S, Grupe G, Hajdu T, Jarysz R, Khartanovich V, Khokhlov A, Kiss V, Kol\u00e1\u0159 J, Kriiska A, Lasak I, Longhi C, McGlynn G, Merkevicius A, Merkyte I, Metspalu M, Mkrtchyan R, Moiseyev V, Paja L, P\u00e1lfi G, Pokutta D, Pospieszny \u0141, Price TD, Saag L, Sablin M, Shishlina N, Smr\u010dka V, Soenov VI, Szever\u00e9nyi V, T\u00f3th G, Trifanova SV, Varul L, Vicze M, Yepiskoposyan L, Zhitenev V, Orlando L, Sicheritz-Pont\u00e9n T, Brunak S, Nielsen R, Kristiansen K, Willerslev E. 522(7555):167\u201372.<\/p><p>\u00a0<\/p><p><a href=\"https:\/\/www.cell.com\/fulltext\/S0092-8674(15)01322-7\">Early divergent strains of Yersinia pestis in Eurasia 5,000 years ago.<\/a> <em>Cell<\/em> 163(3):571-82.<\/p><p>Rasmussen S, Allentoft ME, Nielsen K, Orlando L, Sikora M, Sj\u00f6gren KG, Pedersen AG, Schubert M, Van Dam A, Kapel CM, Nielsen HB, Brunak S, Avetisyan P, Epimakhov A, Khalyapin MV, Gnuni A, Kriiska A, Lasak I, Metspalu M, Moiseyev V, Gromov A, Pokutta D, Saag L, Varul L, Yepiskoposyan L, Sicheritz-Pont\u00e9n T, Foley RA, Lahr MM, Nielsen R, Kristiansen K, Willerslev E.<\/p><p>\u00a0<\/p><\/div>\n\t\t\t\t\t\t\t<\/div>\n\t\t<\/div>\n\t\t\t\t\t\t<\/div>\n\t\t\t\t<\/div>\n\t\t\t\t\t<\/div>\n\t\t<\/div>\n\t\t\t\t\t<\/div>\n\t\t<\/section>\n\t\t\t\t<\/div>\n\t\t","protected":false},"excerpt":{"rendered":"<p>Sort by year 2020 2019 2018 2017 2015 2020 Multidisciplinary investigation of two Egyptian child mummies curated at the University of Tartu Art Museum, Estonia (Late\/Graeco-Roman Periods).\u00a0PLOS ONE\u00a015(1): e0227446. Oras E, Anderson J, T\u00f5rv M, Vahur S, Rammo R, Remmer S, M\u00f6lder M, Malve M, Saag L, Saage R, Teearu-Ojak\u00e4\u00e4r A, Peets P, Tambets K, [&hellip;]<\/p>\n","protected":false},"author":1,"featured_media":0,"parent":0,"menu_order":0,"comment_status":"closed","ping_status":"closed","template":"","meta":{"_monsterinsights_skip_tracking":false,"_monsterinsights_sitenote_active":false,"_monsterinsights_sitenote_note":"","_monsterinsights_sitenote_category":0,"site-sidebar-layout":"default","site-content-layout":"default","ast-site-content-layout":"","site-content-style":"default","site-sidebar-style":"default","ast-global-header-display":"","ast-banner-title-visibility":"","ast-main-header-display":"","ast-hfb-above-header-display":"","ast-hfb-below-header-display":"","ast-hfb-mobile-header-display":"","site-post-title":"disabled","ast-breadcrumbs-content":"","ast-featured-img":"","footer-sml-layout":"","theme-transparent-header-meta":"default","adv-header-id-meta":"","stick-header-meta":"","header-above-stick-meta":"","header-main-stick-meta":"","header-below-stick-meta":"","astra-migrate-meta-layouts":"default","ast-page-background-enabled":"default","ast-page-background-meta":{"desktop":{"background-color":"var(--ast-global-color-4)","background-image":"","background-repeat":"repeat","background-position":"center center","background-size":"auto","background-attachment":"scroll","background-type":"","background-media":"","overlay-type":"","overlay-color":"","overlay-opacity":"","overlay-gradient":""},"tablet":{"background-color":"","background-image":"","background-repeat":"repeat","background-position":"center center","background-size":"auto","background-attachment":"scroll","background-type":"","background-media":"","overlay-type":"","overlay-color":"","overlay-opacity":"","overlay-gradient":""},"mobile":{"background-color":"","background-image":"","background-repeat":"repeat","background-position":"center center","background-size":"auto","background-attachment":"scroll","background-type":"","background-media":"","overlay-type":"","overlay-color":"","overlay-opacity":"","overlay-gradient":""}},"ast-content-background-meta":{"desktop":{"background-color":"var(--ast-global-color-5)","background-image":"","background-repeat":"repeat","background-position":"center center","background-size":"auto","background-attachment":"scroll","background-type":"","background-media":"","overlay-type":"","overlay-color":"","overlay-opacity":"","overlay-gradient":""},"tablet":{"background-color":"var(--ast-global-color-5)","background-image":"","background-repeat":"repeat","background-position":"center center","background-size":"auto","background-attachment":"scroll","background-type":"","background-media":"","overlay-type":"","overlay-color":"","overlay-opacity":"","overlay-gradient":""},"mobile":{"background-color":"var(--ast-global-color-5)","background-image":"","background-repeat":"repeat","background-position":"center center","background-size":"auto","background-attachment":"scroll","background-type":"","background-media":"","overlay-type":"","overlay-color":"","overlay-opacity":"","overlay-gradient":""}},"footnotes":""},"class_list":["post-516","page","type-page","status-publish","hentry"],"_links":{"self":[{"href":"https:\/\/www.agl.ut.ee\/index.php?rest_route=\/wp\/v2\/pages\/516","targetHints":{"allow":["GET"]}}],"collection":[{"href":"https:\/\/www.agl.ut.ee\/index.php?rest_route=\/wp\/v2\/pages"}],"about":[{"href":"https:\/\/www.agl.ut.ee\/index.php?rest_route=\/wp\/v2\/types\/page"}],"author":[{"embeddable":true,"href":"https:\/\/www.agl.ut.ee\/index.php?rest_route=\/wp\/v2\/users\/1"}],"replies":[{"embeddable":true,"href":"https:\/\/www.agl.ut.ee\/index.php?rest_route=%2Fwp%2Fv2%2Fcomments&post=516"}],"version-history":[{"count":2,"href":"https:\/\/www.agl.ut.ee\/index.php?rest_route=\/wp\/v2\/pages\/516\/revisions"}],"predecessor-version":[{"id":518,"href":"https:\/\/www.agl.ut.ee\/index.php?rest_route=\/wp\/v2\/pages\/516\/revisions\/518"}],"wp:attachment":[{"href":"https:\/\/www.agl.ut.ee\/index.php?rest_route=%2Fwp%2Fv2%2Fmedia&parent=516"}],"curies":[{"name":"wp","href":"https:\/\/api.w.org\/{rel}","templated":true}]}}