{"id":506,"date":"2020-06-16T13:42:45","date_gmt":"2020-06-16T13:42:45","guid":{"rendered":"https:\/\/www.agl.ut.ee\/?page_id=506"},"modified":"2021-05-21T11:41:01","modified_gmt":"2021-05-21T11:41:01","slug":"media","status":"publish","type":"page","link":"https:\/\/www.agl.ut.ee\/?page_id=506&lang=en","title":{"rendered":"Media"},"content":{"rendered":"\t\t<div data-elementor-type=\"wp-page\" data-elementor-id=\"506\" class=\"elementor elementor-506\">\n\t\t\t\t\t\t<section class=\"elementor-section elementor-top-section elementor-element elementor-element-ff5a27d elementor-section-boxed elementor-section-height-default elementor-section-height-default\" data-id=\"ff5a27d\" data-element_type=\"section\" data-e-type=\"section\">\n\t\t\t\t\t\t<div class=\"elementor-container elementor-column-gap-default\">\n\t\t\t\t\t<div class=\"elementor-column elementor-col-100 elementor-top-column elementor-element elementor-element-d3dccb4\" data-id=\"d3dccb4\" data-element_type=\"column\" data-e-type=\"column\">\n\t\t\t<div class=\"elementor-widget-wrap elementor-element-populated\">\n\t\t\t\t\t\t<div class=\"elementor-element elementor-element-331d93c elementor-widget elementor-widget-image\" data-id=\"331d93c\" data-element_type=\"widget\" data-e-type=\"widget\" data-widget_type=\"image.default\">\n\t\t\t\t<div class=\"elementor-widget-container\">\n\t\t\t\t\t\t\t\t\t\t\t\t\t\t\t<img decoding=\"async\" src=\"https:\/\/www.agl.ut.ee\/wp-content\/uploads\/elementor\/thumbs\/14_jun_2018_ty__200-1-oslrmu80r3z8j0z4igpkjaxmq6kqq1ch95iqib0dy8.jpg\" title=\"14_jun_2018_ty__200\" alt=\"14_jun_2018_ty__200\" loading=\"lazy\" \/>\t\t\t\t\t\t\t\t\t\t\t\t\t\t\t<\/div>\n\t\t\t\t<\/div>\n\t\t\t\t<div class=\"elementor-element elementor-element-baf29d2 elementor-widget elementor-widget-text-editor\" data-id=\"baf29d2\" data-element_type=\"widget\" data-e-type=\"widget\" data-widget_type=\"text-editor.default\">\n\t\t\t\t<div class=\"elementor-widget-container\">\n\t\t\t\t\t\t\t\t\t<p><strong>2019<\/strong><\/p>\n<p><a href=\"https:\/\/novaator.err.ee\/986319\/nagu-4500-aasta-tagant\">N\u00e4gu 4500 aasta tagant<\/a> &#8211; <em>Novaator ERR<\/em> 28.09.2019<\/p>\n<p><a href=\"https:\/\/www.nationalgeographic.ee\/ajakiri\/2019\/07\/24\/national-geographic-eesti-8-2019\">Paleogenoomika ja Eesti.<\/a> <em>Nat. Geo. Eesti<\/em> august 2019. &#8211; Saag L, Tambets K, Metspalu M.<\/p>\n<p><a href=\"https:\/\/heureka.postimees.ee\/6680813\/vana-dna-naitas-millal-uurali-geenid-eestisse-joudsid?_ga=2.8483061.1173963376.1586636775-1142280104.1567497004\">Vana DNA n\u00e4itas, millal Uurali geenid Eestisse j\u00f5udsid. <\/a>&#8211; <em>Postimees<\/em> 11.05.2019<\/p>\n<p><a href=\"https:\/\/novaator.err.ee\/937390\/siberi-geeniparand-joudis-eesti-aladele-samaaegselt-soome-ugri-keeltega\">Siberi geenip\u00e4rand j\u00f5udis Eesti aladele samaaegselt soome-ugri keeltega<\/a> &#8211; <em>Novaator ERR<\/em> 10.05.2019. Saag L, Tambets K<\/p>\n<p><a href=\"https:\/\/drive.google.com\/file\/d\/1JI9FMtwXZIMf3OLZoszR_FNqalhFQa07\/edit\">Vana DNA \u2013 uus so\u0303numitooja Eesti rahvastiku ajaloo kohta<\/a>. &#8211;<em>Tutulus<\/em>&nbsp; 2018. Kriiska A, Lang V, Valk H, ambets K, Saag L, Metspalu M. 2019.<\/p>\n<p><\/p>\n<p><strong>2018<\/strong><\/p>\n<p><a href=\"https:\/\/drive.google.com\/file\/d\/1ON8zU9L79Lekvgwca6yO3sxMafKBGGf2\/view\">L\u00e4\u00e4nemeresoome juurte sasipundar<\/a>. &#8211;<em>Tutulus<\/em> 2017. Lang, V.<\/p>\n<p><a href=\"https:\/\/kultuur.err.ee\/861662\/arvustus-mis-keeles-raagivad-kondid-ja-potikillud\">Arvustus. Mis keeles r\u00e4\u00e4givad kondid ja potikillud?<\/a> &#8211; <em>Novaator ERR<\/em> 15.09.2018. Soosaar S.-E.<\/p>\n<p><a href=\"https:\/\/heureka.postimees.ee\/4412261\/kuidas-kaib-kolme-teadusharu-koostoo-eestlaste-paritolu-uurimisel?_ga=2.251804489.1173963376.1586636775-1142280104.1567497004\">Kuidas k\u00e4ib kolme teadusharu koost\u00f6\u00f6s eestlaste p\u00e4ritolu uurimisel?<\/a> &#8211; <em>Postimees<\/em> 17.02.2018<\/p>\n<p><a href=\"https:\/\/heureka.postimees.ee\/4390183\/suur-lugu-postimees-esitleb-kolme-teadusharu-koostoos-sundis-uus-pilt-eestlaste-kujunemisest?_ga=2.251804489.1173963376.1586636775-1142280104.1567497004\">Kolme teadusharu koost\u00f6\u00f6s s\u00fcndis uus pilt eestlaste kujunemisest<\/a> &#8211; <em>Postimees<\/em> 17.02.2018&nbsp;<\/p>\n<p><a href=\"http:\/\/www.horisont.ee\/arhiiv-2018\/Horisont-1-2018.pdf\">Kust me tuleme? Demograafiline ajalugu eestlaste geenides.<\/a> &#8211;<em>Horisont<\/em> 1\/2018.&nbsp; Saag L, Tambets K, Metspalu M.<\/p>\n<p><a href=\"https:\/\/tartu.postimees.ee\/4392779\/monograafia-tolgendab-meie-eellaste-tulekut?_ga=2.251804489.1173963376.1586636775-1142280104.1567497004\">Monograafia t\u00f5lgendab meie eellaste tulekut<\/a> &#8211; <em>Tartu Postimees<\/em> 30.01.2018<\/p>\n<p><\/p>\n<p><strong>2017<\/strong><\/p>\n<p><a href=\"https:\/\/heureka.postimees.ee\/4206671\/ajaloolane-valter-lang-dna-uuring-kinnitab-uuemaid-teooriaid-eestlaste-parinemisest?_ga=2.251804489.1173963376.1586636775-1142280104.1567497004\">Ajaloolane Valter Lang: DNA-uuring kinnitab uuemaid teooriaid eestlaste p\u00e4rinemisest<\/a>&#8211; <em>Postimees<\/em> 10.08.2017<\/p>\n<p><a href=\"https:\/\/novaator.err.ee\/611802\/animatsioon-geneetika-selgitab-kust-on-parit-eestlaste-esiisad\">Aimatsioon: geneetika selgitab, kust on p\u00e4rit eestlaste esiisad<\/a> &#8211; <em>Novaator ERR<\/em> 8.08.2017<\/p>\n<p><a href=\"https:\/\/leht.postimees.ee\/4206035\/teadlased-lukkavad-umber-lennart-meri-viie-tuhande-aasta-hupoteesi?_ga=2.37844067.1173963376.1586636775-1142280104.1567497004\">Teadlased l\u00fckkavad \u00fcmber Lennart Meri viie tuhande aasta h\u00fcpoteesi <\/a>&#8211;<em>Postimees<\/em> 9.08.2017<\/p><p><br><\/p>\n<p><strong>2016<\/strong><\/p>\n<p><a href=\"https:\/\/novaator.err.ee\/259913\/eestlastes-on-sailinud-koige-rohkem-ammuste-kuttide-korilaste-geene\">Eestlastes on s\u00e4ilinud k\u00f5ige rohkem ammuste k\u00fcttide-korilaste geene<\/a> &#8211; <em>Novaator ERR<\/em> 31.11.2016<\/p>\t\t\t\t\t\t\t\t<\/div>\n\t\t\t\t<\/div>\n\t\t\t\t\t<\/div>\n\t\t<\/div>\n\t\t\t\t\t<\/div>\n\t\t<\/section>\n\t\t\t\t<\/div>\n\t\t","protected":false},"excerpt":{"rendered":"<p>2019 N\u00e4gu 4500 aasta tagant &#8211; Novaator ERR 28.09.2019 Paleogenoomika ja Eesti. Nat. Geo. Eesti august 2019. &#8211; Saag L, Tambets K, Metspalu M. Vana DNA n\u00e4itas, millal Uurali geenid Eestisse j\u00f5udsid. &#8211; Postimees 11.05.2019 Siberi geenip\u00e4rand j\u00f5udis Eesti aladele samaaegselt soome-ugri keeltega &#8211; Novaator ERR 10.05.2019. Saag L, Tambets K Vana DNA \u2013 uus [&hellip;]<\/p>\n","protected":false},"author":1,"featured_media":0,"parent":0,"menu_order":0,"comment_status":"closed","ping_status":"closed","template":"","meta":{"_monsterinsights_skip_tracking":false,"_monsterinsights_sitenote_active":false,"_monsterinsights_sitenote_note":"","_monsterinsights_sitenote_category":0,"site-sidebar-layout":"default","site-content-layout":"default","ast-site-content-layout":"","site-content-style":"default","site-sidebar-style":"default","ast-global-header-display":"","ast-banner-title-visibility":"","ast-main-header-display":"","ast-hfb-above-header-display":"","ast-hfb-below-header-display":"","ast-hfb-mobile-header-display":"","site-post-title":"disabled","ast-breadcrumbs-content":"","ast-featured-img":"","footer-sml-layout":"","theme-transparent-header-meta":"default","adv-header-id-meta":"","stick-header-meta":"","header-above-stick-meta":"","header-main-stick-meta":"","header-below-stick-meta":"","astra-migrate-meta-layouts":"default","ast-page-background-enabled":"default","ast-page-background-meta":{"desktop":{"background-color":"var(--ast-global-color-4)","background-image":"","background-repeat":"repeat","background-position":"center center","background-size":"auto","background-attachment":"scroll","background-type":"","background-media":"","overlay-type":"","overlay-color":"","overlay-opacity":"","overlay-gradient":""},"tablet":{"background-color":"","background-image":"","background-repeat":"repeat","background-position":"center center","background-size":"auto","background-attachment":"scroll","background-type":"","background-media":"","overlay-type":"","overlay-color":"","overlay-opacity":"","overlay-gradient":""},"mobile":{"background-color":"","background-image":"","background-repeat":"repeat","background-position":"center center","background-size":"auto","background-attachment":"scroll","background-type":"","background-media":"","overlay-type":"","overlay-color":"","overlay-opacity":"","overlay-gradient":""}},"ast-content-background-meta":{"desktop":{"background-color":"var(--ast-global-color-5)","background-image":"","background-repeat":"repeat","background-position":"center center","background-size":"auto","background-attachment":"scroll","background-type":"","background-media":"","overlay-type":"","overlay-color":"","overlay-opacity":"","overlay-gradient":""},"tablet":{"background-color":"var(--ast-global-color-5)","background-image":"","background-repeat":"repeat","background-position":"center center","background-size":"auto","background-attachment":"scroll","background-type":"","background-media":"","overlay-type":"","overlay-color":"","overlay-opacity":"","overlay-gradient":""},"mobile":{"background-color":"var(--ast-global-color-5)","background-image":"","background-repeat":"repeat","background-position":"center center","background-size":"auto","background-attachment":"scroll","background-type":"","background-media":"","overlay-type":"","overlay-color":"","overlay-opacity":"","overlay-gradient":""}},"footnotes":""},"class_list":["post-506","page","type-page","status-publish","hentry"],"_links":{"self":[{"href":"https:\/\/www.agl.ut.ee\/index.php?rest_route=\/wp\/v2\/pages\/506","targetHints":{"allow":["GET"]}}],"collection":[{"href":"https:\/\/www.agl.ut.ee\/index.php?rest_route=\/wp\/v2\/pages"}],"about":[{"href":"https:\/\/www.agl.ut.ee\/index.php?rest_route=\/wp\/v2\/types\/page"}],"author":[{"embeddable":true,"href":"https:\/\/www.agl.ut.ee\/index.php?rest_route=\/wp\/v2\/users\/1"}],"replies":[{"embeddable":true,"href":"https:\/\/www.agl.ut.ee\/index.php?rest_route=%2Fwp%2Fv2%2Fcomments&post=506"}],"version-history":[{"count":2,"href":"https:\/\/www.agl.ut.ee\/index.php?rest_route=\/wp\/v2\/pages\/506\/revisions"}],"predecessor-version":[{"id":508,"href":"https:\/\/www.agl.ut.ee\/index.php?rest_route=\/wp\/v2\/pages\/506\/revisions\/508"}],"wp:attachment":[{"href":"https:\/\/www.agl.ut.ee\/index.php?rest_route=%2Fwp%2Fv2%2Fmedia&parent=506"}],"curies":[{"name":"wp","href":"https:\/\/api.w.org\/{rel}","templated":true}]}}