{"id":29,"date":"2020-06-16T13:42:45","date_gmt":"2020-06-16T13:42:45","guid":{"rendered":"https:\/\/www.agl.ut.ee\/?page_id=29"},"modified":"2024-01-25T07:01:06","modified_gmt":"2024-01-25T07:01:06","slug":"kolleegium-meedias","status":"publish","type":"page","link":"https:\/\/www.agl.ut.ee\/?page_id=29","title":{"rendered":"Populaarteaduslikud artiklid"},"content":{"rendered":"\t\t<div data-elementor-type=\"wp-page\" data-elementor-id=\"29\" class=\"elementor elementor-29\">\n\t\t\t\t\t\t<section class=\"elementor-section elementor-top-section elementor-element elementor-element-ff5a27d elementor-section-boxed elementor-section-height-default elementor-section-height-default\" data-id=\"ff5a27d\" data-element_type=\"section\" data-e-type=\"section\">\n\t\t\t\t\t\t<div class=\"elementor-container elementor-column-gap-default\">\n\t\t\t\t\t<div class=\"elementor-column elementor-col-100 elementor-top-column elementor-element elementor-element-d3dccb4\" data-id=\"d3dccb4\" data-element_type=\"column\" data-e-type=\"column\">\n\t\t\t<div class=\"elementor-widget-wrap elementor-element-populated\">\n\t\t\t\t\t\t<div class=\"elementor-element elementor-element-331d93c elementor-widget elementor-widget-image\" data-id=\"331d93c\" data-element_type=\"widget\" data-e-type=\"widget\" data-widget_type=\"image.default\">\n\t\t\t\t<div class=\"elementor-widget-container\">\n\t\t\t\t\t\t\t\t\t\t\t\t\t\t\t<img decoding=\"async\" src=\"https:\/\/www.agl.ut.ee\/wp-content\/uploads\/elementor\/thumbs\/14_jun_2018_ty__200-1-oslrmu80r3z8j0z4igpkjaxmq6kqq1ch95iqib0dy8.jpg\" title=\"14_jun_2018_ty__200\" alt=\"14_jun_2018_ty__200\" loading=\"lazy\" \/>\t\t\t\t\t\t\t\t\t\t\t\t\t\t\t<\/div>\n\t\t\t\t<\/div>\n\t\t\t\t<div class=\"elementor-element elementor-element-baf29d2 elementor-widget elementor-widget-text-editor\" data-id=\"baf29d2\" data-element_type=\"widget\" data-e-type=\"widget\" data-widget_type=\"text-editor.default\">\n\t\t\t\t<div class=\"elementor-widget-container\">\n\t\t\t\t\t\t\t\t\t<p><span style=\"font-weight: bold; font-size: 1rem;\">2023<\/span><\/p><p><a href=\"https:\/\/novaator.err.ee\/1609173112\/uleminek-maaharimisele-kulges-laanemere-idakaldal-sinkadi-vinkadi\">\u00dcleminek maaharimisele kulges L\u00e4\u00e4nemere idakaldal sinkadi-vinkadi<\/a>\u00a0&#8211; <i>Novaator<\/i>\u00a024.11.2023<\/p><p>Tambets, Kristiina, Martin Malve 2023. R\u00e4nnetest Tartu ajaloos keskaegse rahvastiku n\u00e4itel: kahe linlase elukaare uuringud &#8211; Marge Rennit, Arvi Haak (koost),\u00a0<em>Taevased ja maised teed. Surmast ja r\u00e4ndest Tartu ajaloos. <\/em><a href=\"https:\/\/www.apollo.ee\/taevased-ja-maised-teed-surmast-ja-randest-tartu-ajaloos.html\">Vt infot siit<\/a>.<\/p><p><span style=\"font-size: 1rem;\">T\u00f5rv, Mari, Kristiina Tambets, Miina Norvik 2023.\u00a0<\/span>Karl Pajusalu &#8211; \u00fcks Tartu \u00dclikooli arheoloogia, geneetika ja lingvistika sidusuuringute kolleegiumi loojaid ja eestvedajaid &#8211; Eva Saar, Miina Norvik, Eva Velsker (toim),\u00a0<i>Tartu \u00dclikooli L\u00f5una-Eesti keele- ja kultuuriuuringute keskuse aastaraamat XXI\u2013XXII. P\u00fchendusteos Karl Pajusalule 60. s\u00fcnnip\u00e4evaks<\/i>. <a href=\"https:\/\/keel.ut.ee\/sites\/default\/files\/2023-09\/19_mari_torv_kristiina_tambets_miina_norvik.pdf\">PDF<\/a><\/p><p><a style=\"background-color: #ffffff; font-size: 1rem;\" href=\"https:\/\/novaator.err.ee\/1608977999\/uus-hiidandmebaas-tostab-kilbile-vaikekeelte-volu\" target=\"_blank\" rel=\"noopener\">Uus hiidandmebaas t\u00f5stab kilbile v\u00e4ikekeelte v\u00f5lu<\/a>\u00a0&#8211; <i>Novaator<\/i>\u00a0 18.05.2023<\/p><p><strong>2022<\/strong><\/p><p><a style=\"font-size: 1rem; background-color: #ffffff;\" href=\"https:\/\/novaator.err.ee\/1608591502\/soome-lahe-rannikurahvad-suhtlesid-tihedalt-juba-800-aasta-eest\">Soome lahe rannikurahvad suhtlesid tihedalt juba 800 aasta eest<\/a><span style=\"font-size: 1rem;\">\u00a0<\/span><span style=\"font-size: 1rem;\">&#8211;<\/span><span style=\"font-size: 1rem;\">\u00a0<\/span><span style=\"font-size: 1rem;\"><i>Novaator\u00a0<\/i><\/span><span style=\"font-size: 1rem;\">9.05.2022<\/span><\/p><p><a style=\"font-size: 1rem; background-color: #ffffff; outline: 0px;\" href=\"https:\/\/novaator.err.ee\/1608587431\/kukruse-isanda-haud-annab-aimu-eestlaste-argielust-keskaja-hakul\">Kukruse isanda haud annab aimu eestlaste argielust keskaja hakul<\/a><span style=\"font-size: 1rem;\">\u00a0<\/span><span style=\"font-size: 1rem;\">&#8211;<\/span><span style=\"font-size: 1rem;\">\u00a0<\/span><em style=\"font-size: 1rem;\">Novaator<\/em><span style=\"font-size: 1rem;\">\u00a0<\/span><span style=\"font-size: 1rem;\">5.05.2022<\/span><\/p><p><a href=\"https:\/\/novaator.err.ee\/1608584893\/kukruse-kalmistu-pakub-ullatusi-ka-kummekond-aastat-parast-avastamist\">Kukruse kalmistu pakub \u00fcllatusi ka k\u00fcmmekond aastat p\u00e4rast avastamist.<\/a> &#8211; <i>Novaator<\/i>\u00a03.05.2022<\/p><p><a href=\"http:\/\/www.ohtuleht.ee\/1069164\/suured-andmebaasid-aitavad-vorrelda-keelte-struktuure\">Suured andmebaasid aitavad v\u00f5rrelda keelte struktuure <\/a>&#8211; <em>\u00d5htuleht<\/em> 03.09.2022<\/p><p><strong>2021<\/strong><\/p><p><a href=\"https:\/\/novaator.err.ee\/1608353081\/eesti-kalevipojad-randasid-soome-ka-tuhatkond-aastat-tagasi\">Eesti kalevipojad r\u00e4ndasid Soome ka tuhatkond aastat tagasi.<\/a> &#8211; <em>Novaator<\/em> 29.09.2021<\/p><p><a href=\"https:\/\/reisijuht.delfi.ee\/artikkel\/94712007\/huvitav-fakt-eesti-kalevipojad-randasid-soome-ka-tuhatkond-aastat-tagasi\">Huvitav fakt: Eesti kalevipojad r\u00e4ndasid Soome ka tuhatkond aastat tagasi.<\/a> &#8211; <em>Delfi<\/em> 29.09.2021<\/p><p><a href=\"https:\/\/tervis.postimees.ee\/7321883\/eestlaste-ja-soomlaste-geneetiline-uhisosa-tekkis-tuhat-aastat-tagasi\">Eestlaste ja soomlaste \u00fchisosa tekkis tuhat aastat tagasi.<\/a> &#8211; <em>Postimees<\/em> 24.08.2021<\/p><p><a href=\"https:\/\/leht.postimees.ee\/7167994\/luuleiud-panid-muinasrahvaste-liikumise-vaidlusele-punkti\">Luuleiud panid muinasrahvaste liikumise vaidlusele punkti<\/a>. &#8211; <em>Postimees<\/em> 30.01.2021<\/p><p><a href=\"https:\/\/novaator.err.ee\/1608078721\/viis-muuti-eesti-rahva-kujunemisloost-ja-selle-uurimise-koogipoolest\">Viis m\u00fc\u00fcti eesti rahva kujunemisloost ja selle uurimisest.<\/a> &#8211; <em>Novaator \/ arheoloogia ajakiri Tutulus<\/em>\u00a020.01.2021. Kask, S.-K.; Saag, L.; Norvik, M.; T\u00f5rv, M.<\/p><p><strong>2020<\/strong><\/p><p><a href=\"https:\/\/novaator.err.ee\/1149409\/video-geeniteadlased-arutlevad-soome-ugri-rahvaste-kujunemise-ule\">Video: geeniteadlased arutlevad soome-ugri rahvaste kujunemise \u00fcle<\/a>. &#8211; <em>Novaator<\/em>\u00a021.10.2020<\/p><p><strong>2019<\/strong><\/p><p><a href=\"https:\/\/novaator.err.ee\/986319\/nagu-4500-aasta-tagant\">N\u00e4gu 4500 aasta tagant<\/a> &#8211; <em>Novaator ERR<\/em> 28.09.2019<\/p><p><a href=\"https:\/\/www.nationalgeographic.ee\/ajakiri\/2019\/07\/24\/national-geographic-eesti-8-2019\">Paleogenoomika ja Eesti.<\/a>\u00a0&#8211;<em>Nat. Geo. Eesti<\/em> august 2019. Saag, L., Tambets, K., Metspalu, M.<\/p><p><a href=\"https:\/\/heureka.postimees.ee\/6680813\/vana-dna-naitas-millal-uurali-geenid-eestisse-joudsid?_ga=2.8483061.1173963376.1586636775-1142280104.1567497004\">Vana DNA n\u00e4itas, millal Uurali geenid Eestisse j\u00f5udsid. <\/a>&#8211; <em>Postimees<\/em> 11.05.2019<\/p><p><a href=\"https:\/\/novaator.err.ee\/937390\/siberi-geeniparand-joudis-eesti-aladele-samaaegselt-soome-ugri-keeltega\">Siberi geenip\u00e4rand j\u00f5udis Eesti aladele samaaegselt soome-ugri keeltega<\/a> &#8211; <em>Novaator ERR<\/em> 10.05.2019. Saag, L, Tambets., K.<\/p><p><a href=\"https:\/\/drive.google.com\/file\/d\/1JI9FMtwXZIMf3OLZoszR_FNqalhFQa07\/edit\">Vana DNA \u2013 uus so\u0303numitooja Eesti rahvastiku ajaloo kohta<\/a>. &#8211;<em>Tutulus<\/em>\u00a0 2018. Kriiska, A., Lang, V., Valk, H., Tambets, K., Saag, L., Metspalu, M.<\/p><p><strong>2018<\/strong><\/p><p><a href=\"https:\/\/drive.google.com\/file\/d\/1ON8zU9L79Lekvgwca6yO3sxMafKBGGf2\/view\">L\u00e4\u00e4nemeresoome juurte sasipundar<\/a>. &#8211;<em>Tutulus<\/em> 2017. Lang, V.<\/p><p><a href=\"https:\/\/kultuur.err.ee\/861662\/arvustus-mis-keeles-raagivad-kondid-ja-potikillud\">Arvustus. Mis keeles r\u00e4\u00e4givad kondid ja potikillud?<\/a> &#8211; <em>Novaator ERR<\/em> 15.09.2018. Soosaar, S.-E.<\/p><p><a href=\"https:\/\/heureka.postimees.ee\/4412261\/kuidas-kaib-kolme-teadusharu-koostoo-eestlaste-paritolu-uurimisel?_ga=2.251804489.1173963376.1586636775-1142280104.1567497004\">Kuidas k\u00e4ib kolme teadusharu koost\u00f6\u00f6s eestlaste p\u00e4ritolu uurimisel?<\/a> &#8211; <em>Postimees<\/em> 17.02.2018<\/p><p><a href=\"https:\/\/heureka.postimees.ee\/4390183\/suur-lugu-postimees-esitleb-kolme-teadusharu-koostoos-sundis-uus-pilt-eestlaste-kujunemisest?_ga=2.251804489.1173963376.1586636775-1142280104.1567497004\">Kolme teadusharu koost\u00f6\u00f6s s\u00fcndis uus pilt eestlaste kujunemisest<\/a> &#8211; <em>Postimees<\/em> 17.02.2018<\/p><p><a href=\"http:\/\/www.horisont.ee\/arhiiv-2018\/Horisont-1-2018.pdf\">Kust me tuleme? Demograafiline ajalugu eestlaste geenides.<\/a> &#8211;<em>Horisont<\/em> 1\/2018.\u00a0 Saag, L., Tambets, K., Metspalu, M.<\/p><p><a href=\"https:\/\/tartu.postimees.ee\/4392779\/monograafia-tolgendab-meie-eellaste-tulekut?_ga=2.251804489.1173963376.1586636775-1142280104.1567497004\">Monograafia t\u00f5lgendab meie eellaste tulekut<\/a> &#8211; <em>Tartu Postimees<\/em> 30.01.2018<\/p><p><strong>2017<\/strong><\/p><p><a href=\"https:\/\/heureka.postimees.ee\/4206671\/ajaloolane-valter-lang-dna-uuring-kinnitab-uuemaid-teooriaid-eestlaste-parinemisest?_ga=2.251804489.1173963376.1586636775-1142280104.1567497004\">Ajaloolane Valter Lang: DNA-uuring kinnitab uuemaid teooriaid eestlaste p\u00e4rinemisest<\/a>&#8211; <em>Postimees<\/em> 10.08.2017<\/p><p><a href=\"https:\/\/novaator.err.ee\/611802\/animatsioon-geneetika-selgitab-kust-on-parit-eestlaste-esiisad\">Aimatsioon: geneetika selgitab, kust on p\u00e4rit eestlaste esiisad<\/a> &#8211; <em>Novaator ERR<\/em> 8.08.2017<\/p><p><a href=\"https:\/\/leht.postimees.ee\/4206035\/teadlased-lukkavad-umber-lennart-meri-viie-tuhande-aasta-hupoteesi?_ga=2.37844067.1173963376.1586636775-1142280104.1567497004\">Teadlased l\u00fckkavad \u00fcmber Lennart Meri viie tuhande aasta h\u00fcpoteesi <\/a>&#8211;<em>Postimees<\/em> 9.08.2017<\/p><p><strong>2016<\/strong><\/p><p><a href=\"https:\/\/novaator.err.ee\/259913\/eestlastes-on-sailinud-koige-rohkem-ammuste-kuttide-korilaste-geene\">Eestlastes on s\u00e4ilinud k\u00f5ige rohkem ammuste k\u00fcttide-korilaste geene<\/a> &#8211; <em>Novaator ERR<\/em> 31.11.2016<\/p><p>\u00a0<\/p><p>\u00a0<\/p>\t\t\t\t\t\t\t\t<\/div>\n\t\t\t\t<\/div>\n\t\t\t\t\t<\/div>\n\t\t<\/div>\n\t\t\t\t\t<\/div>\n\t\t<\/section>\n\t\t\t\t<\/div>\n\t\t","protected":false},"excerpt":{"rendered":"<p>2023 \u00dcleminek maaharimisele kulges L\u00e4\u00e4nemere idakaldal sinkadi-vinkadi\u00a0&#8211; Novaator\u00a024.11.2023 Tambets, Kristiina, Martin Malve 2023. R\u00e4nnetest Tartu ajaloos keskaegse rahvastiku n\u00e4itel: kahe linlase elukaare uuringud &#8211; Marge Rennit, Arvi Haak (koost),\u00a0Taevased ja maised teed. Surmast ja r\u00e4ndest Tartu ajaloos. Vt infot siit. T\u00f5rv, Mari, Kristiina Tambets, Miina Norvik 2023.\u00a0Karl Pajusalu &#8211; \u00fcks Tartu \u00dclikooli arheoloogia, geneetika ja [&hellip;]<\/p>\n","protected":false},"author":1,"featured_media":0,"parent":0,"menu_order":0,"comment_status":"closed","ping_status":"closed","template":"","meta":{"_monsterinsights_skip_tracking":false,"_monsterinsights_sitenote_active":false,"_monsterinsights_sitenote_note":"","_monsterinsights_sitenote_category":0,"site-sidebar-layout":"default","site-content-layout":"default","ast-site-content-layout":"","site-content-style":"default","site-sidebar-style":"default","ast-global-header-display":"","ast-banner-title-visibility":"","ast-main-header-display":"","ast-hfb-above-header-display":"","ast-hfb-below-header-display":"","ast-hfb-mobile-header-display":"","site-post-title":"disabled","ast-breadcrumbs-content":"","ast-featured-img":"","footer-sml-layout":"","theme-transparent-header-meta":"default","adv-header-id-meta":"","stick-header-meta":"","header-above-stick-meta":"","header-main-stick-meta":"","header-below-stick-meta":"","astra-migrate-meta-layouts":"default","ast-page-background-enabled":"default","ast-page-background-meta":{"desktop":{"background-color":"var(--ast-global-color-4)","background-image":"","background-repeat":"repeat","background-position":"center center","background-size":"auto","background-attachment":"scroll","background-type":"","background-media":"","overlay-type":"","overlay-color":"","overlay-opacity":"","overlay-gradient":""},"tablet":{"background-color":"","background-image":"","background-repeat":"repeat","background-position":"center center","background-size":"auto","background-attachment":"scroll","background-type":"","background-media":"","overlay-type":"","overlay-color":"","overlay-opacity":"","overlay-gradient":""},"mobile":{"background-color":"","background-image":"","background-repeat":"repeat","background-position":"center center","background-size":"auto","background-attachment":"scroll","background-type":"","background-media":"","overlay-type":"","overlay-color":"","overlay-opacity":"","overlay-gradient":""}},"ast-content-background-meta":{"desktop":{"background-color":"var(--ast-global-color-5)","background-image":"","background-repeat":"repeat","background-position":"center center","background-size":"auto","background-attachment":"scroll","background-type":"","background-media":"","overlay-type":"","overlay-color":"","overlay-opacity":"","overlay-gradient":""},"tablet":{"background-color":"var(--ast-global-color-5)","background-image":"","background-repeat":"repeat","background-position":"center center","background-size":"auto","background-attachment":"scroll","background-type":"","background-media":"","overlay-type":"","overlay-color":"","overlay-opacity":"","overlay-gradient":""},"mobile":{"background-color":"var(--ast-global-color-5)","background-image":"","background-repeat":"repeat","background-position":"center center","background-size":"auto","background-attachment":"scroll","background-type":"","background-media":"","overlay-type":"","overlay-color":"","overlay-opacity":"","overlay-gradient":""}},"footnotes":""},"class_list":["post-29","page","type-page","status-publish","hentry"],"_links":{"self":[{"href":"https:\/\/www.agl.ut.ee\/index.php?rest_route=\/wp\/v2\/pages\/29","targetHints":{"allow":["GET"]}}],"collection":[{"href":"https:\/\/www.agl.ut.ee\/index.php?rest_route=\/wp\/v2\/pages"}],"about":[{"href":"https:\/\/www.agl.ut.ee\/index.php?rest_route=\/wp\/v2\/types\/page"}],"author":[{"embeddable":true,"href":"https:\/\/www.agl.ut.ee\/index.php?rest_route=\/wp\/v2\/users\/1"}],"replies":[{"embeddable":true,"href":"https:\/\/www.agl.ut.ee\/index.php?rest_route=%2Fwp%2Fv2%2Fcomments&post=29"}],"version-history":[{"count":39,"href":"https:\/\/www.agl.ut.ee\/index.php?rest_route=\/wp\/v2\/pages\/29\/revisions"}],"predecessor-version":[{"id":1379,"href":"https:\/\/www.agl.ut.ee\/index.php?rest_route=\/wp\/v2\/pages\/29\/revisions\/1379"}],"wp:attachment":[{"href":"https:\/\/www.agl.ut.ee\/index.php?rest_route=%2Fwp%2Fv2%2Fmedia&parent=29"}],"curies":[{"name":"wp","href":"https:\/\/api.w.org\/{rel}","templated":true}]}}