{"id":280,"date":"2021-01-07T11:17:23","date_gmt":"2021-01-07T11:17:23","guid":{"rendered":"https:\/\/www.agl.ut.ee\/?page_id=280"},"modified":"2024-11-26T08:33:26","modified_gmt":"2024-11-26T08:33:26","slug":"statuut","status":"publish","type":"page","link":"https:\/\/www.agl.ut.ee\/?page_id=280","title":{"rendered":"Statuut"},"content":{"rendered":"\t\t<div data-elementor-type=\"wp-page\" data-elementor-id=\"280\" class=\"elementor elementor-280\">\n\t\t\t\t\t\t<section class=\"elementor-section elementor-top-section elementor-element elementor-element-3979bfa elementor-section-boxed elementor-section-height-default elementor-section-height-default\" data-id=\"3979bfa\" data-element_type=\"section\" data-e-type=\"section\">\n\t\t\t\t\t\t<div class=\"elementor-container elementor-column-gap-default\">\n\t\t\t\t\t<div class=\"elementor-column elementor-col-100 elementor-top-column elementor-element elementor-element-36b785f\" data-id=\"36b785f\" data-element_type=\"column\" data-e-type=\"column\">\n\t\t\t<div class=\"elementor-widget-wrap elementor-element-populated\">\n\t\t\t\t\t\t<div class=\"elementor-element elementor-element-fd094ca elementor-widget elementor-widget-text-editor\" data-id=\"fd094ca\" data-element_type=\"widget\" data-e-type=\"widget\" data-widget_type=\"text-editor.default\">\n\t\t\t\t<div class=\"elementor-widget-container\">\n\t\t\t\t\t\t\t\t\t<div class=\"page\" style=\"box-sizing: border-box; caret-color: #000000; color: #000000;\" title=\"Page 1\">\n<div class=\"layoutArea\" style=\"box-sizing: border-box; caret-color: #000000; color: #000000; font-family: Roboto, sans-serif; font-size: 16px; font-style: normal; font-variant-caps: normal; font-weight: normal; letter-spacing: normal; orphans: auto; text-align: justify; text-indent: 0px; text-transform: none; white-space: normal; widows: auto; word-spacing: 0px; -webkit-text-size-adjust: auto; -webkit-text-stroke-width: 0px; text-decoration: none;\">\n<div class=\"column\" style=\"box-sizing: border-box;\">\n<\/div>\n<\/div>\n<\/div>\n<p style=\"box-sizing: border-box; margin: 0px 0px 2rem; padding: 0px;\">Tartu \u00dclikooli arheoloogia, geneetika ja lingvistika sidusuuringute kolleegiumi t\u00f6\u00f6d reguleerib statuut, mis on kinnitatud Tartu \u00dclikooli rektori k\u00e4skkirjaga.&nbsp;<\/p>\t\t\t\t\t\t\t\t<\/div>\n\t\t\t\t<\/div>\n\t\t\t\t<div class=\"elementor-element elementor-element-08afcdf elementor-widget elementor-widget-text-editor\" data-id=\"08afcdf\" data-element_type=\"widget\" data-e-type=\"widget\" data-widget_type=\"text-editor.default\">\n\t\t\t\t<div class=\"elementor-widget-container\">\n\t\t\t\t\t\t\t\t\t<p>KEHTESTATUD Tartu U\u0308likooli rektori\u00a0<br \/>5. septembri 2017. a ka\u0308skkirjaga nr 11<br \/>(jo\u0303ustunud 05.09.2017)<\/p><p>MUUDETUD Tartu U\u0308likooli rektori\u00a0<\/p><div class=\"page\" title=\"Page 1\"><div class=\"layoutArea\"><div class=\"column\"><p>26. aprilli 2018. a ka\u0308skkirjaga nr 11 <br \/>(jo\u0303ustunud 01.01.2018)<\/p><\/div><\/div><\/div>\t\t\t\t\t\t\t\t<\/div>\n\t\t\t\t<\/div>\n\t\t\t\t<div class=\"elementor-element elementor-element-41122a1 elementor-widget elementor-widget-text-editor\" data-id=\"41122a1\" data-element_type=\"widget\" data-e-type=\"widget\" data-widget_type=\"text-editor.default\">\n\t\t\t\t<div class=\"elementor-widget-container\">\n\t\t\t\t\t\t\t\t\t<p><span style=\"font-family: TimesNewRomanPS; font-size: 12pt; font-weight: bold; caret-color: #000000; color: #000000;\">Tartu U\u0308likooli arheoloogia, geneetika ja lingvistika sidusuuringute kolleegiumi statuut<\/span><\/p><div class=\"page\" style=\"caret-color: #000000; color: #000000;\" title=\"Page 1\"><div class=\"layoutArea\"><div class=\"column\"><p><span style=\"font-size: 12pt; font-family: TimesNewRomanPSMT;\">Vo\u0303ttes aluseks Tartu U\u0308likooli po\u0303hikirja paragrahvi 27 lo\u0303ike 6, kehtestan Tartu U\u0308likooli arheoloogia, geneetika ja lingvistika sidusuuringute kolleegiumi statuudi.<\/span><\/p><p><span style=\"font-size: 12pt; font-family: TimesNewRomanPS; font-weight: bold;\">I. U\u0308ldsa\u0308tted<\/span><\/p><p><span style=\"font-size: 12pt; font-family: TimesNewRomanPSMT;\">1. Tartu U\u0308likooli arheoloogia, geneetika ja lingvistika sidusuuringute kolleegium (edaspidi: kolleegium) on Tartu U\u0308likooli (edaspidi: u\u0308likool) konsortsium, mille po\u0303hiu\u0308lesanne on korraldada ko\u0303rgetasemelist transdistsiplinaarset uurimisto\u0308o\u0308d, milles po\u0303imuvad esmajoones arheoloogia, geneetika ja lingvistika, seostatuna transdistsiplinaarse suunitlusega teadmiste ja mo\u0303tteviisi edendamisega o\u0303ppeto\u0308o\u0308s.<\/span><\/p><p><span style=\"font-size: 12pt; font-family: TimesNewRomanPSMT;\">2. Oma po\u0303hiu\u0308lesande ta\u0308itmiseks kolleegium:<br \/>2.1. kavandab ja korraldab arheoloogia, geneetika ja lingvistika sidusaladel teadusuuringuid, taotledes selleks uurimistoetusi;<br \/>2.2. teeb ettepanekuid ja aitab kaasa kolleegiumi suunitlust haarava o\u0303ppeto\u0308o\u0308, sh loengukursuste, seminaride ning talve- ja suvekoolide kavandamiseks ja korraldamiseks;<br \/>2.3. tutvustab laiale avalikkusele kolleegiumi uurimisto\u0308o\u0308 tulemusi ja teeb koosto\u0308o\u0308d Eesti Rahva Muuseumi ning teiste uurimisasutustega kolleegiumi teadusto\u0308o\u0308 vallas;<br \/>2.4. kavandab ja arendab rahvusvahelist koosto\u0308o\u0308d kolleegiumi tegevussuundades, osaleb no\u0303upidamiste ja konverentside korraldamises.<\/span><\/p><p><span style=\"font-size: 12pt; font-family: TimesNewRomanPSMT;\">3. Kolleegium juhindub oma tegevuses u\u0308likooli po\u0303hikirjast, ka\u0308esolevast statuudist ja teistest o\u0303igusaktidest.<\/span><\/p><p><span style=\"font-size: 12pt; font-family: TimesNewRomanPSMT;\">4. Kolleegiumi nimi inglise keeles on\u00a0<\/span><span style=\"font-size: 12pt; font-family: TimesNewRomanPS; font-style: italic;\">Collegium for Transdisciplinary Studies in Archaeology, Genetics and Linguistics, University of Tartu<\/span><span style=\"font-size: 12pt; font-family: TimesNewRomanPSMT;\">.<\/span><\/p><p><span style=\"font-size: 12pt; font-family: TimesNewRomanPSMT;\">5. Kolleegiumi to\u0308o\u0308s vo\u0303ivad osaleda u\u0308likooli struktuuriu\u0308ksused (edaspidi: struktuuriu\u0308ksused) ja juriidilised isikud, kelle tegevus seostub kolleegiumi tegevusvaldkondadega. Juriidilised isikud osalevad kolleegiumi to\u0308o\u0308s u\u0308likooli ja juriidilise isiku vahelise koosto\u0308o\u0308lepingu alusel.<\/span><\/p><p><span style=\"font-size: 12pt; font-family: TimesNewRomanPSMT;\">6. Kolleegiumi asjaajamise korraldamise eest vastutab ajaloo ja arheoloogia instituudi juhataja.<\/span><\/p><p><span style=\"font-size: 12pt; font-family: TimesNewRomanPS; font-weight: bold;\">II. Juhtimine<\/span><\/p><p><span style=\"font-size: 12pt; font-family: TimesNewRomanPSMT;\">7. Kolleegiumi to\u0308o\u0308d juhivad no\u0303ukogu ja juhataja.<\/span><\/p><p><span style=\"font-size: 12pt; font-family: TimesNewRomanPSMT;\">8. No\u0303ukogu koosseisu kuuluvad:<br \/>8.1. u\u0308ks esindaja igast kolleegiumi to\u0308o\u0308s osalevast struktuuriu\u0308ksusest struktuuriu\u0308ksuse juhi ettepanekul. No\u0303ukogu vo\u0303ib struktuuriu\u0308ksuse esindajate arvu suurendada;<br \/>8.2. kolleegiumi juhataja;<br \/>8.3. [kehtetu 01.01.2018]<br \/>8.4. kuni viis no\u0303ukogu kaasatud liiget.<\/span><\/p><\/div><\/div><\/div><div class=\"page\" style=\"caret-color: #000000; color: #000000;\" title=\"Page 2\"><div class=\"layoutArea\"><div class=\"column\"><p><span style=\"font-size: 12pt; font-family: TimesNewRomanPSMT;\">9. Kolleegiumi no\u0303ukogu koosseisu kinnitab humanitaarteaduste ja kunstide valdkonna dekaan. No\u0303ukogu liikmete volitused kestavad neli aastat.<\/span><\/p><p><span style=\"font-size: 12pt; font-family: TimesNewRomanPSMT;\">10. Kolleegiumi no\u0303ukogu valib enda liikmete hulgast esimehe, kes juhib no\u0303ukogu to\u0308o\u0308d. Esimehe volitused kehtivad kaks aastat ja esimehe koht roteerub arheoloogia, geneetika ja lingvistika suuna esindajate vahel.<\/span><\/p><p><span style=\"font-size: 12pt; font-family: TimesNewRomanPSMT;\">11. Kolleegiumi juhatajaks vo\u0303ib olla doktorikraadiga vo\u0303i sellele vastava kvalifikatsiooniga u\u0308likooli o\u0303ppejo\u0303ud vo\u0303i teadusto\u0308o\u0308taja. Kolleegiumi no\u0303ukogu nimetab no\u0303ukogu esimehe ettepanekul juhataja ametisse kolmeks aastaks. Sama juhatajat vo\u0303ib nimetada ametisse korduvalt. Juhataja ta\u0308idab no\u0303ukogu ja selle esimehe poolt talle pandud u\u0308lesandeid.<\/span><\/p><p><span style=\"font-size: 12pt; font-family: TimesNewRomanPSMT;\">12. No\u0303ukogu:<br \/>12.1. kinnitab kolleegiumi eelarve;<br \/>12.2. to\u0308o\u0308tab va\u0308lja ja kinnitab kolleegiumi teadustegevuse u\u0308ldsuunad ning teeb ettepanekuid valdkondadele o\u0303ppeto\u0308o\u0308 arendamiseks;<br \/>12.3. valib oma liikmete hulgast no\u0303ukogu esimehe;<br \/>12.4. nimetab kolleegiumi juhataja;<br \/>12.5. otsustab no\u0303ukogu koosseisu ta\u0308iendamise punktis 8.4 nimetatud liikmetega;<br \/>12.6. otsustab struktuuriu\u0308ksuse juhi ettepanekul struktuuriu\u0308ksuse kaasamise kolleegiumi tegevusse;<br \/>12.7. ma\u0308a\u0308rab kindlaks no\u0303ukogu kodukorra;<br \/>12.8. kiidab heaks kolleegiumi poolt taotletavate teadus- ja arendusprojektide taotlused;<br \/>12.9. moodustab kolleegiumi tegevust no\u0303ustava rahvusvahelise no\u0303uandva no\u0303ukoja;<br \/>12.10. arutab ja otsustab muid kolleegiumi arengu seisukohalt olulisi ku\u0308simusi.<\/span><\/p><p><span style=\"font-size: 12pt; font-family: TimesNewRomanPSMT;\">13. No\u0303ukogu koosolekud toimuvad va\u0308hemalt neli korda aastas. No\u0303ukogu korralise koosoleku kutsub kokku ja seda juhatab no\u0303ukogu esimees. Erakorralise koosoleku kutsub kokku no\u0303ukogu esimees va\u0308hemalt 1\/3 no\u0303ukogu liikmete taotlusel vo\u0303i omal algatusel. Kiireloomuliste ku\u0308simuste otsustamiseks vo\u0303ib no\u0303ukogu koosoleku korraldada elektroonilises vormis.<\/span><\/p><p><span style=\"font-size: 12pt; font-family: TimesNewRomanPSMT;\">14. No\u0303ukogu koosolek on otsustusvo\u0303imeline, kui sellel koosolekul osaleb u\u0308le poole no\u0303ukogu liikmeist. No\u0303ukogu liige vo\u0303ib osaleda koosolekul ka audiovisuaalsel teel. Otsus on vastu vo\u0303etud, kui selle poolt on ha\u0308a\u0308letanud u\u0308le poole koosolekul osalenud no\u0303ukogu liikmetest. Elektroonilise koosoleku puhul on otsus vastu vo\u0303etud, kui selle poolt on ha\u0308a\u0308letanud u\u0308le poole no\u0303ukogu liikmetest.<\/span><\/p><p><span style=\"font-size: 12pt; font-family: TimesNewRomanPSMT;\">15. No\u0303ukogu koosolekud protokollitakse.<\/span><\/p><p><span style=\"font-size: 12pt; font-family: TimesNewRomanPS; font-weight: bold;\">III. Finantseerimine<\/span><\/p><p><span style=\"font-size: 12pt; font-family: TimesNewRomanPSMT;\">16. Kolleegiumi rahalised vahendid moodustuvad kolleegiumi to\u0308o\u0308s osalevate struktuuriu\u0308ksuste eraldistest, u\u0308hiselt taotletud grantidest ning muudest toetustest ja annetustest.<\/span><\/p><p><span style=\"font-size: 12pt; font-family: TimesNewRomanPS; font-weight: bold;\">IV. Ja\u0308relevalve ja aruandlus<\/span><\/p><p><span style=\"font-size: 12pt; font-family: TimesNewRomanPSMT;\">17. Kolleegiumi juhataja on aruandekohustuslik kolleegiumi no\u0303ukogu esimehe ja no\u0303ukogu ees.<\/span><\/p><p><span style=\"font-size: 12pt; font-family: TimesNewRomanPSMT;\">18. Va\u0308hemalt kord aastas informeerib kolleegiumi no\u0303ukogu esimees asjaomaste valdkondade dekaane ja kolleegiumi to\u0308o\u0308s osalevate struktuuriu\u0308ksuste juhte kolleegiumi tegevusest.<\/span><\/p><p><span style=\"font-size: 12pt; font-family: TimesNewRomanPS; font-weight: bold;\">V. Statuudi muutmine<\/span><\/p><p><span style=\"font-size: 12pt; font-family: TimesNewRomanPSMT;\">19. Kolleegiumi statuudi muutmise otsustab rektor va\u0308hemalt 2\/3 kolleegiumi to\u0308o\u0308s osalevate u\u0308likooli struktuuriu\u0308ksuste juhtide ettepanekul.<\/span><\/p><p><span style=\"font-size: 12pt; font-family: TimesNewRomanPSMT;\">\u00a0<\/span><\/p><\/div><\/div><\/div><div class=\"page\" style=\"caret-color: #000000; color: #000000;\" title=\"Page 3\"><div class=\"layoutArea\"><div class=\"column\"><p><span style=\"font-size: 12pt; font-family: TimesNewRomanPS; font-weight: bold;\">VI. Rakendussa\u0308tted<\/span><\/p><p><span style=\"font-size: 12pt; font-family: TimesNewRomanPSMT;\">20. Kolleegiumi to\u0308o\u0308s osalevad alates 1. jaanuarist 2018 ajaloo ja arheoloogia instituut, eesti ja u\u0308ldkeeleteaduse instituut, genoomika instituut ning molekulaar<\/span><span style=\"font-size: 12pt; font-family: CambriaMath;\">\u2010\u00a0<\/span><span style=\"font-size: 12pt; font-family: TimesNewRomanPSMT;\">ja rakubioloogia instituut. [jo\u0303ustunud 01.01.2018]<\/span><\/p><p><span style=\"font-size: 12pt; font-family: TimesNewRomanPSMT;\">21. Kuni 15. septembrini 2021 kuuluvad kolleegiumi no\u0303ukokku igast kolleegiumi tegevuses osalevast struktuuriu\u0308ksusest kaks esindajat ning statuudi punktides 8.2 ja 8.4 nimetatud liikmed. Eesti Biokeskuse nimetatud liikmed loetakse alates 01.01. 2018 ilma genoomika instituudi juhataja sellekohase ettepanekuta genoomika instituudi esindajateks. [jo\u0303ustunud 01.01.2018]<\/span><\/p><p><span style=\"font-size: 12pt; font-family: TimesNewRomanPSMT;\">\u00a0<\/span><\/p><\/div><\/div><\/div><p><a href=\"https:\/\/www.agl.ut.ee\/wp-content\/uploads\/2021\/01\/AGL_Statuut_01_01_2018.pdf\">AGL_Statuut_01_01_2018<\/a><\/p>\t\t\t\t\t\t\t\t<\/div>\n\t\t\t\t<\/div>\n\t\t\t\t\t<\/div>\n\t\t<\/div>\n\t\t\t\t\t<\/div>\n\t\t<\/section>\n\t\t\t\t<\/div>\n\t\t","protected":false},"excerpt":{"rendered":"<p>Tartu \u00dclikooli arheoloogia, geneetika ja lingvistika sidusuuringute kolleegiumi t\u00f6\u00f6d reguleerib statuut, mis on kinnitatud Tartu \u00dclikooli rektori k\u00e4skkirjaga.&nbsp; KEHTESTATUD Tartu U\u0308likooli rektori\u00a05. septembri 2017. a ka\u0308skkirjaga nr 11(jo\u0303ustunud 05.09.2017) MUUDETUD Tartu U\u0308likooli rektori\u00a0 26. aprilli 2018. a ka\u0308skkirjaga nr 11 (jo\u0303ustunud 01.01.2018) Tartu U\u0308likooli arheoloogia, geneetika ja lingvistika sidusuuringute kolleegiumi statuut Vo\u0303ttes aluseks Tartu U\u0308likooli [&hellip;]<\/p>\n","protected":false},"author":1,"featured_media":0,"parent":0,"menu_order":0,"comment_status":"closed","ping_status":"closed","template":"","meta":{"_monsterinsights_skip_tracking":false,"_monsterinsights_sitenote_active":false,"_monsterinsights_sitenote_note":"","_monsterinsights_sitenote_category":0,"site-sidebar-layout":"default","site-content-layout":"default","ast-site-content-layout":"","site-content-style":"default","site-sidebar-style":"default","ast-global-header-display":"","ast-banner-title-visibility":"","ast-main-header-display":"","ast-hfb-above-header-display":"","ast-hfb-below-header-display":"","ast-hfb-mobile-header-display":"","site-post-title":"disabled","ast-breadcrumbs-content":"","ast-featured-img":"","footer-sml-layout":"","theme-transparent-header-meta":"default","adv-header-id-meta":"","stick-header-meta":"","header-above-stick-meta":"","header-main-stick-meta":"","header-below-stick-meta":"","astra-migrate-meta-layouts":"default","ast-page-background-enabled":"default","ast-page-background-meta":{"desktop":{"background-color":"var(--ast-global-color-4)","background-image":"","background-repeat":"repeat","background-position":"center center","background-size":"auto","background-attachment":"scroll","background-type":"","background-media":"","overlay-type":"","overlay-color":"","overlay-opacity":"","overlay-gradient":""},"tablet":{"background-color":"","background-image":"","background-repeat":"repeat","background-position":"center center","background-size":"auto","background-attachment":"scroll","background-type":"","background-media":"","overlay-type":"","overlay-color":"","overlay-opacity":"","overlay-gradient":""},"mobile":{"background-color":"","background-image":"","background-repeat":"repeat","background-position":"center center","background-size":"auto","background-attachment":"scroll","background-type":"","background-media":"","overlay-type":"","overlay-color":"","overlay-opacity":"","overlay-gradient":""}},"ast-content-background-meta":{"desktop":{"background-color":"var(--ast-global-color-5)","background-image":"","background-repeat":"repeat","background-position":"center center","background-size":"auto","background-attachment":"scroll","background-type":"","background-media":"","overlay-type":"","overlay-color":"","overlay-opacity":"","overlay-gradient":""},"tablet":{"background-color":"var(--ast-global-color-5)","background-image":"","background-repeat":"repeat","background-position":"center center","background-size":"auto","background-attachment":"scroll","background-type":"","background-media":"","overlay-type":"","overlay-color":"","overlay-opacity":"","overlay-gradient":""},"mobile":{"background-color":"var(--ast-global-color-5)","background-image":"","background-repeat":"repeat","background-position":"center center","background-size":"auto","background-attachment":"scroll","background-type":"","background-media":"","overlay-type":"","overlay-color":"","overlay-opacity":"","overlay-gradient":""}},"footnotes":""},"class_list":["post-280","page","type-page","status-publish","hentry"],"_links":{"self":[{"href":"https:\/\/www.agl.ut.ee\/index.php?rest_route=\/wp\/v2\/pages\/280","targetHints":{"allow":["GET"]}}],"collection":[{"href":"https:\/\/www.agl.ut.ee\/index.php?rest_route=\/wp\/v2\/pages"}],"about":[{"href":"https:\/\/www.agl.ut.ee\/index.php?rest_route=\/wp\/v2\/types\/page"}],"author":[{"embeddable":true,"href":"https:\/\/www.agl.ut.ee\/index.php?rest_route=\/wp\/v2\/users\/1"}],"replies":[{"embeddable":true,"href":"https:\/\/www.agl.ut.ee\/index.php?rest_route=%2Fwp%2Fv2%2Fcomments&post=280"}],"version-history":[{"count":7,"href":"https:\/\/www.agl.ut.ee\/index.php?rest_route=\/wp\/v2\/pages\/280\/revisions"}],"predecessor-version":[{"id":1619,"href":"https:\/\/www.agl.ut.ee\/index.php?rest_route=\/wp\/v2\/pages\/280\/revisions\/1619"}],"wp:attachment":[{"href":"https:\/\/www.agl.ut.ee\/index.php?rest_route=%2Fwp%2Fv2%2Fmedia&parent=280"}],"curies":[{"name":"wp","href":"https:\/\/api.w.org\/{rel}","templated":true}]}}