{"id":28,"date":"2020-06-16T13:42:45","date_gmt":"2020-06-16T13:42:45","guid":{"rendered":"https:\/\/www.agl.ut.ee\/?page_id=28"},"modified":"2024-01-25T07:29:08","modified_gmt":"2024-01-25T07:29:08","slug":"oppeaasta-2020-21","status":"publish","type":"page","link":"https:\/\/www.agl.ut.ee\/?page_id=28","title":{"rendered":"Loengukursus 2020\/21"},"content":{"rendered":"\t\t<div data-elementor-type=\"wp-page\" data-elementor-id=\"28\" class=\"elementor elementor-28\">\n\t\t\t\t\t\t<section class=\"elementor-section elementor-top-section elementor-element elementor-element-7d07ee2c elementor-section-boxed elementor-section-height-default elementor-section-height-default\" data-id=\"7d07ee2c\" data-element_type=\"section\" data-e-type=\"section\">\n\t\t\t\t\t\t<div class=\"elementor-container elementor-column-gap-default\">\n\t\t\t\t\t<div class=\"elementor-column elementor-col-100 elementor-top-column elementor-element elementor-element-5a4bfa3b\" data-id=\"5a4bfa3b\" data-element_type=\"column\" data-e-type=\"column\">\n\t\t\t<div class=\"elementor-widget-wrap elementor-element-populated\">\n\t\t\t\t\t\t<div class=\"elementor-element elementor-element-bb0e106 elementor-widget elementor-widget-heading\" data-id=\"bb0e106\" data-element_type=\"widget\" data-e-type=\"widget\" data-widget_type=\"heading.default\">\n\t\t\t\t<div class=\"elementor-widget-container\">\n\t\t\t\t\t<h2 class=\"elementor-heading-title elementor-size-default\">Kevadsemester<\/h2>\t\t\t\t<\/div>\n\t\t\t\t<\/div>\n\t\t\t\t<div class=\"elementor-element elementor-element-736d5bd elementor-widget elementor-widget-heading\" data-id=\"736d5bd\" data-element_type=\"widget\" data-e-type=\"widget\" data-widget_type=\"heading.default\">\n\t\t\t\t<div class=\"elementor-widget-container\">\n\t\t\t\t\t<h3 class=\"elementor-heading-title elementor-size-default\">Etnogeneesi arheoloogia FLAJ.01.150 3EAP<\/h3>\t\t\t\t<\/div>\n\t\t\t\t<\/div>\n\t\t\t\t<div class=\"elementor-element elementor-element-1d9bec07 elementor-widget elementor-widget-text-editor\" data-id=\"1d9bec07\" data-element_type=\"widget\" data-e-type=\"widget\" data-widget_type=\"text-editor.default\">\n\t\t\t\t<div class=\"elementor-widget-container\">\n\t\t\t\t\t\t\t\t\t<p><\/p>\n<p><span style=\"font-size: 1rem;\">\u00d5ppej\u00f5ud: Valter Lang (vastutav), Aivar Kriiska, Karl Pajusalu, Richard Villems, Kristiina Tambets, Heiki Valk, Lehti Saag, Mari T\u00f5rv<\/span><\/p>\n<p><\/p>\n<p><\/p>\n<p>Kurusus on osa Tartu \u00dclikooli arheoloogia, geneetika ja lingvistika sidusuuringute kolleegiumi t\u00f6\u00f6st, mille eesm\u00e4rgiks on korraldada transdistsiplinaarset teadust\u00f6\u00f6d, kus etnogeneesi uurimisel p\u00f5imuvad arheoloogia, geneetika ja lingvistika.<br>Kursuse raames antakse \u00fclevaade etnogeneesi uurimise teoreetilistest l\u00e4henemistest, p\u00f5hilistest allikatest, meetoditest erinevates teadusharudes, v\u00f5tmem\u00f5istetest ja olulisematest n\u00e4itejuhtudest ning teemakohasest kriitikast. Varasemate etnogeneesiteooriate<br>&nbsp;tutvustamise k\u00f5rval keskendutakse uutele l\u00e4henemistele nii soome-ugri kui ka indoeuroopa etnogeneesi uurimisel arheoloogias, keeleteaduses ja geneetikas. Spetsiifiliste teemade puhul kaasatakse ka k\u00fclalislektoreid.<\/p>\n<p>Loengus v\u00f5ib osaleda ka vabakuulajana! Vajalik on registreerumine:&nbsp;<a href=\"https:\/\/bit.ly\/3bgmSGm\"><font face=\"system-ui, -apple-system, BlinkMacSystemFont, .SFNSText-Regular, sans-serif\"><span style=\"caret-color: rgb(0, 0, 0); color: var(--blue-link); cursor: pointer; list-style: none; touch-action: manipulation; font-size: 15px;\">https:\/\/bit.ly\/3bgmSGm<\/span><\/font>&nbsp;<\/a><\/p>\n<p><\/p>\t\t\t\t\t\t\t\t<\/div>\n\t\t\t\t<\/div>\n\t\t\t\t<div class=\"elementor-element elementor-element-df807cd elementor-widget elementor-widget-heading\" data-id=\"df807cd\" data-element_type=\"widget\" data-e-type=\"widget\" data-widget_type=\"heading.default\">\n\t\t\t\t<div class=\"elementor-widget-container\">\n\t\t\t\t\t<h3 class=\"elementor-heading-title elementor-size-default\">Loengute kava<\/h3>\t\t\t\t<\/div>\n\t\t\t\t<\/div>\n\t\t\t\t\t<\/div>\n\t\t<\/div>\n\t\t\t\t\t<\/div>\n\t\t<\/section>\n\t\t\t\t<section class=\"elementor-section elementor-top-section elementor-element elementor-element-5c40ed4 elementor-section-boxed elementor-section-height-default elementor-section-height-default\" data-id=\"5c40ed4\" data-element_type=\"section\" data-e-type=\"section\">\n\t\t\t\t\t\t<div class=\"elementor-container elementor-column-gap-default\">\n\t\t\t\t\t<div class=\"elementor-column elementor-col-100 elementor-top-column elementor-element elementor-element-e33fca6\" data-id=\"e33fca6\" data-element_type=\"column\" data-e-type=\"column\">\n\t\t\t<div class=\"elementor-widget-wrap elementor-element-populated\">\n\t\t\t\t\t\t<div class=\"elementor-element elementor-element-ebf38d8 elementor-widget elementor-widget-text-editor\" data-id=\"ebf38d8\" data-element_type=\"widget\" data-e-type=\"widget\" data-widget_type=\"text-editor.default\">\n\t\t\t\t<div class=\"elementor-widget-container\">\n\t\t\t\t\t\t\t\t\t<p><strong>1. Etnogeneesi arheoloogia. Mis see on ja miks?<br \/>17.02.2021<\/strong><\/p>\n<p>Sissejuhatus kursusesse. Historiograafia. Arheoloogia ning f\u00fc\u00fcsiline ja kultuuriantropoloogia etnogeneesi uurimisest.\u00a0\u00a0<\/p>\n<p><strong>\u00d5ppej\u00f5ud: Valter Lang,\u00a0<\/strong><strong style=\"font-size: 1rem;\">Mari T\u00f5rv,\u00a0<\/strong><strong style=\"font-size: 1rem;\">Art Leete<\/strong><\/p>\n<p><strong>2. Etnogeneesi interdistsiplinaarsed uurimismeetodid<br \/>\u00a0<strong style=\"font-size: 1rem;\">03.03.2021<\/strong><br \/><\/strong><\/p>\n<p>Eesti ja Euraasia n\u00e4itel tutvustavad arheoloogid, geneetikud ja keeleteadlased etnogeneesi uurimise teooriaid ja meetodeid t\u00e4nap\u00e4eval.<\/p>\n<p><strong>\u00d5ppej\u00f5ud: Karl Pajusalu, Miina Norvik, Kristiin Tambets, Richard Villems<\/strong><\/p>\n<p><strong>3. Etnos ja etnilised suhted t\u00e4nap\u00e4eval<br \/><\/strong><\/p>\n<p>Teoreetiline\/antropoloogiline sissevaade etnogeneesi, etnoste, etniliste suhete uurimisesse kaasaja kultuurides ja \u00fchiskondades. Kuidas t\u00e4nap\u00e4eva kultuuride uurimine aitab m\u00f5ista minevikus toimunud etnilisi protsesse?<\/p>\n<p><b>\u00d5ppej\u00f5ud: Aune Valk<\/b><\/p>\n<p><strong>4.\u00a0<\/strong><strong>Uued ja k\u00e4imasolevad uurimisprojektid<br \/>17.03.2021<br \/><\/strong><\/p>\n<p>Loengus antakse \u00fclevaade hetkel k\u00e4imasolevatest etnogeneesi uurimisega seotud teadusprojektidest Tartu \u00dclikoolis.<\/p>\n<p><b>\u00d5ppej\u00f5ud: Mari T\u00f5rv, projektide juhid<\/b><\/p>\n<p><strong>5. Esimesed inimesed t\u00e4nase Eesti alal<br \/>24.03.2021<br \/><\/strong><\/p>\n<p>Kust tulid siinse ala esmaasukad, kas siinsed k\u00fctid-korilased olid \u00fchte p\u00e4ritolu? Kas ja mil m\u00e4\u00e4ral on meis s\u00e4ilinud kiviaja k\u00fctte-korilasi? L\u00e4bi arheoloogilise materjali tutvustuse ning viimaste aastate geeniuuringute tutvustatakse Eesti ala varaasustust ja siin elanud inimesi.<\/p>\n<p><b>\u00d5ppej\u00f5ud: Aivar Kriiska, Lehti Saag.<\/b><\/p>\n<p><strong>6. Viljelusmajanduse algus<br \/>31.03.2021 <\/strong>\u00a0<\/p>\n<p>Kas n\u00fc\u00fcd v\u00f5ime \u00f6elda, et karjakasvatuse ja p\u00f5lluharimise t\u00f5id P\u00f5hja-Euroopasse sisser\u00e4ndajad? Mida r\u00e4\u00e4gib arheoloogia ja kas ja kuidas toetab seda teadmist geneetika?<\/p>\n<p><b>\u00d5ppej\u00f5ud: Aivar Kriiska, Lehti Saag.<\/b><\/p>\n<p><strong>7. Eesti keele juured<br \/>7.04.2021<br \/><\/strong><\/p>\n<p>Kui kaugele ajas saame minna eesti keele juurte otsimisel. Millised on meie sugulaskeeled ja nende ajalugu. Kas ja kuidas aitab keelte uurimisele kaasa arheoloogia ja geneetika?<\/p>\n<p><b>\u00d5ppej\u00f5ud: Karl Pajusalu, Miina Norvik<\/b><\/p>\n<p><strong>8. Migratsioonid kultuuri, keelte ja rahvaste kujundajatena<br \/>14.04.2021<br \/><\/strong><\/p>\n<p>Kas ja mil m\u00e4\u00e4ral m\u00f5jutavad kultuuride, keelte ja inimeste geene rahvaste r\u00e4nded? Kui suure ulatusega peab \u00fcks r\u00e4nne olema, et neid aspekte m\u00f5jutada? Kas ja milliseid migratsioone n\u00e4eme kiviaja j\u00e4rgsel Eesti alal?<\/p>\n<p><b>\u00d5ppej\u00f5ud: Valter Lang, Kristiina Tambets, Richard Villems, Karl Pajusalu<\/b><\/p>\n<p><strong>9. Inimesed, keeled ja kultuurid muinasaja l\u00f5pul ja keskajal<br \/>21.04.2021<br \/><\/strong><\/p>\n<p>Mida t\u00f5id endaga kaasa p\u00f5hjala ristis\u00f5dijad &#8211; keeled, kultuuri ja geenid?<\/p>\n<p><b>\u00d5ppej\u00f5ud: Heik Valk, Kristiina Tambets, Karl Pajusalu, Miina Norvik<\/b><\/p>\n<p><strong>10. Eestlaste elukeskkond. Eestlased kui metsarahvas.<br \/>28.04.2021<br \/><\/strong><\/p>\n<p>Kas eestlased on siis metsarahvas v\u00f5i Euroopa viimased k\u00fctid-korilased?<\/p>\n<p><b>\u00d5ppej\u00f5ud: T\u00f5nno Jonuks, Atko Remmel<\/b><\/p>\n<p>\u00a0<\/p>\t\t\t\t\t\t\t\t<\/div>\n\t\t\t\t<\/div>\n\t\t\t\t\t<\/div>\n\t\t<\/div>\n\t\t\t\t\t<\/div>\n\t\t<\/section>\n\t\t\t\t<\/div>\n\t\t","protected":false},"excerpt":{"rendered":"<p>Kevadsemester Etnogeneesi arheoloogia FLAJ.01.150 3EAP \u00d5ppej\u00f5ud: Valter Lang (vastutav), Aivar Kriiska, Karl Pajusalu, Richard Villems, Kristiina Tambets, Heiki Valk, Lehti Saag, Mari T\u00f5rv Kurusus on osa Tartu \u00dclikooli arheoloogia, geneetika ja lingvistika sidusuuringute kolleegiumi t\u00f6\u00f6st, mille eesm\u00e4rgiks on korraldada transdistsiplinaarset teadust\u00f6\u00f6d, kus etnogeneesi uurimisel p\u00f5imuvad arheoloogia, geneetika ja lingvistika.Kursuse raames antakse \u00fclevaade etnogeneesi uurimise teoreetilistest [&hellip;]<\/p>\n","protected":false},"author":1,"featured_media":0,"parent":0,"menu_order":0,"comment_status":"closed","ping_status":"closed","template":"","meta":{"_monsterinsights_skip_tracking":false,"_monsterinsights_sitenote_active":false,"_monsterinsights_sitenote_note":"","_monsterinsights_sitenote_category":0,"site-sidebar-layout":"default","site-content-layout":"default","ast-site-content-layout":"","site-content-style":"default","site-sidebar-style":"default","ast-global-header-display":"","ast-banner-title-visibility":"","ast-main-header-display":"","ast-hfb-above-header-display":"","ast-hfb-below-header-display":"","ast-hfb-mobile-header-display":"","site-post-title":"disabled","ast-breadcrumbs-content":"","ast-featured-img":"","footer-sml-layout":"","theme-transparent-header-meta":"default","adv-header-id-meta":"","stick-header-meta":"","header-above-stick-meta":"","header-main-stick-meta":"","header-below-stick-meta":"","astra-migrate-meta-layouts":"default","ast-page-background-enabled":"default","ast-page-background-meta":{"desktop":{"background-color":"var(--ast-global-color-4)","background-image":"","background-repeat":"repeat","background-position":"center center","background-size":"auto","background-attachment":"scroll","background-type":"","background-media":"","overlay-type":"","overlay-color":"","overlay-opacity":"","overlay-gradient":""},"tablet":{"background-color":"","background-image":"","background-repeat":"repeat","background-position":"center center","background-size":"auto","background-attachment":"scroll","background-type":"","background-media":"","overlay-type":"","overlay-color":"","overlay-opacity":"","overlay-gradient":""},"mobile":{"background-color":"","background-image":"","background-repeat":"repeat","background-position":"center center","background-size":"auto","background-attachment":"scroll","background-type":"","background-media":"","overlay-type":"","overlay-color":"","overlay-opacity":"","overlay-gradient":""}},"ast-content-background-meta":{"desktop":{"background-color":"var(--ast-global-color-5)","background-image":"","background-repeat":"repeat","background-position":"center center","background-size":"auto","background-attachment":"scroll","background-type":"","background-media":"","overlay-type":"","overlay-color":"","overlay-opacity":"","overlay-gradient":""},"tablet":{"background-color":"var(--ast-global-color-5)","background-image":"","background-repeat":"repeat","background-position":"center center","background-size":"auto","background-attachment":"scroll","background-type":"","background-media":"","overlay-type":"","overlay-color":"","overlay-opacity":"","overlay-gradient":""},"mobile":{"background-color":"var(--ast-global-color-5)","background-image":"","background-repeat":"repeat","background-position":"center center","background-size":"auto","background-attachment":"scroll","background-type":"","background-media":"","overlay-type":"","overlay-color":"","overlay-opacity":"","overlay-gradient":""}},"footnotes":""},"class_list":["post-28","page","type-page","status-publish","hentry"],"_links":{"self":[{"href":"https:\/\/www.agl.ut.ee\/index.php?rest_route=\/wp\/v2\/pages\/28","targetHints":{"allow":["GET"]}}],"collection":[{"href":"https:\/\/www.agl.ut.ee\/index.php?rest_route=\/wp\/v2\/pages"}],"about":[{"href":"https:\/\/www.agl.ut.ee\/index.php?rest_route=\/wp\/v2\/types\/page"}],"author":[{"embeddable":true,"href":"https:\/\/www.agl.ut.ee\/index.php?rest_route=\/wp\/v2\/users\/1"}],"replies":[{"embeddable":true,"href":"https:\/\/www.agl.ut.ee\/index.php?rest_route=%2Fwp%2Fv2%2Fcomments&post=28"}],"version-history":[{"count":15,"href":"https:\/\/www.agl.ut.ee\/index.php?rest_route=\/wp\/v2\/pages\/28\/revisions"}],"predecessor-version":[{"id":1383,"href":"https:\/\/www.agl.ut.ee\/index.php?rest_route=\/wp\/v2\/pages\/28\/revisions\/1383"}],"wp:attachment":[{"href":"https:\/\/www.agl.ut.ee\/index.php?rest_route=%2Fwp%2Fv2%2Fmedia&parent=28"}],"curies":[{"name":"wp","href":"https:\/\/api.w.org\/{rel}","templated":true}]}}