{"id":279,"date":"2021-01-07T11:17:23","date_gmt":"2021-01-07T11:17:23","guid":{"rendered":"https:\/\/www.agl.ut.ee\/?page_id=279"},"modified":"2025-01-10T12:34:56","modified_gmt":"2025-01-10T12:34:56","slug":"noukogu","status":"publish","type":"page","link":"https:\/\/www.agl.ut.ee\/?page_id=279","title":{"rendered":"N\u00f5ukogu"},"content":{"rendered":"\t\t<div data-elementor-type=\"wp-page\" data-elementor-id=\"279\" class=\"elementor elementor-279\">\n\t\t\t\t\t\t<section class=\"elementor-section elementor-top-section elementor-element elementor-element-8dc177e elementor-section-boxed elementor-section-height-default elementor-section-height-default\" data-id=\"8dc177e\" data-element_type=\"section\" data-e-type=\"section\">\n\t\t\t\t\t\t<div class=\"elementor-container elementor-column-gap-default\">\n\t\t\t\t\t<div class=\"elementor-column elementor-col-100 elementor-top-column elementor-element elementor-element-93c1cda\" data-id=\"93c1cda\" data-element_type=\"column\" data-e-type=\"column\">\n\t\t\t<div class=\"elementor-widget-wrap elementor-element-populated\">\n\t\t\t\t\t\t<div class=\"elementor-element elementor-element-c0f2f0a elementor-widget elementor-widget-text-editor\" data-id=\"c0f2f0a\" data-element_type=\"widget\" data-e-type=\"widget\" data-widget_type=\"text-editor.default\">\n\t\t\t\t<div class=\"elementor-widget-container\">\n\t\t\t\t\t\t\t\t\t<p>Kolleegiumi t\u00f6\u00f6d juhatab n\u00f5ukogu ja juhataja. Kolleegiumi n\u00f5ukogu koosseisu kuulub \u00fcks esindaja igast kolleegiumi t\u00f6\u00f6s osalevast instituudist (sturktuuri\u00fcksuse juhi ettepanekul), kolleegiumi juhataja, kuni viis n\u00f5ukogu kaasatud liiget. N\u00f5ukogu v\u00f5ib struktuuri\u00fcksuse esindajate arvu suurendada.<\/p><p>N\u00f5ukogu koosseis:<\/p><ol><li>Valter Lang (Tartu \u00dclikool, ajaloo ja arheoloogia instituut)<\/li><li>Richard Villems (Tartu \u00dclikool, molekulaar- ja rakubioloogia instituut, genoomika instituut)<\/li><li>Karl Pajusalu (Tartu \u00dclikool, eesti ja \u00fcldkeeleteaduse instituut)<\/li><li>Heiki Valk (Tartu \u00dclikool, ajaloo ja arheoloogia instituut)<\/li><li>Aivar Kriiska (Tartu \u00dclikool, ajaloo ja arheoloogia instituut; <strong>esimees<\/strong>)<\/li><li>Gerson Klumpp (Tartu \u00dclikool, eesti ja \u00fcldkeeleteaduse instituut)<\/li><li>Miina Norvik (Tartu \u00dclikool, eesti ja \u00fcldkeeleteaduse instituut;<strong> juhataja<\/strong>)<\/li><li>Kristiina Tambets (Tartu \u00dclikool,\u00a0<span style=\"font-size: 1rem;\">genoomika instituut<\/span><span style=\"font-size: 1rem;\">)<\/span><\/li><li>Lehti Saag (Tartu \u00dclikool, genoomika instituut)<\/li><li>Mait Metspalu (Tartu \u00dclikool, genoomika instituut)<\/li><li>Urmas Saarma (Tartu \u00dclikool, \u00f6koloogia ja maateaduste instituut)<\/li><li>Lembi L\u00f5ugas (Tallinna \u00dclikool, arheoloogia teaduskogu)<\/li><li>Indrek J\u00e4\u00e4ts (Eesti Rahva Muuseum)<\/li><li>\u00a0Mari T\u00f5rv (Tartu \u00dclikool, ajaloo ja arheoloogia instituut)<\/li><li>Urmas Varblane (Tartu \u00dclikool, sotsiaalteaduste valdkond<\/li><\/ol>\t\t\t\t\t\t\t\t<\/div>\n\t\t\t\t<\/div>\n\t\t\t\t\t<\/div>\n\t\t<\/div>\n\t\t\t\t\t<\/div>\n\t\t<\/section>\n\t\t\t\t<\/div>\n\t\t","protected":false},"excerpt":{"rendered":"<p>Kolleegiumi t\u00f6\u00f6d juhatab n\u00f5ukogu ja juhataja. Kolleegiumi n\u00f5ukogu koosseisu kuulub \u00fcks esindaja igast kolleegiumi t\u00f6\u00f6s osalevast instituudist (sturktuuri\u00fcksuse juhi ettepanekul), kolleegiumi juhataja, kuni viis n\u00f5ukogu kaasatud liiget. N\u00f5ukogu v\u00f5ib struktuuri\u00fcksuse esindajate arvu suurendada. N\u00f5ukogu koosseis: Valter Lang (Tartu \u00dclikool, ajaloo ja arheoloogia instituut) Richard Villems (Tartu \u00dclikool, molekulaar- ja rakubioloogia instituut, genoomika instituut) Karl Pajusalu [&hellip;]<\/p>\n","protected":false},"author":1,"featured_media":0,"parent":0,"menu_order":0,"comment_status":"closed","ping_status":"closed","template":"","meta":{"_monsterinsights_skip_tracking":false,"_monsterinsights_sitenote_active":false,"_monsterinsights_sitenote_note":"","_monsterinsights_sitenote_category":0,"site-sidebar-layout":"default","site-content-layout":"default","ast-site-content-layout":"","site-content-style":"default","site-sidebar-style":"default","ast-global-header-display":"","ast-banner-title-visibility":"","ast-main-header-display":"","ast-hfb-above-header-display":"","ast-hfb-below-header-display":"","ast-hfb-mobile-header-display":"","site-post-title":"disabled","ast-breadcrumbs-content":"","ast-featured-img":"","footer-sml-layout":"","theme-transparent-header-meta":"default","adv-header-id-meta":"","stick-header-meta":"","header-above-stick-meta":"","header-main-stick-meta":"","header-below-stick-meta":"","astra-migrate-meta-layouts":"default","ast-page-background-enabled":"default","ast-page-background-meta":{"desktop":{"background-color":"var(--ast-global-color-4)","background-image":"","background-repeat":"repeat","background-position":"center center","background-size":"auto","background-attachment":"scroll","background-type":"","background-media":"","overlay-type":"","overlay-color":"","overlay-opacity":"","overlay-gradient":""},"tablet":{"background-color":"","background-image":"","background-repeat":"repeat","background-position":"center center","background-size":"auto","background-attachment":"scroll","background-type":"","background-media":"","overlay-type":"","overlay-color":"","overlay-opacity":"","overlay-gradient":""},"mobile":{"background-color":"","background-image":"","background-repeat":"repeat","background-position":"center center","background-size":"auto","background-attachment":"scroll","background-type":"","background-media":"","overlay-type":"","overlay-color":"","overlay-opacity":"","overlay-gradient":""}},"ast-content-background-meta":{"desktop":{"background-color":"var(--ast-global-color-5)","background-image":"","background-repeat":"repeat","background-position":"center center","background-size":"auto","background-attachment":"scroll","background-type":"","background-media":"","overlay-type":"","overlay-color":"","overlay-opacity":"","overlay-gradient":""},"tablet":{"background-color":"var(--ast-global-color-5)","background-image":"","background-repeat":"repeat","background-position":"center center","background-size":"auto","background-attachment":"scroll","background-type":"","background-media":"","overlay-type":"","overlay-color":"","overlay-opacity":"","overlay-gradient":""},"mobile":{"background-color":"var(--ast-global-color-5)","background-image":"","background-repeat":"repeat","background-position":"center center","background-size":"auto","background-attachment":"scroll","background-type":"","background-media":"","overlay-type":"","overlay-color":"","overlay-opacity":"","overlay-gradient":""}},"footnotes":""},"class_list":["post-279","page","type-page","status-publish","hentry"],"_links":{"self":[{"href":"https:\/\/www.agl.ut.ee\/index.php?rest_route=\/wp\/v2\/pages\/279","targetHints":{"allow":["GET"]}}],"collection":[{"href":"https:\/\/www.agl.ut.ee\/index.php?rest_route=\/wp\/v2\/pages"}],"about":[{"href":"https:\/\/www.agl.ut.ee\/index.php?rest_route=\/wp\/v2\/types\/page"}],"author":[{"embeddable":true,"href":"https:\/\/www.agl.ut.ee\/index.php?rest_route=\/wp\/v2\/users\/1"}],"replies":[{"embeddable":true,"href":"https:\/\/www.agl.ut.ee\/index.php?rest_route=%2Fwp%2Fv2%2Fcomments&post=279"}],"version-history":[{"count":30,"href":"https:\/\/www.agl.ut.ee\/index.php?rest_route=\/wp\/v2\/pages\/279\/revisions"}],"predecessor-version":[{"id":1625,"href":"https:\/\/www.agl.ut.ee\/index.php?rest_route=\/wp\/v2\/pages\/279\/revisions\/1625"}],"wp:attachment":[{"href":"https:\/\/www.agl.ut.ee\/index.php?rest_route=%2Fwp%2Fv2%2Fmedia&parent=279"}],"curies":[{"name":"wp","href":"https:\/\/api.w.org\/{rel}","templated":true}]}}