{"id":278,"date":"2021-01-07T11:17:23","date_gmt":"2021-01-07T11:17:23","guid":{"rendered":"https:\/\/www.agl.ut.ee\/?page_id=278"},"modified":"2021-05-25T11:29:31","modified_gmt":"2021-05-25T11:29:31","slug":"kolleegium","status":"publish","type":"page","link":"https:\/\/www.agl.ut.ee\/?page_id=278","title":{"rendered":"Kolleegium"},"content":{"rendered":"\t\t<div data-elementor-type=\"wp-page\" data-elementor-id=\"278\" class=\"elementor elementor-278\">\n\t\t\t\t\t\t<section class=\"elementor-section elementor-top-section elementor-element elementor-element-6f3d2f5 elementor-section-boxed elementor-section-height-default elementor-section-height-default\" data-id=\"6f3d2f5\" data-element_type=\"section\" data-e-type=\"section\">\n\t\t\t\t\t\t<div class=\"elementor-container elementor-column-gap-default\">\n\t\t\t\t\t<div class=\"elementor-column elementor-col-100 elementor-top-column elementor-element elementor-element-a092bbb\" data-id=\"a092bbb\" data-element_type=\"column\" data-e-type=\"column\">\n\t\t\t<div class=\"elementor-widget-wrap elementor-element-populated\">\n\t\t\t\t\t\t<div class=\"elementor-element elementor-element-82fd531 elementor-widget elementor-widget-text-editor\" data-id=\"82fd531\" data-element_type=\"widget\" data-e-type=\"widget\" data-widget_type=\"text-editor.default\">\n\t\t\t\t<div class=\"elementor-widget-container\">\n\t\t\t\t\t\t\t\t\t<div class=\"page\" title=\"Page 1\">\n<div class=\"layoutArea\">\n<div class=\"column\">\n<p>Tartu U\u0308likooli arheoloogia, geneetika ja lingvistika sidusuuringute kolleegium on konsortsium, mille po\u0303hi\u00fclesanne on korraldada k\u00f5rgetasemelist transdistsiplinaarset uurimist\u00f6\u00f6d, milles p\u00f5imuvad esmajoones arheoloogia, geneetika ja lingvistika.<\/p>\n<p>Oma po\u0303hi\u00fclesande t\u00e4itmiseks kolleegium&nbsp;kavandab ja korraldab arheoloogia, geneetika ja lingvistika sidusaladel teadusuuringuid, taotledes selleks uurimistoetusi;&nbsp;teeb ettepanekuid ja aitab kaasa kolleegiumi suunitlust haarava o\u0303ppet\u00f6\u00f6, sh loengukursuste, seminaride ning talve- ja suvekoolide kavandamiseks ja korraldamiseks;&nbsp;tutvustab laiale avalikkusele kolleegiumi uurimist\u00f6\u00f6 tulemusi ja teeb koost\u00f6\u00f6d Eesti Rahva Muuseumi ning teiste uurimisasutustega kolleegiumi teadust\u00f6\u00f6 vallas;&nbsp;kavandab ja arendab rahvusvahelist koost\u00f6\u00f6d kolleegiumi tegevussuundades, osaleb n\u00f5upidamiste ja konverentside korraldamises.<\/p>\n<p>Kolleegiumi t\u00f6\u00f6d juhivad n\u00f5ukogu ja juhataja, asjaajamise eest vastutab T\u00dc ajaloo ja arheoloogia instituudi juhataja.<\/p>\n<\/div>\n<\/div>\n<\/div>\t\t\t\t\t\t\t\t<\/div>\n\t\t\t\t<\/div>\n\t\t\t\t\t<\/div>\n\t\t<\/div>\n\t\t\t\t\t<\/div>\n\t\t<\/section>\n\t\t\t\t<\/div>\n\t\t","protected":false},"excerpt":{"rendered":"<p>Tartu U\u0308likooli arheoloogia, geneetika ja lingvistika sidusuuringute kolleegium on konsortsium, mille po\u0303hi\u00fclesanne on korraldada k\u00f5rgetasemelist transdistsiplinaarset uurimist\u00f6\u00f6d, milles p\u00f5imuvad esmajoones arheoloogia, geneetika ja lingvistika. Oma po\u0303hi\u00fclesande t\u00e4itmiseks kolleegium&nbsp;kavandab ja korraldab arheoloogia, geneetika ja lingvistika sidusaladel teadusuuringuid, taotledes selleks uurimistoetusi;&nbsp;teeb ettepanekuid ja aitab kaasa kolleegiumi suunitlust haarava o\u0303ppet\u00f6\u00f6, sh loengukursuste, seminaride ning talve- ja suvekoolide kavandamiseks [&hellip;]<\/p>\n","protected":false},"author":1,"featured_media":0,"parent":0,"menu_order":0,"comment_status":"closed","ping_status":"closed","template":"","meta":{"_monsterinsights_skip_tracking":false,"_monsterinsights_sitenote_active":false,"_monsterinsights_sitenote_note":"","_monsterinsights_sitenote_category":0,"site-sidebar-layout":"no-sidebar","site-content-layout":"page-builder","ast-site-content-layout":"","site-content-style":"default","site-sidebar-style":"default","ast-global-header-display":"","ast-banner-title-visibility":"","ast-main-header-display":"","ast-hfb-above-header-display":"","ast-hfb-below-header-display":"","ast-hfb-mobile-header-display":"","site-post-title":"disabled","ast-breadcrumbs-content":"","ast-featured-img":"disabled","footer-sml-layout":"","theme-transparent-header-meta":"default","adv-header-id-meta":"","stick-header-meta":"","header-above-stick-meta":"","header-main-stick-meta":"","header-below-stick-meta":"","astra-migrate-meta-layouts":"default","ast-page-background-enabled":"default","ast-page-background-meta":{"desktop":{"background-color":"var(--ast-global-color-4)","background-image":"","background-repeat":"repeat","background-position":"center center","background-size":"auto","background-attachment":"scroll","background-type":"","background-media":"","overlay-type":"","overlay-color":"","overlay-opacity":"","overlay-gradient":""},"tablet":{"background-color":"","background-image":"","background-repeat":"repeat","background-position":"center center","background-size":"auto","background-attachment":"scroll","background-type":"","background-media":"","overlay-type":"","overlay-color":"","overlay-opacity":"","overlay-gradient":""},"mobile":{"background-color":"","background-image":"","background-repeat":"repeat","background-position":"center center","background-size":"auto","background-attachment":"scroll","background-type":"","background-media":"","overlay-type":"","overlay-color":"","overlay-opacity":"","overlay-gradient":""}},"ast-content-background-meta":{"desktop":{"background-color":"var(--ast-global-color-5)","background-image":"","background-repeat":"repeat","background-position":"center center","background-size":"auto","background-attachment":"scroll","background-type":"","background-media":"","overlay-type":"","overlay-color":"","overlay-opacity":"","overlay-gradient":""},"tablet":{"background-color":"var(--ast-global-color-5)","background-image":"","background-repeat":"repeat","background-position":"center center","background-size":"auto","background-attachment":"scroll","background-type":"","background-media":"","overlay-type":"","overlay-color":"","overlay-opacity":"","overlay-gradient":""},"mobile":{"background-color":"var(--ast-global-color-5)","background-image":"","background-repeat":"repeat","background-position":"center center","background-size":"auto","background-attachment":"scroll","background-type":"","background-media":"","overlay-type":"","overlay-color":"","overlay-opacity":"","overlay-gradient":""}},"footnotes":""},"class_list":["post-278","page","type-page","status-publish","hentry"],"_links":{"self":[{"href":"https:\/\/www.agl.ut.ee\/index.php?rest_route=\/wp\/v2\/pages\/278","targetHints":{"allow":["GET"]}}],"collection":[{"href":"https:\/\/www.agl.ut.ee\/index.php?rest_route=\/wp\/v2\/pages"}],"about":[{"href":"https:\/\/www.agl.ut.ee\/index.php?rest_route=\/wp\/v2\/types\/page"}],"author":[{"embeddable":true,"href":"https:\/\/www.agl.ut.ee\/index.php?rest_route=\/wp\/v2\/users\/1"}],"replies":[{"embeddable":true,"href":"https:\/\/www.agl.ut.ee\/index.php?rest_route=%2Fwp%2Fv2%2Fcomments&post=278"}],"version-history":[{"count":10,"href":"https:\/\/www.agl.ut.ee\/index.php?rest_route=\/wp\/v2\/pages\/278\/revisions"}],"predecessor-version":[{"id":585,"href":"https:\/\/www.agl.ut.ee\/index.php?rest_route=\/wp\/v2\/pages\/278\/revisions\/585"}],"wp:attachment":[{"href":"https:\/\/www.agl.ut.ee\/index.php?rest_route=%2Fwp%2Fv2%2Fmedia&parent=278"}],"curies":[{"name":"wp","href":"https:\/\/api.w.org\/{rel}","templated":true}]}}