{"id":261,"date":"2020-11-27T11:53:43","date_gmt":"2020-11-27T11:53:43","guid":{"rendered":"https:\/\/www.agl.ut.ee\/?page_id=261"},"modified":"2024-11-26T18:33:07","modified_gmt":"2024-11-26T18:33:07","slug":"videod-intervjuud-ettekanded","status":"publish","type":"page","link":"https:\/\/www.agl.ut.ee\/?page_id=261","title":{"rendered":"Videod, intervjuud, ettekanded"},"content":{"rendered":"\t\t<div data-elementor-type=\"wp-page\" data-elementor-id=\"261\" class=\"elementor elementor-261\">\n\t\t\t\t\t\t<section class=\"elementor-section elementor-top-section elementor-element elementor-element-2d35488 elementor-section-boxed elementor-section-height-default elementor-section-height-default\" data-id=\"2d35488\" data-element_type=\"section\" data-e-type=\"section\">\n\t\t\t\t\t\t<div class=\"elementor-container elementor-column-gap-default\">\n\t\t\t\t\t<div class=\"elementor-column elementor-col-100 elementor-top-column elementor-element elementor-element-a636754\" data-id=\"a636754\" data-element_type=\"column\" data-e-type=\"column\">\n\t\t\t<div class=\"elementor-widget-wrap elementor-element-populated\">\n\t\t\t\t\t\t<div class=\"elementor-element elementor-element-45ba948 elementor-widget elementor-widget-image\" data-id=\"45ba948\" data-element_type=\"widget\" data-e-type=\"widget\" data-widget_type=\"image.default\">\n\t\t\t\t<div class=\"elementor-widget-container\">\n\t\t\t\t\t\t\t\t\t\t\t\t\t\t\t<img decoding=\"async\" src=\"https:\/\/www.agl.ut.ee\/wp-content\/uploads\/elementor\/thumbs\/14_jun_2018_ty__197-osqkvqs6hvpsp4ye3o0wgetfvgxeszl53znavdrvrc.jpg\" title=\"14_jun_2018_ty__197\" alt=\"14_jun_2018_ty__197\" loading=\"lazy\" \/>\t\t\t\t\t\t\t\t\t\t\t\t\t\t\t<\/div>\n\t\t\t\t<\/div>\n\t\t\t\t\t<\/div>\n\t\t<\/div>\n\t\t\t\t\t<\/div>\n\t\t<\/section>\n\t\t\t\t<section class=\"elementor-section elementor-top-section elementor-element elementor-element-1e6fdb5 elementor-section-boxed elementor-section-height-default elementor-section-height-default\" data-id=\"1e6fdb5\" data-element_type=\"section\" data-e-type=\"section\">\n\t\t\t\t\t\t<div class=\"elementor-container elementor-column-gap-default\">\n\t\t\t\t\t<div class=\"elementor-column elementor-col-100 elementor-top-column elementor-element elementor-element-01ccb70\" data-id=\"01ccb70\" data-element_type=\"column\" data-e-type=\"column\">\n\t\t\t<div class=\"elementor-widget-wrap elementor-element-populated\">\n\t\t\t\t\t\t<div class=\"elementor-element elementor-element-76318ba elementor-widget elementor-widget-text-editor\" data-id=\"76318ba\" data-element_type=\"widget\" data-e-type=\"widget\" data-widget_type=\"text-editor.default\">\n\t\t\t\t<div class=\"elementor-widget-container\">\n\t\t\t\t\t\t\t\t\t<p><strong>2024<\/strong><\/p><p>Urmas Saarma ja Egle Tammeleht <a href=\"https:\/\/vikerraadio.err.ee\/1609497887\/labor-ilvesed-eestis-ja-latis-lainemudelid\/e724cd2f4d07ab23499901f51ac88612\">l<span style=\"font-size: 16px; font-style: normal; font-weight: 400;\">oomade geneetilistest uuringutest<\/span><\/a>,<span style=\"font-size: 16px;\"> Vikerraadio saade &#8220;Labor&#8221; (03.11.2024)<\/span><\/p><p>Miina Norvik &#8220;<a href=\"https:\/\/novaator.err.ee\/1609492009\/miina-norvik-oma-keel-annab-iseolemise\">Oma keel annab iseolemise<\/a>&#8220;, ERR Novaator (15.10.2024)<\/p><p>Aivar Kriiska, Kristiina Tambets ja Miina Norvik, ettekanded\/paneel &#8220;Kustkohast eestlane tuleb? Mis defineerib eestlase?&#8221;, Metsa\u00fclikool K\u00e4\u00e4rikul &#8220;Millesse eestlane usub?&#8221; (15.08.2024)<\/p><p>Kristiina Tambets &#8220;<a href=\"https:\/\/kuku.pleier.ee\/podcast\/kukkuv-oun\/166462\">Huvitav, kas regilauludel on eestlaste genoomiga ka mingi seos?<\/a>&#8220;, Kuku Raadio saade &#8220;Kukkuv \u00f5un&#8221; (19.03.2024)<\/p><p><strong>2023<\/strong><\/p><p><a style=\"background-color: #ffffff; outline: 0px;\" href=\"https:\/\/postimees.pleier.ee\/podcast\/kes-me-oleme-kust-me-tuleme\/167006\">Aivar Kriiska: Kammkeraamikast esimeste p\u00f5lluharijateni<\/a>, Postimehe <em>podcast<\/em>\u00a0&#8220;Kes me oleme? Kust me tuleme?&#8221; (29.11.2023)<\/p><p><span style=\"font-size: 1rem;\">Kristiina Tambetsi ettekanne <\/span><span style=\"font-style: inherit; font-weight: inherit;\"><a href=\"https:\/\/www.youtube.com\/watch?v=URUqVuEgFd0&amp;ab_channel=V%C3%B5roInstituut\">&#8220;R\u00e4nded Eesti alade asustusloos arheogeneetika vaates ja r\u00f5huga L\u00f5una-Eestil&#8221;<\/a>\u00a0<\/span><span style=\"font-size: 1rem;\">V\u00f5ru Instituudi s\u00fcgiskonverentsil \u201cP\u00f5lised ja r\u00e4ndajad, olijad ja tulijad, suhted ja m\u00f5jud\u201d (<\/span><span style=\"font-style: inherit; font-weight: inherit;\">27.-28.10.2023)<\/span><\/p><p><strong>2022\u00a0<\/strong><\/p><p>Kolleegiumi liikmed Kukruse isandast &#8220;<a href=\"https:\/\/www.youtube.com\/watch?v=nSgBHCKZRZU&amp;t=20s\">Ajahammas&#8221;<\/a>\u00a0(I-III osa)<\/p><p><b>2020<\/b><\/p><p>Miina Norvik &#8220;<a href=\"https:\/\/www.youtube.com\/watch?v=9r-T-SEfj2g&amp;list=PLf5nWwpR55huVyUYdum6u7I7vmwBlRySs&amp;index=1\">\u00dclikool koolitunnis: Uurali rahvad ja keeled<\/a>&#8221; (video)<\/p><p>Karl Pajusalu ja Valter Lang &#8220;<a href=\"https:\/\/www.youtube.com\/watch?v=g9haElAtjbc&amp;feature=youtu.be\">Tuglase selts: Uksest ja aknast<\/a>&#8221; (video)<\/p><p><b>2019<\/b><\/p><p>Valter Lang Vikerraadio saates &#8220;<a href=\"https:\/\/vikerraadio.err.ee\/920905\/eesti-lugu-meie-tulemised\">Eesti lugu. Meie tulemised<\/a>&#8220;<\/p><p>Valter Lang, Aivar Kriiska, Karl Pajusalu, Mait Metspalu, <span style=\"font-size: 1rem;\">Lehti Saag, <\/span><span style=\"font-size: 1rem;\">Kristiina Tambets ja Mari T\u00f5rv ETV saatesarjas &#8220;<a href=\"https:\/\/etv.err.ee\/1098113\/rahvusulikooli-sajand\">Rahvus\u00fclikooli sajand: 1. osa<\/a>&#8220;<\/span><\/p><p>Kristiina Tambets ja Lehti Saag inimese p\u00f5lvnemisest Kuku raadio saates &#8220;<a href=\"http:\/\/podcast.kuku.postimees.ee\/podcast\/kukkuv-oun-2019-05-26\/\">Kukkuv \u00f5un<\/a>&#8220;<\/p><p><b>2018<\/b><\/p><p>Valter Lang, Mait Metspalu, Lehti Saag, Mari T\u00f5rv arheoloogiast ja arheogeneetikast ETV saatesarjas &#8220;<a href=\"https:\/\/jupiter.err.ee\/1133256\/uudishimu-tippkeskus\">Uudishimu tippkeskus<\/a>&#8221; (hooaeg 1, episood 3)<\/p><p><span style=\"font-size: 1rem;\"><b>2017<\/b><\/span><\/p><p>Valter Lang Vikerraadio Uudis+ saates &#8220;<a href=\"https:\/\/vikerraadio.err.ee\/813337\/uudis-mirko-ojakivi\/696065\">Eestlastest ja eesti keele p\u00e4ritolust<\/a>&#8220;<\/p><p>Lehti Saag raadio Elmar saates &#8220;<a href=\"http:\/\/podcast.elmar.postimees.ee\/podcast\/maailmamix-18022018-ii-osa\/\">Maailmamix<\/a>&#8220;<\/p>\t\t\t\t\t\t\t\t<\/div>\n\t\t\t\t<\/div>\n\t\t\t\t\t<\/div>\n\t\t<\/div>\n\t\t\t\t\t<\/div>\n\t\t<\/section>\n\t\t\t\t<\/div>\n\t\t","protected":false},"excerpt":{"rendered":"<p>2024 Urmas Saarma ja Egle Tammeleht loomade geneetilistest uuringutest, Vikerraadio saade &#8220;Labor&#8221; (03.11.2024) Miina Norvik &#8220;Oma keel annab iseolemise&#8220;, ERR Novaator (15.10.2024) Aivar Kriiska, Kristiina Tambets ja Miina Norvik, ettekanded\/paneel &#8220;Kustkohast eestlane tuleb? Mis defineerib eestlase?&#8221;, Metsa\u00fclikool K\u00e4\u00e4rikul &#8220;Millesse eestlane usub?&#8221; (15.08.2024) Kristiina Tambets &#8220;Huvitav, kas regilauludel on eestlaste genoomiga ka mingi seos?&#8220;, Kuku Raadio [&hellip;]<\/p>\n","protected":false},"author":1,"featured_media":0,"parent":0,"menu_order":0,"comment_status":"closed","ping_status":"closed","template":"","meta":{"_monsterinsights_skip_tracking":false,"_monsterinsights_sitenote_active":false,"_monsterinsights_sitenote_note":"","_monsterinsights_sitenote_category":0,"site-sidebar-layout":"default","site-content-layout":"default","ast-site-content-layout":"","site-content-style":"default","site-sidebar-style":"default","ast-global-header-display":"","ast-banner-title-visibility":"","ast-main-header-display":"","ast-hfb-above-header-display":"","ast-hfb-below-header-display":"","ast-hfb-mobile-header-display":"","site-post-title":"disabled","ast-breadcrumbs-content":"","ast-featured-img":"","footer-sml-layout":"","theme-transparent-header-meta":"default","adv-header-id-meta":"","stick-header-meta":"","header-above-stick-meta":"","header-main-stick-meta":"","header-below-stick-meta":"","astra-migrate-meta-layouts":"default","ast-page-background-enabled":"default","ast-page-background-meta":{"desktop":{"background-color":"var(--ast-global-color-4)","background-image":"","background-repeat":"repeat","background-position":"center center","background-size":"auto","background-attachment":"scroll","background-type":"","background-media":"","overlay-type":"","overlay-color":"","overlay-opacity":"","overlay-gradient":""},"tablet":{"background-color":"","background-image":"","background-repeat":"repeat","background-position":"center center","background-size":"auto","background-attachment":"scroll","background-type":"","background-media":"","overlay-type":"","overlay-color":"","overlay-opacity":"","overlay-gradient":""},"mobile":{"background-color":"","background-image":"","background-repeat":"repeat","background-position":"center center","background-size":"auto","background-attachment":"scroll","background-type":"","background-media":"","overlay-type":"","overlay-color":"","overlay-opacity":"","overlay-gradient":""}},"ast-content-background-meta":{"desktop":{"background-color":"var(--ast-global-color-5)","background-image":"","background-repeat":"repeat","background-position":"center center","background-size":"auto","background-attachment":"scroll","background-type":"","background-media":"","overlay-type":"","overlay-color":"","overlay-opacity":"","overlay-gradient":""},"tablet":{"background-color":"var(--ast-global-color-5)","background-image":"","background-repeat":"repeat","background-position":"center center","background-size":"auto","background-attachment":"scroll","background-type":"","background-media":"","overlay-type":"","overlay-color":"","overlay-opacity":"","overlay-gradient":""},"mobile":{"background-color":"var(--ast-global-color-5)","background-image":"","background-repeat":"repeat","background-position":"center center","background-size":"auto","background-attachment":"scroll","background-type":"","background-media":"","overlay-type":"","overlay-color":"","overlay-opacity":"","overlay-gradient":""}},"footnotes":""},"class_list":["post-261","page","type-page","status-publish","hentry"],"_links":{"self":[{"href":"https:\/\/www.agl.ut.ee\/index.php?rest_route=\/wp\/v2\/pages\/261","targetHints":{"allow":["GET"]}}],"collection":[{"href":"https:\/\/www.agl.ut.ee\/index.php?rest_route=\/wp\/v2\/pages"}],"about":[{"href":"https:\/\/www.agl.ut.ee\/index.php?rest_route=\/wp\/v2\/types\/page"}],"author":[{"embeddable":true,"href":"https:\/\/www.agl.ut.ee\/index.php?rest_route=\/wp\/v2\/users\/1"}],"replies":[{"embeddable":true,"href":"https:\/\/www.agl.ut.ee\/index.php?rest_route=%2Fwp%2Fv2%2Fcomments&post=261"}],"version-history":[{"count":33,"href":"https:\/\/www.agl.ut.ee\/index.php?rest_route=\/wp\/v2\/pages\/261\/revisions"}],"predecessor-version":[{"id":1678,"href":"https:\/\/www.agl.ut.ee\/index.php?rest_route=\/wp\/v2\/pages\/261\/revisions\/1678"}],"wp:attachment":[{"href":"https:\/\/www.agl.ut.ee\/index.php?rest_route=%2Fwp%2Fv2%2Fmedia&parent=261"}],"curies":[{"name":"wp","href":"https:\/\/api.w.org\/{rel}","templated":true}]}}