{"id":26,"date":"2020-06-16T13:42:45","date_gmt":"2020-06-16T13:42:45","guid":{"rendered":"https:\/\/www.agl.ut.ee\/?page_id=26"},"modified":"2024-11-26T18:55:05","modified_gmt":"2024-11-26T18:55:05","slug":"sundmused","status":"publish","type":"page","link":"https:\/\/www.agl.ut.ee\/?page_id=26","title":{"rendered":"S\u00fcndmused"},"content":{"rendered":"\t\t<div data-elementor-type=\"wp-page\" data-elementor-id=\"26\" class=\"elementor elementor-26\">\n\t\t\t\t\t\t<section class=\"elementor-section elementor-top-section elementor-element elementor-element-a77f40f elementor-section-boxed elementor-section-height-default elementor-section-height-default\" data-id=\"a77f40f\" data-element_type=\"section\" data-e-type=\"section\">\n\t\t\t\t\t\t<div class=\"elementor-container elementor-column-gap-default\">\n\t\t\t\t\t<div class=\"elementor-column elementor-col-100 elementor-top-column elementor-element elementor-element-7f0ebde\" data-id=\"7f0ebde\" data-element_type=\"column\" data-e-type=\"column\">\n\t\t\t<div class=\"elementor-widget-wrap elementor-element-populated\">\n\t\t\t\t\t\t<div class=\"elementor-element elementor-element-86c054c elementor-tabs-view-horizontal elementor-widget elementor-widget-tabs\" data-id=\"86c054c\" data-element_type=\"widget\" data-e-type=\"widget\" data-widget_type=\"tabs.default\">\n\t\t\t\t<div class=\"elementor-widget-container\">\n\t\t\t\t\t\t\t<div class=\"elementor-tabs\">\n\t\t\t<div class=\"elementor-tabs-wrapper\" role=\"tablist\" >\n\t\t\t\t\t\t\t\t\t<div id=\"elementor-tab-title-1411\" class=\"elementor-tab-title elementor-tab-desktop-title\" aria-selected=\"true\" data-tab=\"1\" role=\"tab\" tabindex=\"0\" aria-controls=\"elementor-tab-content-1411\" aria-expanded=\"false\">2024<\/div>\n\t\t\t\t\t\t\t\t\t<div id=\"elementor-tab-title-1412\" class=\"elementor-tab-title elementor-tab-desktop-title\" aria-selected=\"false\" data-tab=\"2\" role=\"tab\" tabindex=\"-1\" aria-controls=\"elementor-tab-content-1412\" aria-expanded=\"false\">Varasemad s\u00fcndmused<\/div>\n\t\t\t\t\t\t\t<\/div>\n\t\t\t<div class=\"elementor-tabs-content-wrapper\" role=\"tablist\" aria-orientation=\"vertical\">\n\t\t\t\t\t\t\t\t\t<div class=\"elementor-tab-title elementor-tab-mobile-title\" aria-selected=\"true\" data-tab=\"1\" role=\"tab\" tabindex=\"0\" aria-controls=\"elementor-tab-content-1411\" aria-expanded=\"false\">2024<\/div>\n\t\t\t\t\t<div id=\"elementor-tab-content-1411\" class=\"elementor-tab-content elementor-clearfix\" data-tab=\"1\" role=\"tabpanel\" aria-labelledby=\"elementor-tab-title-1411\" tabindex=\"0\" hidden=\"false\"><h4><span style=\"color: #003366;\">Livonica 3 + Minor Finnic Languages 2 = 5<\/span><\/h4><h6>Interdistsiplinaarne konverents 26.-28. juunini 2024\u00a0 Riias<\/h6><p>Peakorraldaja L\u00e4ti \u00dclikooli liivi instituut, kaaskorraldajad AGL ja Eesti Juurte tippkeskus<\/p><p>AGLi liikmeted olid seotud kokku 5 ettekandega:<\/p><ul><li><strong>Kristiina Tambets<\/strong> <span style=\"color: #003366;\"><span style=\"color: #333399;\">&#8220;Transdisciplinary Approach for Deciphering the Human Past with a Focus on the Genetics of the Uralic Speaking Populations&#8221;<\/span> <\/span>(keynote)<\/li><li><strong>Valter Lang<\/strong><span style=\"color: #333399;\"> &#8220;Finnic be-comings: five years later&#8221;<\/span><\/li><li>Alena Kushniarevich, Stella Eileen P\u00e4id, Roberts Spir\u0123is, Eduards Plank\u0101js, Georgi Hudja\u0161ov, Stefania Sasso, <strong>Lehti Saag<\/strong>, Ruoyun Hui, Martin Malve, Heiki Valk, Raimonds Res\u010denko, J\u0101nis Klovi\u0146\u0161, Gunita Zari\u0146a, Toomas Kivisild, <strong>Kristiina Tambets<\/strong><span style=\"color: #333399;\"> &#8220;Population structure of historic Livonians from the ancient DNA perspective&#8221;<\/span><\/li><li><strong>Karl Pajusalu<\/strong>, <strong>Miina Norvik<\/strong>, Eva Saar, Uldis Balodis <span style=\"color: #333399;\">&#8220;How and why does Livonian differ from other Finnic languages?&#8221;<\/span><\/li><li>Helle Metslang,<strong> Miina Norvik<\/strong>, Eva Saar<span style=\"color: #333399;\"> &#8220;Dynamics of the Courland Livonian case system in the context of the Central Baltic area&#8221;<\/span><\/li><\/ul><p><a href=\"https:\/\/www.agl.ut.ee\/wp-content\/uploads\/2024\/11\/programme-1.pdf\">Vt tervet programmi siit<\/a><\/p><div id='gallery-1' class='gallery galleryid-26 gallery-columns-3 gallery-size-thumbnail'><figure class='gallery-item'>\n\t\t\t<div class='gallery-icon portrait'>\n\t\t\t\t<a href='https:\/\/www.agl.ut.ee\/?attachment_id=1655'><img decoding=\"async\" width=\"150\" height=\"150\" src=\"https:\/\/www.agl.ut.ee\/wp-content\/uploads\/2024\/11\/Riias-150x150.jpg\" class=\"attachment-thumbnail size-thumbnail\" alt=\"\" aria-describedby=\"gallery-1-1655\" \/><\/a>\n\t\t\t<\/div>\n\t\t\t\t<figcaption class='wp-caption-text gallery-caption' id='gallery-1-1655'>\n\t\t\t\tLiivi instituudi ees\n\t\t\t\t<\/figcaption><\/figure><figure class='gallery-item'>\n\t\t\t<div class='gallery-icon portrait'>\n\t\t\t\t<a href='https:\/\/www.agl.ut.ee\/?attachment_id=1686'><img decoding=\"async\" width=\"150\" height=\"150\" src=\"https:\/\/www.agl.ut.ee\/wp-content\/uploads\/2024\/11\/Valt-konet-pidamas-150x150.jpg\" class=\"attachment-thumbnail size-thumbnail\" alt=\"\" aria-describedby=\"gallery-1-1686\" \/><\/a>\n\t\t\t<\/div>\n\t\t\t\t<figcaption class='wp-caption-text gallery-caption' id='gallery-1-1686'>\n\t\t\t\tLiivi instituudi direktor Valts Ern\u0161treits konverentsi avamas\n\t\t\t\t<\/figcaption><\/figure><figure class='gallery-item'>\n\t\t\t<div class='gallery-icon landscape'>\n\t\t\t\t<a href='https:\/\/www.agl.ut.ee\/?attachment_id=1685'><img decoding=\"async\" width=\"150\" height=\"150\" src=\"https:\/\/www.agl.ut.ee\/wp-content\/uploads\/2024\/11\/Kristiina-Tambets-ettekannet-pidamas-150x150.jpg\" class=\"attachment-thumbnail size-thumbnail\" alt=\"\" aria-describedby=\"gallery-1-1685\" \/><\/a>\n\t\t\t<\/div>\n\t\t\t\t<figcaption class='wp-caption-text gallery-caption' id='gallery-1-1685'>\n\t\t\t\tKristiina Tambets ettekannet pidamas\n\t\t\t\t<\/figcaption><\/figure><figure class='gallery-item'>\n\t\t\t<div class='gallery-icon landscape'>\n\t\t\t\t<a href='https:\/\/www.agl.ut.ee\/?attachment_id=1653'><img loading=\"lazy\" decoding=\"async\" width=\"150\" height=\"150\" src=\"https:\/\/www.agl.ut.ee\/wp-content\/uploads\/2024\/11\/20240627_200416-150x150.jpg\" class=\"attachment-thumbnail size-thumbnail\" alt=\"\" aria-describedby=\"gallery-1-1653\" \/><\/a>\n\t\t\t<\/div>\n\t\t\t\t<figcaption class='wp-caption-text gallery-caption' id='gallery-1-1653'>\n\t\t\t\tVastuv\u00f5tul Riias asuvas Eesti saatkonnas\n\t\t\t\t<\/figcaption><\/figure><figure class='gallery-item'>\n\t\t\t<div class='gallery-icon portrait'>\n\t\t\t\t<a href='https:\/\/www.agl.ut.ee\/?attachment_id=1687'><img loading=\"lazy\" decoding=\"async\" width=\"150\" height=\"150\" src=\"https:\/\/www.agl.ut.ee\/wp-content\/uploads\/2024\/11\/Ekskursioonil-Satesele-linnamael-150x150.jpg\" class=\"attachment-thumbnail size-thumbnail\" alt=\"\" aria-describedby=\"gallery-1-1687\" \/><\/a>\n\t\t\t<\/div>\n\t\t\t\t<figcaption class='wp-caption-text gallery-caption' id='gallery-1-1687'>\n\t\t\t\tEkskursioonil Satesele linnam\u00e4el\n\t\t\t\t<\/figcaption><\/figure><figure class='gallery-item'>\n\t\t\t<div class='gallery-icon landscape'>\n\t\t\t\t<a href='https:\/\/www.agl.ut.ee\/?attachment_id=1691'><img loading=\"lazy\" decoding=\"async\" width=\"150\" height=\"150\" src=\"https:\/\/www.agl.ut.ee\/wp-content\/uploads\/2024\/11\/Ohtune-Vaina-jogi-150x150.jpg\" class=\"attachment-thumbnail size-thumbnail\" alt=\"\" aria-describedby=\"gallery-1-1691\" \/><\/a>\n\t\t\t<\/div>\n\t\t\t\t<figcaption class='wp-caption-text gallery-caption' id='gallery-1-1691'>\n\t\t\t\t\u00d5htune V\u00e4ina j\u00f5gi\n\t\t\t\t<\/figcaption><\/figure>\n\t\t<\/div>\n<\/div>\n\t\t\t\t\t\t\t\t\t<div class=\"elementor-tab-title elementor-tab-mobile-title\" aria-selected=\"false\" data-tab=\"2\" role=\"tab\" tabindex=\"-1\" aria-controls=\"elementor-tab-content-1412\" aria-expanded=\"false\">Varasemad s\u00fcndmused<\/div>\n\t\t\t\t\t<div id=\"elementor-tab-content-1412\" class=\"elementor-tab-content elementor-clearfix\" data-tab=\"2\" role=\"tabpanel\" aria-labelledby=\"elementor-tab-title-1412\" tabindex=\"0\" hidden=\"hidden\"><h4>9.12.2022 &#8220;Interdistsiplinaarsed v\u00f5imalused minevikus\u00fcndmuste uurimisel&#8221; seminar<\/h4><p>Algus: 10.00<br \/>Toimumiskoht: Ravila 14a<\/p><div><p><span lang=\"ET-EE\">Minevikku \u2013 nii inimesi,\u00a0nende\u00a0kultuuri kui ka looduskeskkonda \u2013 uurivaid distsipliine koondav\u00a0ja\u00a0diskussioonile kutsuv\u00a0seminar\u00a0<b>\u201cInterdistsiplinaarsed v\u00f5imalused minevikus\u00fcndmuste uurimisel\u201d<\/b>\u00a0tuleb taas!\u00a0<\/span>\u00a0<\/p><\/div><div><p><span lang=\"ET-EE\">P\u00e4rast\u00a0kaheaastast\u00a0\u201csundpuhkust\u201d on\u00a01999. aastal Lembi L\u00f5ugase vedamisel alguse saanud interdistsiplinaarne seminar\u00a0oma tuntud headuses\u00a0tagasi.\u00a0Sedapuhku v\u00f5tab korraldustoimkonna teatepulga \u00fcle\u00a0<\/span><span lang=\"ET-EE\"><a title=\"https:\/\/www.archemy.ee\/\" href=\"https:\/\/www.archemy.ee\/\" target=\"_blank\" rel=\"noopener\" data-saferedirecturl=\"https:\/\/www.google.com\/url?q=https:\/\/www.archemy.ee\/&amp;source=gmail&amp;ust=1676373944812000&amp;usg=AOvVaw1ZPy6wPg9MmJaq2e08GGkZ\">T\u00dc Archemy uurimisgrupp<\/a><\/span><span lang=\"ET-EE\">\u00a0koos\u00a0<\/span><span lang=\"ET-EE\"><a title=\"https:\/\/www.agl.ut.ee\/\" href=\"https:\/\/www.agl.ut.ee\/\" target=\"_blank\" rel=\"noopener\" data-saferedirecturl=\"https:\/\/www.google.com\/url?q=https:\/\/www.agl.ut.ee\/&amp;source=gmail&amp;ust=1676373944812000&amp;usg=AOvVaw1b6mp2JYEKe_bNEphN8N7K\">Tartu \u00dclikooli arheoloogia, geneetika ja lingvistika sidusuuringute kolleegiumiga<\/a><\/span><span lang=\"ET-EE\">.\u00a0<\/span>\u00a0<\/p><\/div><div><p><span lang=\"ET-EE\">Kahek\u00fcmne aastaga on detsembrikuisest v\u00e4ljas\u00f5iduseminarist saanud arheoloogia ja sellega tihedalt seotud\u00a0erialade oodatud s\u00fcndmus.\u00a0Oleme r\u00e4\u00e4kinud\u00a0soome-ugrilaste geneetiliste juurte, L\u00e4\u00e4nemere idakalda rannajoone,\u00a0inimesi eri aedadel kimbutanud haiguste uurimisest, aga ka\u00a0eksperimentaalarheoloogiast, keskkonna\u00a0<wbr \/>rekonstruktsioonidest\u00a0ning muistetest toitumisharjumustest.<\/span><\/p><\/div><p><strong>P\u00e4evakava<\/strong><\/p><p>10.00-10.05<strong> Lembi L\u00f5ugas ja Ester Oras<\/strong>: avas\u00f5nad<\/p><p>10.05-10.25<strong> Kristjan Sander<\/strong>: Land use dynamics of Stone Age hunter-gatherers after Litorina Sea Transgression Maximum in the West Estonian Lowland (ca. 5300-2500 cal BC)<\/p><p>10.30-10.50 <strong>Aivar Kriiska et al.<\/strong>,: Haledalt mattunud alemaad. Mattunu ja mattumise interdistsiplinaarsed uuringu J\u00e4gala J\u00f5esuus<\/p><p>10.50-11.10 <strong>Ester Oras, Mari T\u00f5rv, Kristiina Johanson, Eve Rannam\u00e4e<\/strong>: Baltikumi P\u00f5lluharijate &#8220;jahil&#8221;<\/p><p>11.10-11.25 <em>Sirutuspaus<\/em><\/p><p>11.25-11.45 <strong>Mariliis Eensalu<\/strong>: &#8220;Holocene hydrological history in Southern Estonia and a modern analogue of isotope ecohydrology&#8221;<\/p><p>11.50-12.10 <strong>Vivika V\u00e4li<\/strong>: &#8220;Inimm\u00f5ju taimkatte arengule Karulas&#8221;<\/p><p>12.15-12.35 <strong>Helena Eenmaa<\/strong>: \u00d5ietolmu kasutamise v\u00f5imalused arheoloogias<\/p><p>12.40-13.00 <strong>Agnes Unt<\/strong>: Hambakivi toitumise uurimis allikana<\/p><p><em>13.00-13.40 Sirutus ja l\u00f5unapaus<\/em><\/p><p>13.40-14.00 <strong>Kristiina Johanson<\/strong>: Mida nad s\u00f5id &#8211; Pada asula savin\u00f5ude k\u00f5rbekihtide anal\u00fc\u00fcs<\/p><p>14.05-14.25 <strong>Martin Malve<\/strong>: Toitumisest kesk- ja varauusaegses Tartus isotoopuuringute valguses<\/p><p>14.30-14.50 <strong>Kristiina Tambets<\/strong>: Eesti keskaegne elanikkond arheogeneetika vaatevinklist.<\/p><p><em>14.50-15.05 Sirutuspaus<\/em><\/p><p>15.05-15.25 <strong>Riina Rammo<\/strong>: Kuidas v\u00e4rvida sinist? Eesti arheoloogilised tekstiilileiud 11.-15. sajandil.<\/p><p>15.30-15.40 <strong>Mari T\u00f5rv<\/strong>: Projekt &#8220;PaleoMIX: Kultuurip\u00e4randi uurimise h\u00fcpe innovaatiliste bioarheoloogiliste meetodite rakendamise kaudu Baltikumis&#8221;<\/p><p><em>15.45-16.00 Kokkuv\u00f5te ja kuidas edasi<\/em><\/p><p><em>16.00-17.00 Laborite k\u00fclastused Chemicumi<\/em>s<\/p><p><em>18.00-&#8230;j\u00e4tkuseminar Jakobi 2<\/em><\/p><h4>14.-15.06.2022 <a href=\"https:\/\/www.agl.ut.ee\/uncategorized\/kokkuvote-metodoloogilised-perspektiivid-proto-uurali-ja-laane-uurali-keele-uurimisel-seminarist\/\">Metodoloogilised perspektiivid proto-uurali ja l\u00e4\u00e4ne-uurali keele uurimisel<\/a><\/h4><p>Algus: 10.00<\/p><p>Toimumiskoht: Jakobi 2-114\/115<\/p><p><strong>P\u00e4evakava<\/strong><\/p><p><strong>14 June 2022<\/strong><br \/>10.00\u201310.15 Opening words by prof. <strong>Karl Pajusalu<\/strong><\/p><p><strong>Session 1<\/strong>: Formation and migrations of Proto-Uralic\u00a0<br \/>10.15\u201311.00 The position of Proto-Uralic in the Northern Eurasian linguistic landscape,<strong> Juha Janhunen<\/strong> (University of Helsinki)<br \/>11.00\u201311.40 The Indo-Uralic hypothesis: history and state of the art, <strong>Petri Kallio <\/strong>(University of Helsinki)<br \/>11.40\u201312.20 A phylogenetic study of the formation of Proto-Uralic, <strong>Michael Dunn &amp; <\/strong><strong>Outi Vesakoski<\/strong> (University of Turku, Uppsala University)<br \/>12.20\u201313.00 Genetic studies on Estonian and Latvian archaeological materials of Medieval period \u2013 overview of ongoing research, <strong>Kristiina Tambets <\/strong>(University of Tartu)<\/p><p><strong>Session 2: Formation and migrations of Western Uralic<\/strong>\u00a0<br \/>14.15\u201315.00 The rise and dispersal of Western Uralic, <strong>Riho Gr\u00fcnthal<\/strong> (University of Helsinki)<br \/>15.00\u201315.40 From East to West: migration of Proto-Finns as evidenced by archaeological data, <strong>Valter Lang<\/strong> (University of Tartu)<br \/>15.40\u201316.20 New Bronze Age and Iron Age stone graves in Vidzeme, <strong>J\u0101nis Ciglis <\/strong>(National History Museum of Latvia)<br \/>16.20\u201316.40 Vestiges of Uralic expansion in the genomic landscape of Eastern Europe <strong>Mait Metspalu<\/strong> (University of Tartu)<br \/>16.40\u201317.00 The UraTyp database and research perspectives, <strong>Miina Norvik &amp; Karl <\/strong><strong>Pajusalu<\/strong> (University of Tartu)<br \/>17.00\u201317.30 Discussion: migrations of Proto-Finns to West<\/p><p><strong>15 June 2022<\/strong><br \/><strong>Session 3:<\/strong> Archaeological traces of Finnic people on the way of their arrival: research state and questions\u00a0<br \/>9.15\u201310.00 Paternal lineages in the Uralic context, <strong>Richard Villems<\/strong> (University of Tartu)<br \/>10.00\u201310.30 Archaeological traces of Finnic people on the way of their arrival: research state and questions, <strong>Heiki Valk<\/strong> (University of Tartu)<br \/>10.30\u201311.00 Vends in the light of archaeological material, <strong>Vitolds Muiznieks &amp; <\/strong><strong>Eduards Plank\u0101js<\/strong> (National History Museum of Latvia, University of<br \/>Latvia)<br \/>11.00\u201311.30 Livs from the Ogresgala \u010cabas (Chabas) cemetery (11th\u201313th century), <strong>Roberts Spirgis<\/strong> (Independent Researcher)<\/p><p><strong>Session 4:<\/strong> Baltic Finns and their interdisciplinary study\u00a0<br \/>11.45\u201312.10 Linguistic traces of Finnic people in Latvia, <strong>Uldis Balodis &amp; Karl Pajusalu <\/strong>(University of Latvia, University of Tartu)<br \/>12.10\u201312.40 Perspectives of interdisciplinary research of Baltic Finns in Latvia, <strong>Gunita Zarina<\/strong> (University of Latvia)<br \/>12.40\u201313.00 Final discussion: future perspective on multi-disciplinary collaboration<\/p><p>\u00a0<\/p><h4>19.10.2021 Arheoloogia, geneetika, lingvistika sidususuuringute seminar<\/h4><p>Algus: 14.00<br \/>Toimumiskoht: Jakobi 2-114<\/p><p>Seminari on oodatud kuulama k\u00f5ik huvilised. Kohapeal on vajalik ette n\u00e4idata COVID t\u00f5end vaksineerimise v\u00f5i haiguse l\u00e4bip\u00f5demise kohta. Seminari on v\u00f5imalik kuulata ka Zoomi vahendusel.<\/p><p><strong>P\u00e4evakava<\/strong><\/p><p class=\"x_MsoNormal\">14.00 Valter Lang (Tartu \u00dclikool) \u201c<b>Some thoughts about the routes to the Baltic Sea<\/b>.\u201c<br \/><span style=\"font-style: inherit;\">14.25 Outi Vesakoski (Turu \u00dclikool) \u201c<b>Interdisciplinary Uralistics in Turku<\/b>\u201d\u00a0<br \/><\/span><span style=\"font-style: inherit;\">14.50 Yingqi Jing (Uppsala \u00dclikool) \u201e<b>A quantitative investigation of Uralic linguistic typology<\/b>\u201c\u00a0<br \/><\/span><span style=\"font-style: inherit;\">15.15 Miina Norvik (Tartu \u00dclikool \/ Uppsala \u00dclikool), Karl Pajusalu (University of Tartu), Helle Metslang (Tartu \u00dclikool), Eva Saar (Tartu \u00dclikool) \u201c<b>Typological convergence in the Central Baltic area<\/b>\u201d\u00a0<\/span><\/p><p class=\"x_MsoNormal\">15.40-16.10 Kohvipaus<\/p><p class=\"x_MsoNormal\">16.10 Robert Forkel (Max Plancki evolutsioonilise antropoloogia instituut) \u201c<b>Integrating world-wide cross-linguistic and cultural data via CLDF<\/b>\u201d (in Zoom)\u00a0<br \/><span style=\"font-style: inherit;\">16.35 Kristiina Tambets (Tartu \u00dclikool) \u201e<b>Genetic studies of the European temperate zone from the Uralic angle<\/b>\u201c<br \/><\/span><span style=\"font-style: inherit;\">17.00 Michael Dunn (Uppsala \u00dclikool) \u201c<b>Rune staves, and the transmission of cognitive technologies<\/b>\u201d\u00a0<br \/><\/span><span style=\"font-style: inherit;\">17.25 Silvia-Kristiin Kask (Tartu \u00dclikool), Mari T\u00f5rv (Tartu \u00dclikool) \u201e<b>Estonian roots &#8211; introducing new research on Estonian peoples&#8217; ethnogenesis to the general public<\/b><\/span><span lang=\"ET\" style=\"font-style: inherit;\">\u201c<\/span><\/p><\/div>\n\t\t\t\t\t\t\t<\/div>\n\t\t<\/div>\n\t\t\t\t\t\t<\/div>\n\t\t\t\t<\/div>\n\t\t\t\t\t<\/div>\n\t\t<\/div>\n\t\t\t\t\t<\/div>\n\t\t<\/section>\n\t\t\t\t<section class=\"elementor-section elementor-top-section elementor-element elementor-element-01eff40 elementor-section-boxed elementor-section-height-default elementor-section-height-default\" data-id=\"01eff40\" data-element_type=\"section\" data-e-type=\"section\">\n\t\t\t\t\t\t<div class=\"elementor-container elementor-column-gap-default\">\n\t\t\t\t\t<div class=\"elementor-column elementor-col-100 elementor-top-column elementor-element elementor-element-d69f2a8\" data-id=\"d69f2a8\" data-element_type=\"column\" data-e-type=\"column\">\n\t\t\t<div class=\"elementor-widget-wrap\">\n\t\t\t\t\t\t\t<\/div>\n\t\t<\/div>\n\t\t\t\t\t<\/div>\n\t\t<\/section>\n\t\t\t\t<section class=\"elementor-section elementor-top-section elementor-element elementor-element-99ab428 elementor-section-boxed elementor-section-height-default elementor-section-height-default\" data-id=\"99ab428\" data-element_type=\"section\" data-e-type=\"section\">\n\t\t\t\t\t\t<div class=\"elementor-container elementor-column-gap-default\">\n\t\t\t\t\t<div class=\"elementor-column elementor-col-100 elementor-top-column elementor-element elementor-element-c3da233\" data-id=\"c3da233\" data-element_type=\"column\" data-e-type=\"column\">\n\t\t\t<div class=\"elementor-widget-wrap\">\n\t\t\t\t\t\t\t<\/div>\n\t\t<\/div>\n\t\t\t\t\t<\/div>\n\t\t<\/section>\n\t\t\t\t<section class=\"elementor-section elementor-top-section elementor-element elementor-element-d5ccdb5 elementor-section-boxed elementor-section-height-default elementor-section-height-default\" data-id=\"d5ccdb5\" data-element_type=\"section\" data-e-type=\"section\">\n\t\t\t\t\t\t<div class=\"elementor-container elementor-column-gap-default\">\n\t\t\t\t\t<div class=\"elementor-column elementor-col-100 elementor-top-column elementor-element elementor-element-dd2a67b\" data-id=\"dd2a67b\" data-element_type=\"column\" data-e-type=\"column\">\n\t\t\t<div class=\"elementor-widget-wrap\">\n\t\t\t\t\t\t\t<\/div>\n\t\t<\/div>\n\t\t\t\t\t<\/div>\n\t\t<\/section>\n\t\t\t\t<section class=\"elementor-section elementor-top-section elementor-element elementor-element-71951a4 elementor-section-boxed elementor-section-height-default elementor-section-height-default\" data-id=\"71951a4\" data-element_type=\"section\" data-e-type=\"section\">\n\t\t\t\t\t\t<div class=\"elementor-container elementor-column-gap-default\">\n\t\t\t\t\t<div class=\"elementor-column elementor-col-100 elementor-top-column elementor-element elementor-element-78469a3\" data-id=\"78469a3\" data-element_type=\"column\" data-e-type=\"column\">\n\t\t\t<div class=\"elementor-widget-wrap\">\n\t\t\t\t\t\t\t<\/div>\n\t\t<\/div>\n\t\t\t\t\t<\/div>\n\t\t<\/section>\n\t\t\t\t<\/div>\n\t\t","protected":false},"excerpt":{"rendered":"<p>2024 Varasemad s\u00fcndmused 2024 Livonica 3 + Minor Finnic Languages 2 = 5 Interdistsiplinaarne konverents 26.-28. juunini 2024\u00a0 Riias Peakorraldaja L\u00e4ti \u00dclikooli liivi instituut, kaaskorraldajad AGL ja Eesti Juurte tippkeskus AGLi liikmeted olid seotud kokku 5 ettekandega: Kristiina Tambets &#8220;Transdisciplinary Approach for Deciphering the Human Past with a Focus on the Genetics of the Uralic [&hellip;]<\/p>\n","protected":false},"author":1,"featured_media":0,"parent":0,"menu_order":0,"comment_status":"closed","ping_status":"closed","template":"","meta":{"_monsterinsights_skip_tracking":false,"_monsterinsights_sitenote_active":false,"_monsterinsights_sitenote_note":"","_monsterinsights_sitenote_category":0,"site-sidebar-layout":"no-sidebar","site-content-layout":"page-builder","ast-site-content-layout":"","site-content-style":"default","site-sidebar-style":"default","ast-global-header-display":"","ast-banner-title-visibility":"","ast-main-header-display":"","ast-hfb-above-header-display":"","ast-hfb-below-header-display":"","ast-hfb-mobile-header-display":"","site-post-title":"disabled","ast-breadcrumbs-content":"","ast-featured-img":"disabled","footer-sml-layout":"","theme-transparent-header-meta":"default","adv-header-id-meta":"","stick-header-meta":"","header-above-stick-meta":"","header-main-stick-meta":"","header-below-stick-meta":"","astra-migrate-meta-layouts":"default","ast-page-background-enabled":"default","ast-page-background-meta":{"desktop":{"background-color":"var(--ast-global-color-4)","background-image":"","background-repeat":"repeat","background-position":"center center","background-size":"auto","background-attachment":"scroll","background-type":"","background-media":"","overlay-type":"","overlay-color":"","overlay-opacity":"","overlay-gradient":""},"tablet":{"background-color":"","background-image":"","background-repeat":"repeat","background-position":"center center","background-size":"auto","background-attachment":"scroll","background-type":"","background-media":"","overlay-type":"","overlay-color":"","overlay-opacity":"","overlay-gradient":""},"mobile":{"background-color":"","background-image":"","background-repeat":"repeat","background-position":"center center","background-size":"auto","background-attachment":"scroll","background-type":"","background-media":"","overlay-type":"","overlay-color":"","overlay-opacity":"","overlay-gradient":""}},"ast-content-background-meta":{"desktop":{"background-color":"var(--ast-global-color-5)","background-image":"","background-repeat":"repeat","background-position":"center center","background-size":"auto","background-attachment":"scroll","background-type":"","background-media":"","overlay-type":"","overlay-color":"","overlay-opacity":"","overlay-gradient":""},"tablet":{"background-color":"var(--ast-global-color-5)","background-image":"","background-repeat":"repeat","background-position":"center center","background-size":"auto","background-attachment":"scroll","background-type":"","background-media":"","overlay-type":"","overlay-color":"","overlay-opacity":"","overlay-gradient":""},"mobile":{"background-color":"var(--ast-global-color-5)","background-image":"","background-repeat":"repeat","background-position":"center center","background-size":"auto","background-attachment":"scroll","background-type":"","background-media":"","overlay-type":"","overlay-color":"","overlay-opacity":"","overlay-gradient":""}},"footnotes":""},"class_list":["post-26","page","type-page","status-publish","hentry"],"_links":{"self":[{"href":"https:\/\/www.agl.ut.ee\/index.php?rest_route=\/wp\/v2\/pages\/26","targetHints":{"allow":["GET"]}}],"collection":[{"href":"https:\/\/www.agl.ut.ee\/index.php?rest_route=\/wp\/v2\/pages"}],"about":[{"href":"https:\/\/www.agl.ut.ee\/index.php?rest_route=\/wp\/v2\/types\/page"}],"author":[{"embeddable":true,"href":"https:\/\/www.agl.ut.ee\/index.php?rest_route=\/wp\/v2\/users\/1"}],"replies":[{"embeddable":true,"href":"https:\/\/www.agl.ut.ee\/index.php?rest_route=%2Fwp%2Fv2%2Fcomments&post=26"}],"version-history":[{"count":78,"href":"https:\/\/www.agl.ut.ee\/index.php?rest_route=\/wp\/v2\/pages\/26\/revisions"}],"predecessor-version":[{"id":1703,"href":"https:\/\/www.agl.ut.ee\/index.php?rest_route=\/wp\/v2\/pages\/26\/revisions\/1703"}],"wp:attachment":[{"href":"https:\/\/www.agl.ut.ee\/index.php?rest_route=%2Fwp%2Fv2%2Fmedia&parent=26"}],"curies":[{"name":"wp","href":"https:\/\/api.w.org\/{rel}","templated":true}]}}