{"id":1304,"date":"2023-10-10T07:11:27","date_gmt":"2023-10-10T07:11:27","guid":{"rendered":"https:\/\/www.agl.ut.ee\/?page_id=1304"},"modified":"2024-11-26T18:59:54","modified_gmt":"2024-11-26T18:59:54","slug":"oppeaasta-2023-24","status":"publish","type":"page","link":"https:\/\/www.agl.ut.ee\/?page_id=1304","title":{"rendered":"T\u00f6\u00f6toad ja k\u00fclalisloengud"},"content":{"rendered":"\t\t<div data-elementor-type=\"wp-page\" data-elementor-id=\"1304\" class=\"elementor elementor-1304\">\n\t\t\t\t\t\t<section class=\"elementor-section elementor-top-section elementor-element elementor-element-4366405 elementor-section-boxed elementor-section-height-default elementor-section-height-default\" data-id=\"4366405\" data-element_type=\"section\" data-e-type=\"section\">\n\t\t\t\t\t\t<div class=\"elementor-container elementor-column-gap-default\">\n\t\t\t\t\t<div class=\"elementor-column elementor-col-100 elementor-top-column elementor-element elementor-element-0ef68f9\" data-id=\"0ef68f9\" data-element_type=\"column\" data-e-type=\"column\">\n\t\t\t<div class=\"elementor-widget-wrap elementor-element-populated\">\n\t\t\t\t\t\t<div class=\"elementor-element elementor-element-1f74d4a elementor-widget elementor-widget-heading\" data-id=\"1f74d4a\" data-element_type=\"widget\" data-e-type=\"widget\" data-widget_type=\"heading.default\">\n\t\t\t\t<div class=\"elementor-widget-container\">\n\t\t\t\t\t<h2 class=\"elementor-heading-title elementor-size-default\">T\u00f6\u00f6toad ja k\u00fclalisloengud<\/h2>\t\t\t\t<\/div>\n\t\t\t\t<\/div>\n\t\t\t\t\t<\/div>\n\t\t<\/div>\n\t\t\t\t\t<\/div>\n\t\t<\/section>\n\t\t\t\t<section class=\"elementor-section elementor-top-section elementor-element elementor-element-b84196f elementor-section-boxed elementor-section-height-default elementor-section-height-default\" data-id=\"b84196f\" data-element_type=\"section\" data-e-type=\"section\">\n\t\t\t\t\t\t<div class=\"elementor-container elementor-column-gap-default\">\n\t\t\t\t\t<div class=\"elementor-column elementor-col-100 elementor-top-column elementor-element elementor-element-686d775\" data-id=\"686d775\" data-element_type=\"column\" data-e-type=\"column\">\n\t\t\t<div class=\"elementor-widget-wrap elementor-element-populated\">\n\t\t\t\t\t\t<div class=\"elementor-element elementor-element-df5debb elementor-widget elementor-widget-text-editor\" data-id=\"df5debb\" data-element_type=\"widget\" data-e-type=\"widget\" data-widget_type=\"text-editor.default\">\n\t\t\t\t<div class=\"elementor-widget-container\">\n\t\t\t\t\t\t\t\t\t<h4>2024<\/h4>\t\t\t\t\t\t\t\t<\/div>\n\t\t\t\t<\/div>\n\t\t\t\t<div class=\"elementor-element elementor-element-0f72fdb elementor-widget elementor-widget-text-editor\" data-id=\"0f72fdb\" data-element_type=\"widget\" data-e-type=\"widget\" data-widget_type=\"text-editor.default\">\n\t\t\t\t<div class=\"elementor-widget-container\">\n\t\t\t\t\t\t\t\t\t<h5 style=\"padding-left: 40px;\"><span style=\"color: #000080;\">Arheoloog &#8211; eri valdkondi \u00fchendav superkangelane<\/span><\/h5><h6 style=\"padding-left: 40px;\">Loeng \u00f5pilaste teadusfestivalil 9. aprillil 2024<\/h6><p style=\"padding-left: 40px;\">Loengupidaja Mari T\u00f5rv<\/p><h5 style=\"padding-left: 40px;\"><span style=\"color: #000080;\">H\u00f5bevalge rahvas. Kolme teadusharu vaatenurk Eesti rahva kujunemisele<\/span><\/h5><h6 style=\"padding-left: 40px;\"><span style=\"font-style: inherit; font-size: 1rem;\">T\u00f6\u00f6tuba Noorlingvistide keeleklubis 9. m\u00e4rtsil 2024<\/span><\/h6><p style=\"padding-left: 40px;\"><span style=\"font-style: inherit; font-size: 1rem;\">L<\/span><span style=\"font-size: 1rem;\">\u00e4biviijad Miina Norvik, Lehti Saag, Kristiina Tambets, Mari T\u00f5rv<\/span><\/p><h5 style=\"padding-left: 40px;\"><span style=\"color: #000080;\">DNA kui ajalooallikas<\/span><\/h5><h6 style=\"padding-left: 40px;\">Loeng Hugo Treffneri G\u00fcmnaasiumi g\u00fcmnasistidele 6. m\u00e4rtsil 2024<\/h6><p style=\"padding-left: 40px;\">Loengupidaja Kristiina Tambets<\/p>\t\t\t\t\t\t\t\t<\/div>\n\t\t\t\t<\/div>\n\t\t\t\t<div class=\"elementor-element elementor-element-9900977 elementor-widget elementor-widget-text-editor\" data-id=\"9900977\" data-element_type=\"widget\" data-e-type=\"widget\" data-widget_type=\"text-editor.default\">\n\t\t\t\t<div class=\"elementor-widget-container\">\n\t\t\t\t\t\t\t\t\t<h4>2022<\/h4>\t\t\t\t\t\t\t\t<\/div>\n\t\t\t\t<\/div>\n\t\t\t\t<div class=\"elementor-element elementor-element-48b49a9 elementor-widget elementor-widget-text-editor\" data-id=\"48b49a9\" data-element_type=\"widget\" data-e-type=\"widget\" data-widget_type=\"text-editor.default\">\n\t\t\t\t<div class=\"elementor-widget-container\">\n\t\t\t\t\t\t\t\t\t<h5 style=\"padding-left: 40px;\"><span style=\"color: #000080;\">Human lifespan from the perspective of different diciplines<\/span><\/h5><h6 style=\"padding-left: 40px;\">Doktorikoolide talvekooli t\u00f6\u00f6tuba 2. veebruaril Tartus<\/h6><p style=\"padding-left: 40px;\"><span style=\"font-weight: 400;\">L\u00e4biviijad Miina Norvik, Mari T\u00f5rv, Kristiina Tambets, Lehti Saag<\/span><span style=\"font-weight: 400;\">\u00a0<\/span><\/p><h5 style=\"padding-left: 40px;\"><span style=\"color: #000080;\">Soome-ugri kevadkool 4.-9. aprillil Tartus<\/span><\/h5><p style=\"padding-left: 40px;\"><span style=\"font-weight: 400;\">Loengupidajad mh Kristiina Tambets, Miina Norvik, Gerson Klumpp<\/span><\/p><h5 style=\"padding-left: 40px;\"><span style=\"color: #000080;\">Interdisciplinary human past and quantitative Uralistics<\/span><\/h5><h6 style=\"padding-left: 40px;\"><span style=\"font-size: 16px; font-style: normal;\">Loengukursus koost\u00f6\u00f6s Turu \u00dclikooliga (BEDLANi uurimisr\u00fchmaga) <\/span>21.-25. novembril Turus<\/h6><p style=\"padding-left: 40px;\"><span style=\"font-weight: 400;\">Loengupidajad mh Kristiina Tambets, Miina Norvik, Mari T\u00f5rv<\/span><\/p>\t\t\t\t\t\t\t\t<\/div>\n\t\t\t\t<\/div>\n\t\t\t\t\t<\/div>\n\t\t<\/div>\n\t\t\t\t\t<\/div>\n\t\t<\/section>\n\t\t\t\t<\/div>\n\t\t","protected":false},"excerpt":{"rendered":"<p>T\u00f6\u00f6toad ja k\u00fclalisloengud 2024 Arheoloog &#8211; eri valdkondi \u00fchendav superkangelane Loeng \u00f5pilaste teadusfestivalil 9. aprillil 2024 Loengupidaja Mari T\u00f5rv H\u00f5bevalge rahvas. Kolme teadusharu vaatenurk Eesti rahva kujunemisele T\u00f6\u00f6tuba Noorlingvistide keeleklubis 9. m\u00e4rtsil 2024 L\u00e4biviijad Miina Norvik, Lehti Saag, Kristiina Tambets, Mari T\u00f5rv DNA kui ajalooallikas Loeng Hugo Treffneri G\u00fcmnaasiumi g\u00fcmnasistidele 6. m\u00e4rtsil 2024 Loengupidaja Kristiina [&hellip;]<\/p>\n","protected":false},"author":3,"featured_media":0,"parent":0,"menu_order":0,"comment_status":"closed","ping_status":"closed","template":"","meta":{"_monsterinsights_skip_tracking":false,"_monsterinsights_sitenote_active":false,"_monsterinsights_sitenote_note":"","_monsterinsights_sitenote_category":0,"site-sidebar-layout":"no-sidebar","site-content-layout":"page-builder","ast-site-content-layout":"","site-content-style":"default","site-sidebar-style":"default","ast-global-header-display":"","ast-banner-title-visibility":"","ast-main-header-display":"","ast-hfb-above-header-display":"","ast-hfb-below-header-display":"","ast-hfb-mobile-header-display":"","site-post-title":"disabled","ast-breadcrumbs-content":"","ast-featured-img":"disabled","footer-sml-layout":"","theme-transparent-header-meta":"default","adv-header-id-meta":"","stick-header-meta":"","header-above-stick-meta":"","header-main-stick-meta":"","header-below-stick-meta":"","astra-migrate-meta-layouts":"default","ast-page-background-enabled":"default","ast-page-background-meta":{"desktop":{"background-color":"var(--ast-global-color-4)","background-image":"","background-repeat":"repeat","background-position":"center center","background-size":"auto","background-attachment":"scroll","background-type":"","background-media":"","overlay-type":"","overlay-color":"","overlay-opacity":"","overlay-gradient":""},"tablet":{"background-color":"","background-image":"","background-repeat":"repeat","background-position":"center center","background-size":"auto","background-attachment":"scroll","background-type":"","background-media":"","overlay-type":"","overlay-color":"","overlay-opacity":"","overlay-gradient":""},"mobile":{"background-color":"","background-image":"","background-repeat":"repeat","background-position":"center center","background-size":"auto","background-attachment":"scroll","background-type":"","background-media":"","overlay-type":"","overlay-color":"","overlay-opacity":"","overlay-gradient":""}},"ast-content-background-meta":{"desktop":{"background-color":"var(--ast-global-color-5)","background-image":"","background-repeat":"repeat","background-position":"center center","background-size":"auto","background-attachment":"scroll","background-type":"","background-media":"","overlay-type":"","overlay-color":"","overlay-opacity":"","overlay-gradient":""},"tablet":{"background-color":"var(--ast-global-color-5)","background-image":"","background-repeat":"repeat","background-position":"center center","background-size":"auto","background-attachment":"scroll","background-type":"","background-media":"","overlay-type":"","overlay-color":"","overlay-opacity":"","overlay-gradient":""},"mobile":{"background-color":"var(--ast-global-color-5)","background-image":"","background-repeat":"repeat","background-position":"center center","background-size":"auto","background-attachment":"scroll","background-type":"","background-media":"","overlay-type":"","overlay-color":"","overlay-opacity":"","overlay-gradient":""}},"footnotes":""},"class_list":["post-1304","page","type-page","status-publish","hentry"],"_links":{"self":[{"href":"https:\/\/www.agl.ut.ee\/index.php?rest_route=\/wp\/v2\/pages\/1304","targetHints":{"allow":["GET"]}}],"collection":[{"href":"https:\/\/www.agl.ut.ee\/index.php?rest_route=\/wp\/v2\/pages"}],"about":[{"href":"https:\/\/www.agl.ut.ee\/index.php?rest_route=\/wp\/v2\/types\/page"}],"author":[{"embeddable":true,"href":"https:\/\/www.agl.ut.ee\/index.php?rest_route=\/wp\/v2\/users\/3"}],"replies":[{"embeddable":true,"href":"https:\/\/www.agl.ut.ee\/index.php?rest_route=%2Fwp%2Fv2%2Fcomments&post=1304"}],"version-history":[{"count":65,"href":"https:\/\/www.agl.ut.ee\/index.php?rest_route=\/wp\/v2\/pages\/1304\/revisions"}],"predecessor-version":[{"id":1709,"href":"https:\/\/www.agl.ut.ee\/index.php?rest_route=\/wp\/v2\/pages\/1304\/revisions\/1709"}],"wp:attachment":[{"href":"https:\/\/www.agl.ut.ee\/index.php?rest_route=%2Fwp%2Fv2%2Fmedia&parent=1304"}],"curies":[{"name":"wp","href":"https:\/\/api.w.org\/{rel}","templated":true}]}}